{"id":75188,"date":"2023-03-27T14:46:42","date_gmt":"2023-03-27T13:46:42","guid":{"rendered":"https:\/\/l2567pblzpn.preview.infomaniak.website\/politique-de-confidentialite-immensive\/"},"modified":"2024-11-28T10:19:17","modified_gmt":"2024-11-28T09:19:17","slug":"politique-de-confidentialite-immensive","status":"publish","type":"page","link":"https:\/\/www.immensive.com\/fr\/politique-de-confidentialite-immensive\/","title":{"rendered":"Politique de confidentialit\u00e9 (Immensive)"},"content":{"rendered":"<div class=\"wpb-content-wrapper\"><p>[vc_row row_height_percent=\u00a0\u00bb0&Prime; override_padding=\u00a0\u00bbyes\u00a0\u00bb h_padding=\u00a0\u00bb0&Prime; top_padding=\u00a0\u00bb0&Prime; bottom_padding=\u00a0\u00bb0&Prime; back_color=\u00a0\u00bbcolor-206537&Prime; back_image=\u00a0\u00bb66887&Prime; back_repeat=\u00a0\u00bbrepeat-x\u00a0\u00bb back_attachment=\u00a0\u00bbinherit\u00a0\u00bb back_position=\u00a0\u00bbcenter bottom\u00a0\u00bb overlay_alpha=\u00a0\u00bb50&Prime; equal_height=\u00a0\u00bbyes\u00a0\u00bb gutter_size=\u00a0\u00bb3&Prime; column_width_percent=\u00a0\u00bb100&Prime; shift_y=\u00a0\u00bb0&Prime; z_index=\u00a0\u00bb0&Prime; row_height_pixel=\u00a0\u00bb120&Prime; back_size=\u00a0\u00bbauto\u00a0\u00bb][vc_column column_width_percent=\u00a0\u00bb100&Prime; position_vertical=\u00a0\u00bbbottom\u00a0\u00bb align_horizontal=\u00a0\u00bbalign_center\u00a0\u00bb gutter_size=\u00a0\u00bb3&Prime; override_padding=\u00a0\u00bbyes\u00a0\u00bb column_padding=\u00a0\u00bb2&Prime; style=\u00a0\u00bbdark\u00a0\u00bb overlay_alpha=\u00a0\u00bb50&Prime; shift_x=\u00a0\u00bb0&Prime; shift_y=\u00a0\u00bb0&Prime; shift_y_down=\u00a0\u00bb0&Prime; z_index=\u00a0\u00bb0&Prime; medium_width=\u00a0\u00bb0&Prime; mobile_width=\u00a0\u00bb0&Prime; width=\u00a0\u00bb1\/1&Prime; css=\u00a0\u00bb.vc_custom_1519947016391{padding-bottom: 30px !important;}\u00a0\u00bb][vc_column_text css_animation=\u00a0\u00bbzoom-out\u00a0\u00bb]<\/p>\n<p style=\"font-size: 40px; line-height: 44px; font-weight: bold; font-family: Quicksand; text-align: center;\">Politique de confidentialit\u00e9<\/p>\n<p>[\/vc_column_text][vc_empty_space empty_h=\u00a0\u00bb1&Prime;][\/vc_column][\/vc_row][vc_row][vc_column width=\u00a0\u00bb1\/1&Prime;][vc_column_text uncode_shortcode_id=\u00a0\u00bb188024&Prime;]Immensive SA exploite le site web www.immensive.com. Cette page vous informe de nos politiques concernant la collecte, l&rsquo;utilisation et la divulgation des informations personnelles que nous recevons des utilisateurs du site.<\/p>\n<h2>Collecte et utilisation des informations<\/h2>\n<h3>Cookies<\/h3>\n<p>Les cookies sont des fichiers contenant une petite quantit\u00e9 de donn\u00e9es, qui peuvent inclure un identifiant unique anonyme. Les cookies sont envoy\u00e9s \u00e0 votre navigateur par un site web et stock\u00e9s sur le disque dur de votre ordinateur. Comme de nombreux sites, nous utilisons des \u00ab cookies \u00bb pour collecter des informations. Vous pouvez demander \u00e0 votre navigateur de refuser tous les cookies ou de vous indiquer quand un cookie est envoy\u00e9. <\/p>\n<h3>Analyses<\/h3>\n<p>Ce site web utilise les outils d&rsquo;analyse du web Google Analytics pour aider \u00e0 analyser l&rsquo;utilisation du site par ses utilisateurs. Ces outils utilisent des \u00ab cookies \u00bb, qui sont des fichiers texte plac\u00e9s sur votre ordinateur, pour collecter des informations standard du journal Internet et des informations sur le comportement des visiteurs sous une forme anonyme. Les informations g\u00e9n\u00e9r\u00e9es par les cookies concernant votre utilisation du site (y compris votre adresse IP) sont transmises \u00e0 Google. Ces informations sont ensuite utilis\u00e9es pour \u00e9valuer l&rsquo;utilisation du site par les visiteurs et pour compiler des rapports statistiques sur l&rsquo;activit\u00e9 du site \u00e0 l&rsquo;intention d&rsquo;Immensive SA. Nous n&rsquo;utiliserons jamais (et n&rsquo;autoriserons aucun tiers) l&rsquo;outil d&rsquo;analyse statistique pour suivre ou collecter des informations personnellement identifiables sur les visiteurs de notre site.<\/p>\n<h3>Liens externes<\/h3>\n<p>Ce site contient des liens (affili\u00e9s) vers d&rsquo;autres sites. Immensive SA n&rsquo;est pas responsable des pratiques en mati\u00e8re de protection de la vie priv\u00e9e ou du contenu de ces sites.[\/vc_column_text][\/vc_column][\/vc_row]<\/p>\n<\/div>","protected":false},"excerpt":{"rendered":"<p>[vc_row row_height_percent=\u00a0\u00bb0&Prime; override_padding=\u00a0\u00bbyes\u00a0\u00bb h_padding=\u00a0\u00bb0&Prime; top_padding=\u00a0\u00bb0&Prime; bottom_padding=\u00a0\u00bb0&Prime; back_color=\u00a0\u00bbcolor-206537&Prime; back_image=\u00a0\u00bb66887&Prime; back_repeat=\u00a0\u00bbrepeat-x\u00a0\u00bb back_attachment=\u00a0\u00bbinherit\u00a0\u00bb back_position=\u00a0\u00bbcenter bottom\u00a0\u00bb overlay_alpha=\u00a0\u00bb50&Prime; equal_height=\u00a0\u00bbyes\u00a0\u00bb gutter_size=\u00a0\u00bb3&Prime; column_width_percent=\u00a0\u00bb100&Prime; shift_y=\u00a0\u00bb0&Prime; z_index=\u00a0\u00bb0&Prime; row_height_pixel=\u00a0\u00bb120&Prime; back_size=\u00a0\u00bbauto\u00a0\u00bb][vc_column [&hellip;]<\/p>\n","protected":false},"author":9,"featured_media":71092,"parent":0,"menu_order":0,"comment_status":"closed","ping_status":"closed","template":"","meta":{"footnotes":""},"class_list":["post-75188","page","type-page","status-publish","has-post-thumbnail","hentry","page_category-entreprise"],"yoast_head":"<!-- This site is optimized with the Yoast SEO plugin v27.4 - https:\/\/yoast.com\/product\/yoast-seo-wordpress\/ -->\n<title>Politique de confidentialit\u00e9 (Immensive) - Immensive<\/title>\n<meta name=\"description\" content=\"Atracsys Interactive SA \/ Contact \u2013 Si\u00e8ge social et showroom \u00e0 Puidoux, pr\u00e8s de Lausanne, Suisse. Bureau et showroom \u00e0 Zoug, pr\u00e8s de Zurich.\" \/>\n<meta name=\"robots\" content=\"index, follow, max-snippet:-1, max-image-preview:large, max-video-preview:-1\" \/>\n<link rel=\"canonical\" href=\"https:\/\/www.immensive.com\/fr\/politique-de-confidentialite-immensive\/\" \/>\n<meta property=\"og:locale\" content=\"fr_FR\" \/>\n<meta property=\"og:type\" content=\"article\" \/>\n<meta property=\"og:title\" content=\"Politique de confidentialit\u00e9 (Immensive) - Immensive\" \/>\n<meta property=\"og:description\" content=\"Atracsys Interactive SA \/ Contact \u2013 Si\u00e8ge social et showroom \u00e0 Puidoux, pr\u00e8s de Lausanne, Suisse. Bureau et showroom \u00e0 Zoug, pr\u00e8s de Zurich.\" \/>\n<meta property=\"og:url\" content=\"https:\/\/www.immensive.com\/fr\/politique-de-confidentialite-immensive\/\" \/>\n<meta property=\"og:site_name\" content=\"Immensive\" \/>\n<meta property=\"article:publisher\" content=\"https:\/\/www.facebook.com\/Immensive\" \/>\n<meta property=\"article:modified_time\" content=\"2024-11-28T09:19:17+00:00\" \/>\n<meta property=\"og:image\" content=\"https:\/\/www.immensive.com\/wp-content\/uploads\/2017\/09\/Puidoux-int_showroom-01_s.png\" \/>\n\t<meta property=\"og:image:width\" content=\"1000\" \/>\n\t<meta property=\"og:image:height\" content=\"680\" \/>\n\t<meta property=\"og:image:type\" content=\"image\/png\" \/>\n<meta name=\"twitter:card\" content=\"summary_large_image\" \/>\n<meta name=\"twitter:site\" content=\"@immensive_sa\" \/>\n<meta name=\"twitter:label1\" content=\"Dur\u00e9e de lecture estim\u00e9e\" \/>\n\t<meta name=\"twitter:data1\" content=\"2 minutes\" \/>\n<script type=\"application\/ld+json\" class=\"yoast-schema-graph\">{\"@context\":\"https:\\\/\\\/schema.org\",\"@graph\":[{\"@type\":\"WebPage\",\"@id\":\"https:\\\/\\\/www.immensive.com\\\/fr\\\/politique-de-confidentialite-immensive\\\/\",\"url\":\"https:\\\/\\\/www.immensive.com\\\/fr\\\/politique-de-confidentialite-immensive\\\/\",\"name\":\"Politique de confidentialit\u00e9 (Immensive) - Immensive\",\"isPartOf\":{\"@id\":\"https:\\\/\\\/www.immensive.com\\\/fr\\\/#website\"},\"primaryImageOfPage\":{\"@id\":\"https:\\\/\\\/www.immensive.com\\\/fr\\\/politique-de-confidentialite-immensive\\\/#primaryimage\"},\"image\":{\"@id\":\"https:\\\/\\\/www.immensive.com\\\/fr\\\/politique-de-confidentialite-immensive\\\/#primaryimage\"},\"thumbnailUrl\":\"https:\\\/\\\/www.immensive.com\\\/wp-content\\\/uploads\\\/2017\\\/09\\\/Puidoux-int_showroom-01_s.png\",\"datePublished\":\"2023-03-27T13:46:42+00:00\",\"dateModified\":\"2024-11-28T09:19:17+00:00\",\"description\":\"Atracsys Interactive SA \\\/ Contact \u2013 Si\u00e8ge social et showroom \u00e0 Puidoux, pr\u00e8s de Lausanne, Suisse. Bureau et showroom \u00e0 Zoug, pr\u00e8s de Zurich.\",\"breadcrumb\":{\"@id\":\"https:\\\/\\\/www.immensive.com\\\/fr\\\/politique-de-confidentialite-immensive\\\/#breadcrumb\"},\"inLanguage\":\"fr-FR\",\"potentialAction\":[{\"@type\":\"ReadAction\",\"target\":[\"https:\\\/\\\/www.immensive.com\\\/fr\\\/politique-de-confidentialite-immensive\\\/\"]}]},{\"@type\":\"ImageObject\",\"inLanguage\":\"fr-FR\",\"@id\":\"https:\\\/\\\/www.immensive.com\\\/fr\\\/politique-de-confidentialite-immensive\\\/#primaryimage\",\"url\":\"https:\\\/\\\/www.immensive.com\\\/wp-content\\\/uploads\\\/2017\\\/09\\\/Puidoux-int_showroom-01_s.png\",\"contentUrl\":\"https:\\\/\\\/www.immensive.com\\\/wp-content\\\/uploads\\\/2017\\\/09\\\/Puidoux-int_showroom-01_s.png\",\"width\":1000,\"height\":680},{\"@type\":\"BreadcrumbList\",\"@id\":\"https:\\\/\\\/www.immensive.com\\\/fr\\\/politique-de-confidentialite-immensive\\\/#breadcrumb\",\"itemListElement\":[{\"@type\":\"ListItem\",\"position\":1,\"name\":\"Home\",\"item\":\"https:\\\/\\\/www.immensive.com\\\/fr\\\/\"},{\"@type\":\"ListItem\",\"position\":2,\"name\":\"Politique de confidentialit\u00e9 (Immensive)\"}]},{\"@type\":\"WebSite\",\"@id\":\"https:\\\/\\\/www.immensive.com\\\/fr\\\/#website\",\"url\":\"https:\\\/\\\/www.immensive.com\\\/fr\\\/\",\"name\":\"Immensive\",\"description\":\"Interactive Solutions and Corporate Metaverse\",\"publisher\":{\"@id\":\"https:\\\/\\\/www.immensive.com\\\/fr\\\/#organization\"},\"potentialAction\":[{\"@type\":\"SearchAction\",\"target\":{\"@type\":\"EntryPoint\",\"urlTemplate\":\"https:\\\/\\\/www.immensive.com\\\/fr\\\/?s={search_term_string}\"},\"query-input\":{\"@type\":\"PropertyValueSpecification\",\"valueRequired\":true,\"valueName\":\"search_term_string\"}}],\"inLanguage\":\"fr-FR\"},{\"@type\":\"Organization\",\"@id\":\"https:\\\/\\\/www.immensive.com\\\/fr\\\/#organization\",\"name\":\"Immensive SA\",\"url\":\"https:\\\/\\\/www.immensive.com\\\/fr\\\/\",\"logo\":{\"@type\":\"ImageObject\",\"inLanguage\":\"fr-FR\",\"@id\":\"https:\\\/\\\/www.immensive.com\\\/fr\\\/#\\\/schema\\\/logo\\\/image\\\/\",\"url\":\"https:\\\/\\\/www.immensive.com\\\/wp-content\\\/uploads\\\/2024\\\/10\\\/Logo_Standard_Web-1.png\",\"contentUrl\":\"https:\\\/\\\/www.immensive.com\\\/wp-content\\\/uploads\\\/2024\\\/10\\\/Logo_Standard_Web-1.png\",\"width\":982,\"height\":296,\"caption\":\"Immensive SA\"},\"image\":{\"@id\":\"https:\\\/\\\/www.immensive.com\\\/fr\\\/#\\\/schema\\\/logo\\\/image\\\/\"},\"sameAs\":[\"https:\\\/\\\/www.facebook.com\\\/Immensive\",\"https:\\\/\\\/x.com\\\/immensive_sa\",\"https:\\\/\\\/www.instagram.com\\\/immensive\\\/\",\"https:\\\/\\\/www.linkedin.com\\\/company\\\/immensive_sa\",\"https:\\\/\\\/www.youtube.com\\\/channel\\\/UCQh4ErJgBoTQ9p2b4F0QmZg\"]}]}<\/script>\n<!-- \/ Yoast SEO plugin. -->","yoast_head_json":{"title":"Politique de confidentialit\u00e9 (Immensive) - Immensive","description":"Atracsys Interactive SA \/ Contact \u2013 Si\u00e8ge social et showroom \u00e0 Puidoux, pr\u00e8s de Lausanne, Suisse. Bureau et showroom \u00e0 Zoug, pr\u00e8s de Zurich.","robots":{"index":"index","follow":"follow","max-snippet":"max-snippet:-1","max-image-preview":"max-image-preview:large","max-video-preview":"max-video-preview:-1"},"canonical":"https:\/\/www.immensive.com\/fr\/politique-de-confidentialite-immensive\/","og_locale":"fr_FR","og_type":"article","og_title":"Politique de confidentialit\u00e9 (Immensive) - Immensive","og_description":"Atracsys Interactive SA \/ Contact \u2013 Si\u00e8ge social et showroom \u00e0 Puidoux, pr\u00e8s de Lausanne, Suisse. Bureau et showroom \u00e0 Zoug, pr\u00e8s de Zurich.","og_url":"https:\/\/www.immensive.com\/fr\/politique-de-confidentialite-immensive\/","og_site_name":"Immensive","article_publisher":"https:\/\/www.facebook.com\/Immensive","article_modified_time":"2024-11-28T09:19:17+00:00","og_image":[{"width":1000,"height":680,"url":"https:\/\/www.immensive.com\/wp-content\/uploads\/2017\/09\/Puidoux-int_showroom-01_s.png","type":"image\/png"}],"twitter_card":"summary_large_image","twitter_site":"@immensive_sa","twitter_misc":{"Dur\u00e9e de lecture estim\u00e9e":"2 minutes"},"schema":{"@context":"https:\/\/schema.org","@graph":[{"@type":"WebPage","@id":"https:\/\/www.immensive.com\/fr\/politique-de-confidentialite-immensive\/","url":"https:\/\/www.immensive.com\/fr\/politique-de-confidentialite-immensive\/","name":"Politique de confidentialit\u00e9 (Immensive) - Immensive","isPartOf":{"@id":"https:\/\/www.immensive.com\/fr\/#website"},"primaryImageOfPage":{"@id":"https:\/\/www.immensive.com\/fr\/politique-de-confidentialite-immensive\/#primaryimage"},"image":{"@id":"https:\/\/www.immensive.com\/fr\/politique-de-confidentialite-immensive\/#primaryimage"},"thumbnailUrl":"https:\/\/www.immensive.com\/wp-content\/uploads\/2017\/09\/Puidoux-int_showroom-01_s.png","datePublished":"2023-03-27T13:46:42+00:00","dateModified":"2024-11-28T09:19:17+00:00","description":"Atracsys Interactive SA \/ Contact \u2013 Si\u00e8ge social et showroom \u00e0 Puidoux, pr\u00e8s de Lausanne, Suisse. Bureau et showroom \u00e0 Zoug, pr\u00e8s de Zurich.","breadcrumb":{"@id":"https:\/\/www.immensive.com\/fr\/politique-de-confidentialite-immensive\/#breadcrumb"},"inLanguage":"fr-FR","potentialAction":[{"@type":"ReadAction","target":["https:\/\/www.immensive.com\/fr\/politique-de-confidentialite-immensive\/"]}]},{"@type":"ImageObject","inLanguage":"fr-FR","@id":"https:\/\/www.immensive.com\/fr\/politique-de-confidentialite-immensive\/#primaryimage","url":"https:\/\/www.immensive.com\/wp-content\/uploads\/2017\/09\/Puidoux-int_showroom-01_s.png","contentUrl":"https:\/\/www.immensive.com\/wp-content\/uploads\/2017\/09\/Puidoux-int_showroom-01_s.png","width":1000,"height":680},{"@type":"BreadcrumbList","@id":"https:\/\/www.immensive.com\/fr\/politique-de-confidentialite-immensive\/#breadcrumb","itemListElement":[{"@type":"ListItem","position":1,"name":"Home","item":"https:\/\/www.immensive.com\/fr\/"},{"@type":"ListItem","position":2,"name":"Politique de confidentialit\u00e9 (Immensive)"}]},{"@type":"WebSite","@id":"https:\/\/www.immensive.com\/fr\/#website","url":"https:\/\/www.immensive.com\/fr\/","name":"Immensive","description":"Interactive Solutions and Corporate Metaverse","publisher":{"@id":"https:\/\/www.immensive.com\/fr\/#organization"},"potentialAction":[{"@type":"SearchAction","target":{"@type":"EntryPoint","urlTemplate":"https:\/\/www.immensive.com\/fr\/?s={search_term_string}"},"query-input":{"@type":"PropertyValueSpecification","valueRequired":true,"valueName":"search_term_string"}}],"inLanguage":"fr-FR"},{"@type":"Organization","@id":"https:\/\/www.immensive.com\/fr\/#organization","name":"Immensive SA","url":"https:\/\/www.immensive.com\/fr\/","logo":{"@type":"ImageObject","inLanguage":"fr-FR","@id":"https:\/\/www.immensive.com\/fr\/#\/schema\/logo\/image\/","url":"https:\/\/www.immensive.com\/wp-content\/uploads\/2024\/10\/Logo_Standard_Web-1.png","contentUrl":"https:\/\/www.immensive.com\/wp-content\/uploads\/2024\/10\/Logo_Standard_Web-1.png","width":982,"height":296,"caption":"Immensive SA"},"image":{"@id":"https:\/\/www.immensive.com\/fr\/#\/schema\/logo\/image\/"},"sameAs":["https:\/\/www.facebook.com\/Immensive","https:\/\/x.com\/immensive_sa","https:\/\/www.instagram.com\/immensive\/","https:\/\/www.linkedin.com\/company\/immensive_sa","https:\/\/www.youtube.com\/channel\/UCQh4ErJgBoTQ9p2b4F0QmZg"]}]}},"_links":{"self":[{"href":"https:\/\/www.immensive.com\/fr\/wp-json\/wp\/v2\/pages\/75188","targetHints":{"allow":["GET"]}}],"collection":[{"href":"https:\/\/www.immensive.com\/fr\/wp-json\/wp\/v2\/pages"}],"about":[{"href":"https:\/\/www.immensive.com\/fr\/wp-json\/wp\/v2\/types\/page"}],"author":[{"embeddable":true,"href":"https:\/\/www.immensive.com\/fr\/wp-json\/wp\/v2\/users\/9"}],"replies":[{"embeddable":true,"href":"https:\/\/www.immensive.com\/fr\/wp-json\/wp\/v2\/comments?post=75188"}],"version-history":[{"count":4,"href":"https:\/\/www.immensive.com\/fr\/wp-json\/wp\/v2\/pages\/75188\/revisions"}],"predecessor-version":[{"id":76050,"href":"https:\/\/www.immensive.com\/fr\/wp-json\/wp\/v2\/pages\/75188\/revisions\/76050"}],"wp:featuredmedia":[{"embeddable":true,"href":"https:\/\/www.immensive.com\/fr\/wp-json\/wp\/v2\/media\/71092"}],"wp:attachment":[{"href":"https:\/\/www.immensive.com\/fr\/wp-json\/wp\/v2\/media?parent=75188"}],"curies":[{"name":"wp","href":"https:\/\/api.w.org\/{rel}","templated":true}]}}