{"id":73444,"date":"2017-09-26T15:46:30","date_gmt":"2017-09-26T14:46:30","guid":{"rendered":"https:\/\/www.immensive.com\/qui-sommes-nous\/"},"modified":"2025-11-26T17:16:36","modified_gmt":"2025-11-26T16:16:36","slug":"qui-sommes-nous","status":"publish","type":"page","link":"https:\/\/www.immensive.com\/fr\/qui-sommes-nous\/","title":{"rendered":"\u00c0 propos"},"content":{"rendered":"<div class=\"wpb-content-wrapper\"><p>[vc_row row_height_percent=\u00a0\u00bb0&Prime; override_padding=\u00a0\u00bbyes\u00a0\u00bb h_padding=\u00a0\u00bb0&Prime; top_padding=\u00a0\u00bb0&Prime; bottom_padding=\u00a0\u00bb0&Prime; back_color=\u00a0\u00bbcolor-206537&Prime; overlay_alpha=\u00a0\u00bb50&Prime; equal_height=\u00a0\u00bbyes\u00a0\u00bb gutter_size=\u00a0\u00bb3&Prime; column_width_percent=\u00a0\u00bb100&Prime; shift_y=\u00a0\u00bb0&Prime; z_index=\u00a0\u00bb0&Prime; row_height_pixel=\u00a0\u00bb120&Prime; uncode_shortcode_id=\u00a0\u00bb196385&Prime; back_color_type=\u00a0\u00bbuncode-palette\u00a0\u00bb][vc_column column_width_percent=\u00a0\u00bb100&Prime; position_vertical=\u00a0\u00bbbottom\u00a0\u00bb align_horizontal=\u00a0\u00bbalign_center\u00a0\u00bb gutter_size=\u00a0\u00bb3&Prime; override_padding=\u00a0\u00bbyes\u00a0\u00bb column_padding=\u00a0\u00bb2&Prime; style=\u00a0\u00bbdark\u00a0\u00bb overlay_alpha=\u00a0\u00bb50&Prime; shift_x=\u00a0\u00bb0&Prime; shift_y=\u00a0\u00bb0&Prime; shift_y_down=\u00a0\u00bb0&Prime; z_index=\u00a0\u00bb0&Prime; medium_width=\u00a0\u00bb0&Prime; mobile_width=\u00a0\u00bb0&Prime; width=\u00a0\u00bb1\/1&Prime; css=\u00a0\u00bb.vc_custom_1519947016391{padding-bottom: 30px !important;}\u00a0\u00bb][vc_column_text css_animation=\u00a0\u00bbzoom-out\u00a0\u00bb uncode_shortcode_id=\u00a0\u00bb343788&Prime;]<\/p>\n<p style=\"font-size: 40px; line-height: 44px; font-weight: bold; font-family: Quicksand; text-align: center;\">\u00c0 propos<\/p>\n<p>[\/vc_column_text][vc_empty_space empty_h=\u00a0\u00bb1&Prime;][\/vc_column][\/vc_row][vc_row row_height_percent=\u00a0\u00bb0&Prime; overlay_alpha=\u00a0\u00bb50&Prime; equal_height=\u00a0\u00bbyes\u00a0\u00bb gutter_size=\u00a0\u00bb3&Prime; column_width_percent=\u00a0\u00bb100&Prime; shift_y=\u00a0\u00bb0&Prime; z_index=\u00a0\u00bb0&Prime;][vc_column column_width_percent=\u00a0\u00bb100&Prime; gutter_size=\u00a0\u00bb3&Prime; override_padding=\u00a0\u00bbyes\u00a0\u00bb column_padding=\u00a0\u00bb2&Prime; overlay_alpha=\u00a0\u00bb50&Prime; shift_x=\u00a0\u00bb0&Prime; shift_y=\u00a0\u00bb0&Prime; shift_y_down=\u00a0\u00bb0&Prime; z_index=\u00a0\u00bb0&Prime; medium_visibility=\u00a0\u00bbyes\u00a0\u00bb medium_width=\u00a0\u00bb0&Prime; mobile_visibility=\u00a0\u00bbyes\u00a0\u00bb mobile_width=\u00a0\u00bb0&Prime; width=\u00a0\u00bb1\/1&Prime;][vc_column_text uncode_shortcode_id=\u00a0\u00bb181689&Prime;]<\/p>\n<h2 style=\"font-family: Quicksand; text-align: center;\">Immensive SA est une soci\u00e9t\u00e9 suisse de d\u00e9veloppement de logiciels bas\u00e9e \u00e0 Lausanne et \u00e0 Zoug. Nous d\u00e9veloppons en permanence des solutions interactives innovantes pour les environnements virtuels et en direct. <\/h2>\n<p>[\/vc_column_text][\/vc_column][\/vc_row][vc_row row_height_percent=\u00a0\u00bb0&Prime; back_color=\u00a0\u00bbcolor-lxmt\u00a0\u00bb overlay_alpha=\u00a0\u00bb50&Prime; equal_height=\u00a0\u00bbyes\u00a0\u00bb gutter_size=\u00a0\u00bb3&Prime; column_width_percent=\u00a0\u00bb100&Prime; shift_y=\u00a0\u00bb0&Prime; z_index=\u00a0\u00bb0&Prime;][vc_column column_width_percent=\u00a0\u00bb100&Prime; position_vertical=\u00a0\u00bbmiddle\u00a0\u00bb gutter_size=\u00a0\u00bb2&Prime; overlay_alpha=\u00a0\u00bb50&Prime; shift_x=\u00a0\u00bb0&Prime; shift_y=\u00a0\u00bb0&Prime; shift_y_down=\u00a0\u00bb0&Prime; z_index=\u00a0\u00bb0&Prime; medium_width=\u00a0\u00bb0&Prime; mobile_width=\u00a0\u00bb0&Prime; width=\u00a0\u00bb1\/1&Prime; css=\u00a0\u00bb.vc_custom_1592833290266{padding-top: 0px !important;padding-right: 0px !important;padding-bottom: 0px !important;padding-left: 0px !important;}\u00a0\u00bb][vc_column_text uncode_shortcode_id=\u00a0\u00bb686665&Prime;]<\/p>\n<h3 style=\"font-family: Quicksand; text-align: left;\">\u00c0 propos de nous &#8211; Nos valeurs cl\u00e9s<\/h3>\n<p>[\/vc_column_text][vc_empty_space empty_h=\u00a0\u00bb2&Prime;][vc_row_inner][vc_column_inner width=\u00a0\u00bb1\/4&Prime;][vc_column_text]<\/p>\n<h4 style=\"font-size: 18px; font-family: Quicksand;\">La satisfaction du client en priorit\u00e9<\/h4>\n<p style=\"text-align: left;\">Nous sommes convaincus que fournir le meilleur produit possible est plus important que la rentabilit\u00e9 \u00e0 court terme. C&rsquo;est pourquoi nous ferons toujours un effort suppl\u00e9mentaire pour obtenir la pleine satisfaction de nos clients. <\/p>\n<p>[\/vc_column_text][\/vc_column_inner][vc_column_inner width=\u00a0\u00bb1\/4&Prime;][vc_column_text]<\/p>\n<h4 style=\"font-size: 18px; font-family: Quicksand;\">L&rsquo;amour des d\u00e9fis<\/h4>\n<p style=\"text-align: left;\">Nous sommes motiv\u00e9s \u00e0 relever de nouveaux d\u00e9fis, explorer la technologie, cr\u00e9er de nouveaux concepts et \u00e9laborer de nouvelles exp\u00e9riences num\u00e9riques interactives. L&rsquo;innovation est dans notre ADN. <\/p>\n<p>[\/vc_column_text][\/vc_column_inner][vc_column_inner width=\u00a0\u00bb1\/4&Prime;][vc_column_text]<\/p>\n<h4 style=\"font-size: 18px; font-family: Quicksand;\">Ensemble, c&rsquo;est mieux<\/h4>\n<p style=\"text-align: left;\">Pour continuer \u00e0 faire ce que nous aimons le plus et ce que nous maitrisons le mieux, nous avons besoin de partenaires solides qui nous aident pour tout le reste. Mais il n&rsquo;est pas seulement important pour les entreprises d&rsquo;entretenir de telles relations, il est aussi plus amusant et plus enrichissant de travailler avec des personnes talentueuses venant d&rsquo;horizons diff\u00e9rents. <\/p>\n<p>[\/vc_column_text][\/vc_column_inner][vc_column_inner width=\u00a0\u00bb1\/4&Prime;][vc_column_text]<\/p>\n<h4 style=\"font-size: 18px; font-family: Quicksand;\">Heureux au travail<\/h4>\n<p style=\"text-align: left;\">Tout le monde devrait appr\u00e9cier son travail quotidien, en faisant des activit\u00e9s amusantes avec des gens formidables. Nous visons \u00e0 cr\u00e9er le meilleur environnement possible, o\u00f9 chaque individu est hautement respect\u00e9. <\/p>\n<p>[\/vc_column_text][\/vc_column_inner][\/vc_row_inner][vc_empty_space empty_h=\u00a0\u00bb2&Prime;][\/vc_column][\/vc_row][vc_row unlock_row_content=\u00a0\u00bbyes\u00a0\u00bb row_height_percent=\u00a0\u00bb0&Prime; overlay_alpha=\u00a0\u00bb50&Prime; gutter_size=\u00a0\u00bb3&Prime; column_width_percent=\u00a0\u00bb100&Prime; shift_y=\u00a0\u00bb0&Prime; z_index=\u00a0\u00bb0&Prime;][vc_column width=\u00a0\u00bb1\/1&Prime;][vc_row_inner][vc_column_inner width=\u00a0\u00bb1\/4&Prime;][\/vc_column_inner][vc_column_inner width=\u00a0\u00bb1\/2&Prime;][vc_column_text]<\/p>\n<h3 style=\"font-family: Quicksand;\">Culture d&rsquo;\u00e9quipe<\/h3>\n<p>[\/vc_column_text][vc_column_text text_lead=\u00a0\u00bbyes\u00a0\u00bb uncode_shortcode_id=\u00a0\u00bb169021&Prime;]D\u00e9couvrez nos derni\u00e8res nouvelles, \u00e9v\u00e8nements, fonctionnalit\u00e9s et d&rsquo;autres informations en visitant <a href=\"https:\/\/www.immensive.com\/fr\/blog\/\" target=\"_blank\" rel=\"noopener\">notre blog<\/a>.[\/vc_column_text][\/vc_column_inner][vc_column_inner width=\u00a0\u00bb1\/4&Prime;][\/vc_column_inner][\/vc_row_inner][uncode_index el_id=\u00a0\u00bbindex-4487854353&Prime; loop=\u00a0\u00bbsize:9|order_by:rand|post_type:post|categories:106|taxonomy_count:10&Prime; screen_lg=\u00a0\u00bb1000&Prime; screen_md=\u00a0\u00bb600&Prime; screen_sm=\u00a0\u00bb480&Prime; gutter_size=\u00a0\u00bb3&Prime; post_items=\u00a0\u00bbmedia|featured|onpost|original,title,category|nobg|bottomright|display-icon\u00a0\u00bb portfolio_items=\u00a0\u00bbmedia|featured|onpost|original,title,category|nobg|relative|hide-icon\u00a0\u00bb single_text=\u00a0\u00bboverlay\u00a0\u00bb single_width=\u00a0\u00bb3&Prime; images_size=\u00a0\u00bbsixteen-nine\u00a0\u00bb single_overlay_color=\u00a0\u00bbcolor-jevc\u00a0\u00bb single_overlay_coloration=\u00a0\u00bbbottom_gradient\u00a0\u00bb single_overlay_opacity=\u00a0\u00bb80&Prime; single_overlay_visible=\u00a0\u00bbyes\u00a0\u00bb single_text_visible=\u00a0\u00bbyes\u00a0\u00bb single_text_anim_type=\u00a0\u00bbbtt\u00a0\u00bb single_v_position=\u00a0\u00bbbottom\u00a0\u00bb single_padding=\u00a0\u00bb1&Prime; single_text_reduced=\u00a0\u00bbyes\u00a0\u00bb single_title_family=\u00a0\u00bbfont-129489&Prime; single_text_lead=\u00a0\u00bbyes\u00a0\u00bb single_shadow=\u00a0\u00bbyes\u00a0\u00bb single_border=\u00a0\u00bbyes\u00a0\u00bb single_css_animation=\u00a0\u00bbzoom-in\u00a0\u00bb single_animation_speed=\u00a0\u00bb300&Prime; title=\u00a0\u00bbPortfolio Archive\u00a0\u00bb uncode_shortcode_id=\u00a0\u00bb125981&Prime;][\/vc_column][\/vc_row]<\/p>\n<\/div>","protected":false},"excerpt":{"rendered":"<p>[vc_row row_height_percent=\u00a0\u00bb0&Prime; override_padding=\u00a0\u00bbyes\u00a0\u00bb h_padding=\u00a0\u00bb0&Prime; top_padding=\u00a0\u00bb0&Prime; bottom_padding=\u00a0\u00bb0&Prime; back_color=\u00a0\u00bbcolor-206537&Prime; overlay_alpha=\u00a0\u00bb50&Prime; equal_height=\u00a0\u00bbyes\u00a0\u00bb gutter_size=\u00a0\u00bb3&Prime; column_width_percent=\u00a0\u00bb100&Prime; shift_y=\u00a0\u00bb0&Prime; z_index=\u00a0\u00bb0&Prime; row_height_pixel=\u00a0\u00bb120&Prime; uncode_shortcode_id=\u00a0\u00bb196385&Prime; back_color_type=\u00a0\u00bbuncode-palette\u00a0\u00bb][vc_column column_width_percent=\u00a0\u00bb100&Prime; position_vertical=\u00a0\u00bbbottom\u00a0\u00bb align_horizontal=\u00a0\u00bbalign_center\u00a0\u00bb gutter_size=\u00a0\u00bb3&Prime; [&hellip;]<\/p>\n","protected":false},"author":7,"featured_media":71922,"parent":0,"menu_order":0,"comment_status":"closed","ping_status":"closed","template":"","meta":{"footnotes":""},"class_list":["post-73444","page","type-page","status-publish","has-post-thumbnail","hentry","page_category-entreprise"],"yoast_head":"<!-- This site is optimized with the Yoast SEO plugin v27.4 - https:\/\/yoast.com\/product\/yoast-seo-wordpress\/ -->\n<title>\u00c0 propos - Immensive - Solutions interactives innovantes<\/title>\n<meta name=\"description\" content=\"\u00c0 propos - D\u00e9couvrez Immensive, un leader Suisse dans la r\u00e9alit\u00e9 virtuelle \/ augment\u00e9e, et des solutions interactives, en s&#039;engageant \u00e0 satisfaire ses clients et \u00e0 innover dans le domaine du num\u00e9rique.\" \/>\n<meta name=\"robots\" content=\"index, follow, max-snippet:-1, max-image-preview:large, max-video-preview:-1\" \/>\n<link rel=\"canonical\" href=\"https:\/\/www.immensive.com\/fr\/qui-sommes-nous\/\" \/>\n<meta property=\"og:locale\" content=\"fr_FR\" \/>\n<meta property=\"og:type\" content=\"article\" \/>\n<meta property=\"og:title\" content=\"\u00c0 propos - Immensive - Solutions interactives innovantes\" \/>\n<meta property=\"og:description\" content=\"\u00c0 propos - D\u00e9couvrez Immensive, un leader Suisse dans la r\u00e9alit\u00e9 virtuelle \/ augment\u00e9e, et des solutions interactives, en s&#039;engageant \u00e0 satisfaire ses clients et \u00e0 innover dans le domaine du num\u00e9rique.\" \/>\n<meta property=\"og:url\" content=\"https:\/\/www.immensive.com\/fr\/qui-sommes-nous\/\" \/>\n<meta property=\"og:site_name\" content=\"Immensive\" \/>\n<meta property=\"article:publisher\" content=\"https:\/\/www.facebook.com\/Immensive\" \/>\n<meta property=\"article:modified_time\" content=\"2025-11-26T16:16:36+00:00\" \/>\n<meta property=\"og:image\" content=\"https:\/\/www.immensive.com\/wp-content\/uploads\/2020\/06\/PopupExperience-tests2-FHD.jpg\" \/>\n\t<meta property=\"og:image:width\" content=\"1920\" \/>\n\t<meta property=\"og:image:height\" content=\"1080\" \/>\n\t<meta property=\"og:image:type\" content=\"image\/jpeg\" \/>\n<meta name=\"twitter:card\" content=\"summary_large_image\" \/>\n<meta name=\"twitter:site\" content=\"@immensive_sa\" \/>\n<meta name=\"twitter:label1\" content=\"Dur\u00e9e de lecture estim\u00e9e\" \/>\n\t<meta name=\"twitter:data1\" content=\"4 minutes\" \/>\n<script type=\"application\/ld+json\" class=\"yoast-schema-graph\">{\"@context\":\"https:\\\/\\\/schema.org\",\"@graph\":[{\"@type\":\"WebPage\",\"@id\":\"https:\\\/\\\/www.immensive.com\\\/fr\\\/qui-sommes-nous\\\/\",\"url\":\"https:\\\/\\\/www.immensive.com\\\/fr\\\/qui-sommes-nous\\\/\",\"name\":\"\u00c0 propos - Immensive - Solutions interactives innovantes\",\"isPartOf\":{\"@id\":\"https:\\\/\\\/www.immensive.com\\\/fr\\\/#website\"},\"primaryImageOfPage\":{\"@id\":\"https:\\\/\\\/www.immensive.com\\\/fr\\\/qui-sommes-nous\\\/#primaryimage\"},\"image\":{\"@id\":\"https:\\\/\\\/www.immensive.com\\\/fr\\\/qui-sommes-nous\\\/#primaryimage\"},\"thumbnailUrl\":\"https:\\\/\\\/www.immensive.com\\\/wp-content\\\/uploads\\\/2020\\\/06\\\/PopupExperience-tests2-FHD.jpg\",\"datePublished\":\"2017-09-26T14:46:30+00:00\",\"dateModified\":\"2025-11-26T16:16:36+00:00\",\"description\":\"\u00c0 propos - D\u00e9couvrez Immensive, un leader Suisse dans la r\u00e9alit\u00e9 virtuelle \\\/ augment\u00e9e, et des solutions interactives, en s'engageant \u00e0 satisfaire ses clients et \u00e0 innover dans le domaine du num\u00e9rique.\",\"breadcrumb\":{\"@id\":\"https:\\\/\\\/www.immensive.com\\\/fr\\\/qui-sommes-nous\\\/#breadcrumb\"},\"inLanguage\":\"fr-FR\",\"potentialAction\":[{\"@type\":\"ReadAction\",\"target\":[\"https:\\\/\\\/www.immensive.com\\\/fr\\\/qui-sommes-nous\\\/\"]}]},{\"@type\":\"ImageObject\",\"inLanguage\":\"fr-FR\",\"@id\":\"https:\\\/\\\/www.immensive.com\\\/fr\\\/qui-sommes-nous\\\/#primaryimage\",\"url\":\"https:\\\/\\\/www.immensive.com\\\/wp-content\\\/uploads\\\/2020\\\/06\\\/PopupExperience-tests2-FHD.jpg\",\"contentUrl\":\"https:\\\/\\\/www.immensive.com\\\/wp-content\\\/uploads\\\/2020\\\/06\\\/PopupExperience-tests2-FHD.jpg\",\"width\":1920,\"height\":1080,\"caption\":\"About us Immensive\"},{\"@type\":\"BreadcrumbList\",\"@id\":\"https:\\\/\\\/www.immensive.com\\\/fr\\\/qui-sommes-nous\\\/#breadcrumb\",\"itemListElement\":[{\"@type\":\"ListItem\",\"position\":1,\"name\":\"Home\",\"item\":\"https:\\\/\\\/www.immensive.com\\\/fr\\\/\"},{\"@type\":\"ListItem\",\"position\":2,\"name\":\"\u00c0 propos\"}]},{\"@type\":\"WebSite\",\"@id\":\"https:\\\/\\\/www.immensive.com\\\/fr\\\/#website\",\"url\":\"https:\\\/\\\/www.immensive.com\\\/fr\\\/\",\"name\":\"Immensive\",\"description\":\"Interactive Solutions and Corporate Metaverse\",\"publisher\":{\"@id\":\"https:\\\/\\\/www.immensive.com\\\/fr\\\/#organization\"},\"potentialAction\":[{\"@type\":\"SearchAction\",\"target\":{\"@type\":\"EntryPoint\",\"urlTemplate\":\"https:\\\/\\\/www.immensive.com\\\/fr\\\/?s={search_term_string}\"},\"query-input\":{\"@type\":\"PropertyValueSpecification\",\"valueRequired\":true,\"valueName\":\"search_term_string\"}}],\"inLanguage\":\"fr-FR\"},{\"@type\":\"Organization\",\"@id\":\"https:\\\/\\\/www.immensive.com\\\/fr\\\/#organization\",\"name\":\"Immensive SA\",\"url\":\"https:\\\/\\\/www.immensive.com\\\/fr\\\/\",\"logo\":{\"@type\":\"ImageObject\",\"inLanguage\":\"fr-FR\",\"@id\":\"https:\\\/\\\/www.immensive.com\\\/fr\\\/#\\\/schema\\\/logo\\\/image\\\/\",\"url\":\"https:\\\/\\\/www.immensive.com\\\/wp-content\\\/uploads\\\/2024\\\/10\\\/Logo_Standard_Web-1.png\",\"contentUrl\":\"https:\\\/\\\/www.immensive.com\\\/wp-content\\\/uploads\\\/2024\\\/10\\\/Logo_Standard_Web-1.png\",\"width\":982,\"height\":296,\"caption\":\"Immensive SA\"},\"image\":{\"@id\":\"https:\\\/\\\/www.immensive.com\\\/fr\\\/#\\\/schema\\\/logo\\\/image\\\/\"},\"sameAs\":[\"https:\\\/\\\/www.facebook.com\\\/Immensive\",\"https:\\\/\\\/x.com\\\/immensive_sa\",\"https:\\\/\\\/www.instagram.com\\\/immensive\\\/\",\"https:\\\/\\\/www.linkedin.com\\\/company\\\/immensive_sa\",\"https:\\\/\\\/www.youtube.com\\\/channel\\\/UCQh4ErJgBoTQ9p2b4F0QmZg\"]}]}<\/script>\n<!-- \/ Yoast SEO plugin. -->","yoast_head_json":{"title":"\u00c0 propos - Immensive - Solutions interactives innovantes","description":"\u00c0 propos - D\u00e9couvrez Immensive, un leader Suisse dans la r\u00e9alit\u00e9 virtuelle \/ augment\u00e9e, et des solutions interactives, en s'engageant \u00e0 satisfaire ses clients et \u00e0 innover dans le domaine du num\u00e9rique.","robots":{"index":"index","follow":"follow","max-snippet":"max-snippet:-1","max-image-preview":"max-image-preview:large","max-video-preview":"max-video-preview:-1"},"canonical":"https:\/\/www.immensive.com\/fr\/qui-sommes-nous\/","og_locale":"fr_FR","og_type":"article","og_title":"\u00c0 propos - Immensive - Solutions interactives innovantes","og_description":"\u00c0 propos - D\u00e9couvrez Immensive, un leader Suisse dans la r\u00e9alit\u00e9 virtuelle \/ augment\u00e9e, et des solutions interactives, en s'engageant \u00e0 satisfaire ses clients et \u00e0 innover dans le domaine du num\u00e9rique.","og_url":"https:\/\/www.immensive.com\/fr\/qui-sommes-nous\/","og_site_name":"Immensive","article_publisher":"https:\/\/www.facebook.com\/Immensive","article_modified_time":"2025-11-26T16:16:36+00:00","og_image":[{"width":1920,"height":1080,"url":"https:\/\/www.immensive.com\/wp-content\/uploads\/2020\/06\/PopupExperience-tests2-FHD.jpg","type":"image\/jpeg"}],"twitter_card":"summary_large_image","twitter_site":"@immensive_sa","twitter_misc":{"Dur\u00e9e de lecture estim\u00e9e":"4 minutes"},"schema":{"@context":"https:\/\/schema.org","@graph":[{"@type":"WebPage","@id":"https:\/\/www.immensive.com\/fr\/qui-sommes-nous\/","url":"https:\/\/www.immensive.com\/fr\/qui-sommes-nous\/","name":"\u00c0 propos - Immensive - Solutions interactives innovantes","isPartOf":{"@id":"https:\/\/www.immensive.com\/fr\/#website"},"primaryImageOfPage":{"@id":"https:\/\/www.immensive.com\/fr\/qui-sommes-nous\/#primaryimage"},"image":{"@id":"https:\/\/www.immensive.com\/fr\/qui-sommes-nous\/#primaryimage"},"thumbnailUrl":"https:\/\/www.immensive.com\/wp-content\/uploads\/2020\/06\/PopupExperience-tests2-FHD.jpg","datePublished":"2017-09-26T14:46:30+00:00","dateModified":"2025-11-26T16:16:36+00:00","description":"\u00c0 propos - D\u00e9couvrez Immensive, un leader Suisse dans la r\u00e9alit\u00e9 virtuelle \/ augment\u00e9e, et des solutions interactives, en s'engageant \u00e0 satisfaire ses clients et \u00e0 innover dans le domaine du num\u00e9rique.","breadcrumb":{"@id":"https:\/\/www.immensive.com\/fr\/qui-sommes-nous\/#breadcrumb"},"inLanguage":"fr-FR","potentialAction":[{"@type":"ReadAction","target":["https:\/\/www.immensive.com\/fr\/qui-sommes-nous\/"]}]},{"@type":"ImageObject","inLanguage":"fr-FR","@id":"https:\/\/www.immensive.com\/fr\/qui-sommes-nous\/#primaryimage","url":"https:\/\/www.immensive.com\/wp-content\/uploads\/2020\/06\/PopupExperience-tests2-FHD.jpg","contentUrl":"https:\/\/www.immensive.com\/wp-content\/uploads\/2020\/06\/PopupExperience-tests2-FHD.jpg","width":1920,"height":1080,"caption":"About us Immensive"},{"@type":"BreadcrumbList","@id":"https:\/\/www.immensive.com\/fr\/qui-sommes-nous\/#breadcrumb","itemListElement":[{"@type":"ListItem","position":1,"name":"Home","item":"https:\/\/www.immensive.com\/fr\/"},{"@type":"ListItem","position":2,"name":"\u00c0 propos"}]},{"@type":"WebSite","@id":"https:\/\/www.immensive.com\/fr\/#website","url":"https:\/\/www.immensive.com\/fr\/","name":"Immensive","description":"Interactive Solutions and Corporate Metaverse","publisher":{"@id":"https:\/\/www.immensive.com\/fr\/#organization"},"potentialAction":[{"@type":"SearchAction","target":{"@type":"EntryPoint","urlTemplate":"https:\/\/www.immensive.com\/fr\/?s={search_term_string}"},"query-input":{"@type":"PropertyValueSpecification","valueRequired":true,"valueName":"search_term_string"}}],"inLanguage":"fr-FR"},{"@type":"Organization","@id":"https:\/\/www.immensive.com\/fr\/#organization","name":"Immensive SA","url":"https:\/\/www.immensive.com\/fr\/","logo":{"@type":"ImageObject","inLanguage":"fr-FR","@id":"https:\/\/www.immensive.com\/fr\/#\/schema\/logo\/image\/","url":"https:\/\/www.immensive.com\/wp-content\/uploads\/2024\/10\/Logo_Standard_Web-1.png","contentUrl":"https:\/\/www.immensive.com\/wp-content\/uploads\/2024\/10\/Logo_Standard_Web-1.png","width":982,"height":296,"caption":"Immensive SA"},"image":{"@id":"https:\/\/www.immensive.com\/fr\/#\/schema\/logo\/image\/"},"sameAs":["https:\/\/www.facebook.com\/Immensive","https:\/\/x.com\/immensive_sa","https:\/\/www.instagram.com\/immensive\/","https:\/\/www.linkedin.com\/company\/immensive_sa","https:\/\/www.youtube.com\/channel\/UCQh4ErJgBoTQ9p2b4F0QmZg"]}]}},"_links":{"self":[{"href":"https:\/\/www.immensive.com\/fr\/wp-json\/wp\/v2\/pages\/73444","targetHints":{"allow":["GET"]}}],"collection":[{"href":"https:\/\/www.immensive.com\/fr\/wp-json\/wp\/v2\/pages"}],"about":[{"href":"https:\/\/www.immensive.com\/fr\/wp-json\/wp\/v2\/types\/page"}],"author":[{"embeddable":true,"href":"https:\/\/www.immensive.com\/fr\/wp-json\/wp\/v2\/users\/7"}],"replies":[{"embeddable":true,"href":"https:\/\/www.immensive.com\/fr\/wp-json\/wp\/v2\/comments?post=73444"}],"version-history":[{"count":21,"href":"https:\/\/www.immensive.com\/fr\/wp-json\/wp\/v2\/pages\/73444\/revisions"}],"predecessor-version":[{"id":148312,"href":"https:\/\/www.immensive.com\/fr\/wp-json\/wp\/v2\/pages\/73444\/revisions\/148312"}],"wp:featuredmedia":[{"embeddable":true,"href":"https:\/\/www.immensive.com\/fr\/wp-json\/wp\/v2\/media\/71922"}],"wp:attachment":[{"href":"https:\/\/www.immensive.com\/fr\/wp-json\/wp\/v2\/media?parent=73444"}],"curies":[{"name":"wp","href":"https:\/\/api.w.org\/{rel}","templated":true}]}}