{"id":73431,"date":"2018-01-31T15:16:43","date_gmt":"2018-01-31T14:16:43","guid":{"rendered":"https:\/\/www.immensive.com\/solutions-sur-mesure\/"},"modified":"2025-09-15T09:58:38","modified_gmt":"2025-09-15T08:58:38","slug":"solutions-sur-mesure","status":"publish","type":"page","link":"https:\/\/www.immensive.com\/fr\/solutions-sur-mesure\/","title":{"rendered":"Solutions sur mesure"},"content":{"rendered":"<div class=\"wpb-content-wrapper\"><p>[vc_row row_height_percent=\u00a0\u00bb0&Prime; override_padding=\u00a0\u00bbyes\u00a0\u00bb h_padding=\u00a0\u00bb0&Prime; top_padding=\u00a0\u00bb0&Prime; bottom_padding=\u00a0\u00bb0&Prime; back_color=\u00a0\u00bbcolor-206537&Prime; overlay_alpha=\u00a0\u00bb50&Prime; equal_height=\u00a0\u00bbyes\u00a0\u00bb gutter_size=\u00a0\u00bb3&Prime; column_width_percent=\u00a0\u00bb100&Prime; shift_y=\u00a0\u00bb0&Prime; z_index=\u00a0\u00bb0&Prime; row_height_pixel=\u00a0\u00bb120&Prime; uncode_shortcode_id=\u00a0\u00bb621239&Prime; back_color_type=\u00a0\u00bbuncode-palette\u00a0\u00bb][vc_column column_width_percent=\u00a0\u00bb100&Prime; position_vertical=\u00a0\u00bbbottom\u00a0\u00bb align_horizontal=\u00a0\u00bbalign_center\u00a0\u00bb gutter_size=\u00a0\u00bb3&Prime; override_padding=\u00a0\u00bbyes\u00a0\u00bb column_padding=\u00a0\u00bb2&Prime; style=\u00a0\u00bbdark\u00a0\u00bb overlay_alpha=\u00a0\u00bb50&Prime; shift_x=\u00a0\u00bb0&Prime; shift_y=\u00a0\u00bb0&Prime; shift_y_down=\u00a0\u00bb0&Prime; z_index=\u00a0\u00bb0&Prime; medium_width=\u00a0\u00bb0&Prime; mobile_width=\u00a0\u00bb0&Prime; width=\u00a0\u00bb1\/1&Prime; css=\u00a0\u00bb.vc_custom_1519947016391{padding-bottom: 30px !important;}\u00a0\u00bb][vc_column_text css_animation=\u00a0\u00bbzoom-out\u00a0\u00bb]<\/p>\n<p style=\"font-size: 40px; line-height: 44px; font-weight: bold; font-family: Quicksand; text-align: center;\">Solutions sur mesure<\/p>\n<p>[\/vc_column_text][vc_empty_space empty_h=\u00a0\u00bb1&Prime;][\/vc_column][\/vc_row][vc_row row_height_percent=\u00a0\u00bb0&Prime; override_padding=\u00a0\u00bbyes\u00a0\u00bb h_padding=\u00a0\u00bb2&Prime; top_padding=\u00a0\u00bb2&Prime; bottom_padding=\u00a0\u00bb0&Prime; overlay_alpha=\u00a0\u00bb50&Prime; equal_height=\u00a0\u00bbyes\u00a0\u00bb gutter_size=\u00a0\u00bb3&Prime; column_width_percent=\u00a0\u00bb100&Prime; shift_y=\u00a0\u00bb0&Prime; z_index=\u00a0\u00bb0&Prime;][vc_column column_width_percent=\u00a0\u00bb100&Prime; position_vertical=\u00a0\u00bbmiddle\u00a0\u00bb gutter_size=\u00a0\u00bb3&Prime; overlay_alpha=\u00a0\u00bb50&Prime; shift_x=\u00a0\u00bb0&Prime; shift_y=\u00a0\u00bb0&Prime; shift_y_down=\u00a0\u00bb0&Prime; z_index=\u00a0\u00bb0&Prime; medium_width=\u00a0\u00bb0&Prime; mobile_width=\u00a0\u00bb0&Prime; width=\u00a0\u00bb1\/1&Prime;][vc_column_text text_lead=\u00a0\u00bbyes\u00a0\u00bb uncode_shortcode_id=\u00a0\u00bb157871&Prime;]<\/p>\n<h3 style=\"font-family: quicksand;\">Solutions sur mesure adapt\u00e9es \u00e0 vos besoins<\/h3>\n<p>Chez Immensive, nous adoptons une approche centr\u00e9e sur le client d\u00e8s le premier jour, en cr\u00e9ant des solutions interactives multitouch sur mesure pour r\u00e9pondre aux besoins uniques de chaque client. Nous croyons que chaque marque est diff\u00e9rente, c&rsquo;est pourquoi nous collaborons \u00e9troitement avec nos clients pour comprendre leurs d\u00e9fis et concevoir des solutions personnalis\u00e9es qui produisent des r\u00e9sultats concrets. Que ce soit pour engager vos clients, favoriser une meilleure collaboration au sein des \u00e9quipes, optimiser les processus de travail ou cr\u00e9er des exp\u00e9riences r\u00e9volutionnaires in\u00e9dites, nous sommes l\u00e0 pour vous aider \u00e0 atteindre vos objectifs.<\/p>\n<h3 style=\"font-family: quicksand;\">Des solutions sur mesure pour des exp\u00e9riences marquantes<\/h3>\n<p>Notre \u00e9quipe est sp\u00e9cialis\u00e9e dans le d\u00e9veloppement de solutions personnalis\u00e9es exploitant les derni\u00e8res technologies multitouch et interactives, permettant aux marques du monde entier de se d\u00e9marquer et d\u2019avoir un r\u00e9el impact. Nous aidons les entreprises \u00e0 capter l\u2019attention, \u00e0 cr\u00e9er des exp\u00e9riences utilisateur m\u00e9morables et, en fin de compte, \u00e0 renforcer leurs liens avec leur audience.[\/vc_column_text][\/vc_column][\/vc_row][vc_row row_height_percent=\u00a0\u00bb0&Prime; override_padding=\u00a0\u00bbyes\u00a0\u00bb h_padding=\u00a0\u00bb2&Prime; top_padding=\u00a0\u00bb2&Prime; bottom_padding=\u00a0\u00bb2&Prime; overlay_alpha=\u00a0\u00bb50&Prime; equal_height=\u00a0\u00bbyes\u00a0\u00bb gutter_size=\u00a0\u00bb3&Prime; column_width_percent=\u00a0\u00bb100&Prime; shift_y=\u00a0\u00bb0&Prime; z_index=\u00a0\u00bb0&Prime; uncode_shortcode_id=\u00a0\u00bb967924&Prime;][vc_column column_width_percent=\u00a0\u00bb100&Prime; gutter_size=\u00a0\u00bb3&Prime; overlay_alpha=\u00a0\u00bb50&Prime; shift_x=\u00a0\u00bb0&Prime; shift_y=\u00a0\u00bb0&Prime; shift_y_down=\u00a0\u00bb0&Prime; z_index=\u00a0\u00bb0&Prime; medium_width=\u00a0\u00bb0&Prime; mobile_width=\u00a0\u00bb0&Prime; width=\u00a0\u00bb2\/3&Prime;][vc_column_text text_lead=\u00a0\u00bbyes\u00a0\u00bb uncode_shortcode_id=\u00a0\u00bb540770&Prime;]<\/p>\n<h3 style=\"font-family: quicksand;\">Framework multitouch et multi-utilisateurs de premier ordre.<\/h3>\n<p>Notre framework multitouch multi-utilisateurs de premier ordre est ultra-r\u00e9actif et incroyablement flexible, offrant aux utilisateurs une exp\u00e9rience intuitive et engageante. Nous avons l&rsquo;expertise n\u00e9cessaire pour int\u00e9grer toute technologie existante dans nos solutions sur mesure, y compris divers capteurs, terminaux de paiement, NFC, Beacons\/BLE, et bien plus encore. Avec nos solutions personnalis\u00e9es, aucun d\u00e9fi n&rsquo;est trop grand \u2014 nous sommes toujours pr\u00eats \u00e0 repousser les limites du possible.[\/vc_column_text][\/vc_column][vc_column column_width_use_pixel=\u00a0\u00bbyes\u00a0\u00bb position_vertical=\u00a0\u00bbmiddle\u00a0\u00bb gutter_size=\u00a0\u00bb3&Prime; overlay_alpha=\u00a0\u00bb50&Prime; shift_x=\u00a0\u00bb0&Prime; shift_y=\u00a0\u00bb0&Prime; shift_y_down=\u00a0\u00bb0&Prime; z_index=\u00a0\u00bb0&Prime; medium_width=\u00a0\u00bb0&Prime; mobile_width=\u00a0\u00bb0&Prime; width=\u00a0\u00bb1\/3&Prime; column_width_pixel=\u00a0\u00bb512&Prime;][vc_single_image media=\u00a0\u00bb71224&Prime; media_width_percent=\u00a0\u00bb100&Prime;][\/vc_column][\/vc_row][vc_row unlock_row_content=\u00a0\u00bbyes\u00a0\u00bb row_height_percent=\u00a0\u00bb32&Prime; back_color=\u00a0\u00bbcolor-prif\u00a0\u00bb overlay_alpha=\u00a0\u00bb50&Prime; gutter_size=\u00a0\u00bb3&Prime; column_width_percent=\u00a0\u00bb100&Prime; shift_y=\u00a0\u00bb0&Prime; z_index=\u00a0\u00bb0&Prime; enable_top_divider=\u00a0\u00bbdefault\u00a0\u00bb top_divider=\u00a0\u00bbtilt\u00a0\u00bb shape_top_h_use_pixel=\u00a0\u00bb\u00a0\u00bb shape_top_height=\u00a0\u00bb30&Prime; shape_top_opacity=\u00a0\u00bb100&Prime; shape_top_index=\u00a0\u00bb0&Prime; uncode_shortcode_id=\u00a0\u00bb195801&Prime; back_color_type=\u00a0\u00bbuncode-palette\u00a0\u00bb][vc_column width=\u00a0\u00bb1\/1&Prime;][vc_row_inner][vc_column_inner width=\u00a0\u00bb1\/4&Prime;][\/vc_column_inner][vc_column_inner width=\u00a0\u00bb1\/2&Prime;][vc_column_text uncode_shortcode_id=\u00a0\u00bb130462&Prime;]<\/p>\n<h3 style=\"font-family: Quicksand; color: #ffffff;\">Nos projets<\/h3>\n<p>[\/vc_column_text][vc_column_text text_lead=\u00a0\u00bbyes\u00a0\u00bb uncode_shortcode_id=\u00a0\u00bb103247&Prime;]<\/p>\n<p style=\"color: #ffffff;\">Parce qu&rsquo;une image vaut mille mots, d\u00e9couvrez ci-dessous les projets sur mesure que nous avons cr\u00e9\u00e9s pour nos clients.<\/p>\n<p>[\/vc_column_text][\/vc_column_inner][vc_column_inner width=\u00a0\u00bb1\/4&Prime;][\/vc_column_inner][\/vc_row_inner][uncode_index el_id=\u00a0\u00bbindex-4487854353&Prime; loop=\u00a0\u00bbsize:4|order_by:rand|post_type:portfolio|tax_query:78&Prime; screen_lg=\u00a0\u00bb1000&Prime; screen_md=\u00a0\u00bb600&Prime; screen_sm=\u00a0\u00bb480&Prime; gutter_size=\u00a0\u00bb3&Prime; post_items=\u00a0\u00bbmedia|featured|onpost|original,title,category|nobg|relative|display-icon,date,text|full|400,link|default|default_size|outline\u00a0\u00bb portfolio_items=\u00a0\u00bbmedia|featured|onpost|original,title,category|nobg|relative|hide-icon\u00a0\u00bb single_text=\u00a0\u00bboverlay\u00a0\u00bb single_width=\u00a0\u00bb3&Prime; images_size=\u00a0\u00bbsixteen-nine\u00a0\u00bb single_overlay_color=\u00a0\u00bbcolor-jevc\u00a0\u00bb single_overlay_coloration=\u00a0\u00bbbottom_gradient\u00a0\u00bb single_overlay_opacity=\u00a0\u00bb80&Prime; single_text_anim_type=\u00a0\u00bbbtt\u00a0\u00bb single_v_position=\u00a0\u00bbbottom\u00a0\u00bb single_padding=\u00a0\u00bb1&Prime; single_text_reduced=\u00a0\u00bbyes\u00a0\u00bb single_title_family=\u00a0\u00bbfont-129489&Prime; single_text_lead=\u00a0\u00bbyes\u00a0\u00bb single_shadow=\u00a0\u00bbyes\u00a0\u00bb single_border=\u00a0\u00bbyes\u00a0\u00bb single_css_animation=\u00a0\u00bbzoom-in\u00a0\u00bb single_animation_speed=\u00a0\u00bb300&Prime; title=\u00a0\u00bbPortfolio Archive\u00a0\u00bb][vc_empty_space empty_h=\u00a0\u00bb2&Prime;][\/vc_column][\/vc_row][vc_row][vc_column width=\u00a0\u00bb1\/1&Prime;][uncode_block id=\u00a0\u00bb74799&Prime;][vc_empty_space empty_h=\u00a0\u00bb2&Prime;][\/vc_column][\/vc_row]<\/p>\n<\/div>","protected":false},"excerpt":{"rendered":"<p>[vc_row row_height_percent=\u00a0\u00bb0&Prime; override_padding=\u00a0\u00bbyes\u00a0\u00bb h_padding=\u00a0\u00bb0&Prime; top_padding=\u00a0\u00bb0&Prime; bottom_padding=\u00a0\u00bb0&Prime; back_color=\u00a0\u00bbcolor-206537&Prime; overlay_alpha=\u00a0\u00bb50&Prime; equal_height=\u00a0\u00bbyes\u00a0\u00bb gutter_size=\u00a0\u00bb3&Prime; column_width_percent=\u00a0\u00bb100&Prime; shift_y=\u00a0\u00bb0&Prime; z_index=\u00a0\u00bb0&Prime; row_height_pixel=\u00a0\u00bb120&Prime; uncode_shortcode_id=\u00a0\u00bb621239&Prime; back_color_type=\u00a0\u00bbuncode-palette\u00a0\u00bb][vc_column column_width_percent=\u00a0\u00bb100&Prime; position_vertical=\u00a0\u00bbbottom\u00a0\u00bb align_horizontal=\u00a0\u00bbalign_center\u00a0\u00bb gutter_size=\u00a0\u00bb3&Prime; [&hellip;]<\/p>\n","protected":false},"author":7,"featured_media":0,"parent":0,"menu_order":2,"comment_status":"closed","ping_status":"closed","template":"","meta":{"footnotes":""},"class_list":["post-73431","page","type-page","status-publish","hentry","page_category-solutions-fr"],"yoast_head":"<!-- This site is optimized with the Yoast SEO plugin v27.5 - https:\/\/yoast.com\/product\/yoast-seo-wordpress\/ -->\n<title>Solutions sur mesure - Applications Multi-Touch - Immensive<\/title>\n<meta name=\"description\" content=\"Nos solutions personnalis\u00e9es pour vos applications multi-touch, adapt\u00e9es et d\u00e9velopp\u00e9es selon vos besoins pour des r\u00e9sultats optimaux.\" \/>\n<meta name=\"robots\" content=\"index, follow, max-snippet:-1, max-image-preview:large, max-video-preview:-1\" \/>\n<link rel=\"canonical\" href=\"https:\/\/www.immensive.com\/fr\/solutions-sur-mesure\/\" \/>\n<meta property=\"og:locale\" content=\"fr_FR\" \/>\n<meta property=\"og:type\" content=\"article\" \/>\n<meta property=\"og:title\" content=\"Solutions sur mesure - Applications Multi-Touch - Immensive\" \/>\n<meta property=\"og:description\" content=\"Nos solutions personnalis\u00e9es pour vos applications multi-touch, adapt\u00e9es et d\u00e9velopp\u00e9es selon vos besoins pour des r\u00e9sultats optimaux.\" \/>\n<meta property=\"og:url\" content=\"https:\/\/www.immensive.com\/fr\/solutions-sur-mesure\/\" \/>\n<meta property=\"og:site_name\" content=\"Immensive\" \/>\n<meta property=\"article:publisher\" content=\"https:\/\/www.facebook.com\/Immensive\" \/>\n<meta property=\"article:modified_time\" content=\"2025-09-15T08:58:38+00:00\" \/>\n<meta property=\"og:image\" content=\"https:\/\/www.immensive.com\/wp-content\/uploads\/2017\/08\/Gucci_01.jpg\" \/>\n\t<meta property=\"og:image:width\" content=\"600\" \/>\n\t<meta property=\"og:image:height\" content=\"450\" \/>\n\t<meta property=\"og:image:type\" content=\"image\/jpeg\" \/>\n<meta name=\"twitter:card\" content=\"summary_large_image\" \/>\n<meta name=\"twitter:site\" content=\"@immensive_sa\" \/>\n<meta name=\"twitter:label1\" content=\"Dur\u00e9e de lecture estim\u00e9e\" \/>\n\t<meta name=\"twitter:data1\" content=\"3 minutes\" \/>\n<script type=\"application\/ld+json\" class=\"yoast-schema-graph\">{\"@context\":\"https:\\\/\\\/schema.org\",\"@graph\":[{\"@type\":\"WebPage\",\"@id\":\"https:\\\/\\\/www.immensive.com\\\/fr\\\/solutions-sur-mesure\\\/\",\"url\":\"https:\\\/\\\/www.immensive.com\\\/fr\\\/solutions-sur-mesure\\\/\",\"name\":\"Solutions sur mesure - Applications Multi-Touch - Immensive\",\"isPartOf\":{\"@id\":\"https:\\\/\\\/www.immensive.com\\\/fr\\\/#website\"},\"datePublished\":\"2018-01-31T14:16:43+00:00\",\"dateModified\":\"2025-09-15T08:58:38+00:00\",\"description\":\"Nos solutions personnalis\u00e9es pour vos applications multi-touch, adapt\u00e9es et d\u00e9velopp\u00e9es selon vos besoins pour des r\u00e9sultats optimaux.\",\"breadcrumb\":{\"@id\":\"https:\\\/\\\/www.immensive.com\\\/fr\\\/solutions-sur-mesure\\\/#breadcrumb\"},\"inLanguage\":\"fr-FR\",\"potentialAction\":[{\"@type\":\"ReadAction\",\"target\":[\"https:\\\/\\\/www.immensive.com\\\/fr\\\/solutions-sur-mesure\\\/\"]}]},{\"@type\":\"BreadcrumbList\",\"@id\":\"https:\\\/\\\/www.immensive.com\\\/fr\\\/solutions-sur-mesure\\\/#breadcrumb\",\"itemListElement\":[{\"@type\":\"ListItem\",\"position\":1,\"name\":\"Home\",\"item\":\"https:\\\/\\\/www.immensive.com\\\/fr\\\/\"},{\"@type\":\"ListItem\",\"position\":2,\"name\":\"Solutions sur mesure\"}]},{\"@type\":\"WebSite\",\"@id\":\"https:\\\/\\\/www.immensive.com\\\/fr\\\/#website\",\"url\":\"https:\\\/\\\/www.immensive.com\\\/fr\\\/\",\"name\":\"Immensive\",\"description\":\"Interactive Solutions and Corporate Metaverse\",\"publisher\":{\"@id\":\"https:\\\/\\\/www.immensive.com\\\/fr\\\/#organization\"},\"potentialAction\":[{\"@type\":\"SearchAction\",\"target\":{\"@type\":\"EntryPoint\",\"urlTemplate\":\"https:\\\/\\\/www.immensive.com\\\/fr\\\/?s={search_term_string}\"},\"query-input\":{\"@type\":\"PropertyValueSpecification\",\"valueRequired\":true,\"valueName\":\"search_term_string\"}}],\"inLanguage\":\"fr-FR\"},{\"@type\":\"Organization\",\"@id\":\"https:\\\/\\\/www.immensive.com\\\/fr\\\/#organization\",\"name\":\"Immensive SA\",\"url\":\"https:\\\/\\\/www.immensive.com\\\/fr\\\/\",\"logo\":{\"@type\":\"ImageObject\",\"inLanguage\":\"fr-FR\",\"@id\":\"https:\\\/\\\/www.immensive.com\\\/fr\\\/#\\\/schema\\\/logo\\\/image\\\/\",\"url\":\"https:\\\/\\\/www.immensive.com\\\/wp-content\\\/uploads\\\/2024\\\/10\\\/Logo_Standard_Web-1.png\",\"contentUrl\":\"https:\\\/\\\/www.immensive.com\\\/wp-content\\\/uploads\\\/2024\\\/10\\\/Logo_Standard_Web-1.png\",\"width\":982,\"height\":296,\"caption\":\"Immensive SA\"},\"image\":{\"@id\":\"https:\\\/\\\/www.immensive.com\\\/fr\\\/#\\\/schema\\\/logo\\\/image\\\/\"},\"sameAs\":[\"https:\\\/\\\/www.facebook.com\\\/Immensive\",\"https:\\\/\\\/x.com\\\/immensive_sa\",\"https:\\\/\\\/www.instagram.com\\\/immensive\\\/\",\"https:\\\/\\\/www.linkedin.com\\\/company\\\/immensive_sa\",\"https:\\\/\\\/www.youtube.com\\\/channel\\\/UCQh4ErJgBoTQ9p2b4F0QmZg\"]}]}<\/script>\n<!-- \/ Yoast SEO plugin. -->","yoast_head_json":{"title":"Solutions sur mesure - Applications Multi-Touch - Immensive","description":"Nos solutions personnalis\u00e9es pour vos applications multi-touch, adapt\u00e9es et d\u00e9velopp\u00e9es selon vos besoins pour des r\u00e9sultats optimaux.","robots":{"index":"index","follow":"follow","max-snippet":"max-snippet:-1","max-image-preview":"max-image-preview:large","max-video-preview":"max-video-preview:-1"},"canonical":"https:\/\/www.immensive.com\/fr\/solutions-sur-mesure\/","og_locale":"fr_FR","og_type":"article","og_title":"Solutions sur mesure - Applications Multi-Touch - Immensive","og_description":"Nos solutions personnalis\u00e9es pour vos applications multi-touch, adapt\u00e9es et d\u00e9velopp\u00e9es selon vos besoins pour des r\u00e9sultats optimaux.","og_url":"https:\/\/www.immensive.com\/fr\/solutions-sur-mesure\/","og_site_name":"Immensive","article_publisher":"https:\/\/www.facebook.com\/Immensive","article_modified_time":"2025-09-15T08:58:38+00:00","og_image":[{"width":600,"height":450,"url":"https:\/\/www.immensive.com\/wp-content\/uploads\/2017\/08\/Gucci_01.jpg","type":"image\/jpeg"}],"twitter_card":"summary_large_image","twitter_site":"@immensive_sa","twitter_misc":{"Dur\u00e9e de lecture estim\u00e9e":"3 minutes"},"schema":{"@context":"https:\/\/schema.org","@graph":[{"@type":"WebPage","@id":"https:\/\/www.immensive.com\/fr\/solutions-sur-mesure\/","url":"https:\/\/www.immensive.com\/fr\/solutions-sur-mesure\/","name":"Solutions sur mesure - Applications Multi-Touch - Immensive","isPartOf":{"@id":"https:\/\/www.immensive.com\/fr\/#website"},"datePublished":"2018-01-31T14:16:43+00:00","dateModified":"2025-09-15T08:58:38+00:00","description":"Nos solutions personnalis\u00e9es pour vos applications multi-touch, adapt\u00e9es et d\u00e9velopp\u00e9es selon vos besoins pour des r\u00e9sultats optimaux.","breadcrumb":{"@id":"https:\/\/www.immensive.com\/fr\/solutions-sur-mesure\/#breadcrumb"},"inLanguage":"fr-FR","potentialAction":[{"@type":"ReadAction","target":["https:\/\/www.immensive.com\/fr\/solutions-sur-mesure\/"]}]},{"@type":"BreadcrumbList","@id":"https:\/\/www.immensive.com\/fr\/solutions-sur-mesure\/#breadcrumb","itemListElement":[{"@type":"ListItem","position":1,"name":"Home","item":"https:\/\/www.immensive.com\/fr\/"},{"@type":"ListItem","position":2,"name":"Solutions sur mesure"}]},{"@type":"WebSite","@id":"https:\/\/www.immensive.com\/fr\/#website","url":"https:\/\/www.immensive.com\/fr\/","name":"Immensive","description":"Interactive Solutions and Corporate Metaverse","publisher":{"@id":"https:\/\/www.immensive.com\/fr\/#organization"},"potentialAction":[{"@type":"SearchAction","target":{"@type":"EntryPoint","urlTemplate":"https:\/\/www.immensive.com\/fr\/?s={search_term_string}"},"query-input":{"@type":"PropertyValueSpecification","valueRequired":true,"valueName":"search_term_string"}}],"inLanguage":"fr-FR"},{"@type":"Organization","@id":"https:\/\/www.immensive.com\/fr\/#organization","name":"Immensive SA","url":"https:\/\/www.immensive.com\/fr\/","logo":{"@type":"ImageObject","inLanguage":"fr-FR","@id":"https:\/\/www.immensive.com\/fr\/#\/schema\/logo\/image\/","url":"https:\/\/www.immensive.com\/wp-content\/uploads\/2024\/10\/Logo_Standard_Web-1.png","contentUrl":"https:\/\/www.immensive.com\/wp-content\/uploads\/2024\/10\/Logo_Standard_Web-1.png","width":982,"height":296,"caption":"Immensive SA"},"image":{"@id":"https:\/\/www.immensive.com\/fr\/#\/schema\/logo\/image\/"},"sameAs":["https:\/\/www.facebook.com\/Immensive","https:\/\/x.com\/immensive_sa","https:\/\/www.instagram.com\/immensive\/","https:\/\/www.linkedin.com\/company\/immensive_sa","https:\/\/www.youtube.com\/channel\/UCQh4ErJgBoTQ9p2b4F0QmZg"]}]}},"_links":{"self":[{"href":"https:\/\/www.immensive.com\/fr\/wp-json\/wp\/v2\/pages\/73431","targetHints":{"allow":["GET"]}}],"collection":[{"href":"https:\/\/www.immensive.com\/fr\/wp-json\/wp\/v2\/pages"}],"about":[{"href":"https:\/\/www.immensive.com\/fr\/wp-json\/wp\/v2\/types\/page"}],"author":[{"embeddable":true,"href":"https:\/\/www.immensive.com\/fr\/wp-json\/wp\/v2\/users\/7"}],"replies":[{"embeddable":true,"href":"https:\/\/www.immensive.com\/fr\/wp-json\/wp\/v2\/comments?post=73431"}],"version-history":[{"count":17,"href":"https:\/\/www.immensive.com\/fr\/wp-json\/wp\/v2\/pages\/73431\/revisions"}],"predecessor-version":[{"id":147715,"href":"https:\/\/www.immensive.com\/fr\/wp-json\/wp\/v2\/pages\/73431\/revisions\/147715"}],"wp:attachment":[{"href":"https:\/\/www.immensive.com\/fr\/wp-json\/wp\/v2\/media?parent=73431"}],"curies":[{"name":"wp","href":"https:\/\/api.w.org\/{rel}","templated":true}]}}