{"id":73425,"date":"2021-03-17T17:47:34","date_gmt":"2021-03-17T16:47:34","guid":{"rendered":"https:\/\/www.immensive.com\/metavers-dentreprise\/"},"modified":"2025-09-15T09:51:20","modified_gmt":"2025-09-15T08:51:20","slug":"virtual-showroom","status":"publish","type":"page","link":"https:\/\/www.immensive.com\/fr\/virtual-showroom\/","title":{"rendered":"Showroom virtuel"},"content":{"rendered":"<div class=\"wpb-content-wrapper\"><p>[vc_row row_height_percent=\u00a0\u00bb0&Prime; override_padding=\u00a0\u00bbyes\u00a0\u00bb h_padding=\u00a0\u00bb0&Prime; top_padding=\u00a0\u00bb0&Prime; bottom_padding=\u00a0\u00bb0&Prime; back_color=\u00a0\u00bbcolor-206537&Prime; overlay_alpha=\u00a0\u00bb50&Prime; equal_height=\u00a0\u00bbyes\u00a0\u00bb gutter_size=\u00a0\u00bb3&Prime; column_width_percent=\u00a0\u00bb100&Prime; shift_y=\u00a0\u00bb0&Prime; z_index=\u00a0\u00bb0&Prime; row_height_pixel=\u00a0\u00bb120&Prime; uncode_shortcode_id=\u00a0\u00bb435555&Prime; back_color_type=\u00a0\u00bbuncode-palette\u00a0\u00bb][vc_column column_width_percent=\u00a0\u00bb100&Prime; position_vertical=\u00a0\u00bbbottom\u00a0\u00bb align_horizontal=\u00a0\u00bbalign_center\u00a0\u00bb gutter_size=\u00a0\u00bb3&Prime; override_padding=\u00a0\u00bbyes\u00a0\u00bb column_padding=\u00a0\u00bb2&Prime; style=\u00a0\u00bbdark\u00a0\u00bb overlay_alpha=\u00a0\u00bb50&Prime; shift_x=\u00a0\u00bb0&Prime; shift_y=\u00a0\u00bb0&Prime; shift_y_down=\u00a0\u00bb0&Prime; z_index=\u00a0\u00bb0&Prime; medium_width=\u00a0\u00bb0&Prime; mobile_width=\u00a0\u00bb0&Prime; width=\u00a0\u00bb1\/1&Prime; css=\u00a0\u00bb.vc_custom_1519947016391{padding-bottom: 30px !important;}\u00a0\u00bb][vc_column_text css_animation=\u00a0\u00bbzoom-out\u00a0\u00bb uncode_shortcode_id=\u00a0\u00bb102650&Prime;]<\/p>\n<p style=\"font-size: 40px; line-height: 44px; font-weight: bold; font-family: Quicksand; text-align: center;\">Dive &#8211; Showroom Virtuel<\/p>\n<p>[\/vc_column_text][vc_empty_space empty_h=\u00a0\u00bb1&Prime;][\/vc_column][\/vc_row][vc_row row_height_percent=\u00a0\u00bb0&Prime; overlay_alpha=\u00a0\u00bb50&Prime; gutter_size=\u00a0\u00bb3&Prime; column_width_percent=\u00a0\u00bb100&Prime; shift_y=\u00a0\u00bb0&Prime; z_index=\u00a0\u00bb0&Prime;][vc_column column_width_percent=\u00a0\u00bb100&Prime; gutter_size=\u00a0\u00bb3&Prime; override_padding=\u00a0\u00bbyes\u00a0\u00bb column_padding=\u00a0\u00bb0&Prime; overlay_alpha=\u00a0\u00bb50&Prime; shift_x=\u00a0\u00bb0&Prime; shift_y=\u00a0\u00bb0&Prime; shift_y_down=\u00a0\u00bb0&Prime; z_index=\u00a0\u00bb0&Prime; medium_width=\u00a0\u00bb0&Prime; mobile_width=\u00a0\u00bb0&Prime; width=\u00a0\u00bb1\/1&Prime;][vc_single_image media=\u00a0\u00bb72402&Prime; media_width_percent=\u00a0\u00bb100&Prime; media_ratio=\u00a0\u00bbtwentyone-nine\u00a0\u00bb alignment=\u00a0\u00bbcenter\u00a0\u00bb shape=\u00a0\u00bbimg-round\u00a0\u00bb radius=\u00a0\u00bblg\u00a0\u00bb border=\u00a0\u00bbyes\u00a0\u00bb shadow=\u00a0\u00bbyes\u00a0\u00bb shadow_weight=\u00a0\u00bbsm\u00a0\u00bb shadow_darker=\u00a0\u00bbyes\u00a0\u00bb advanced=\u00a0\u00bbyes\u00a0\u00bb media_items=\u00a0\u00bbmedia|original,caption\u00a0\u00bb media_overlay_color=\u00a0\u00bbcolor-206537&Prime; media_overlay_opacity=\u00a0\u00bb20&Prime; media_padding=\u00a0\u00bb2&Prime; media_link=\u00a0\u00bburl:http%3A%2F%2Fdive3d.ch|title:Dive%20-%20Corporate%20Metaverse|target:_blank\u00a0\u00bb uncode_shortcode_id=\u00a0\u00bb201284&Prime; media_overlay_color_type=\u00a0\u00bbuncode-palette\u00a0\u00bb][\/vc_column][\/vc_row][vc_row row_height_percent=\u00a0\u00bb0&Prime; overlay_alpha=\u00a0\u00bb50&Prime; gutter_size=\u00a0\u00bb3&Prime; column_width_percent=\u00a0\u00bb100&Prime; shift_y=\u00a0\u00bb0&Prime; z_index=\u00a0\u00bb0&Prime;][vc_column column_width_percent=\u00a0\u00bb100&Prime; gutter_size=\u00a0\u00bb3&Prime; override_padding=\u00a0\u00bbyes\u00a0\u00bb column_padding=\u00a0\u00bb0&Prime; overlay_alpha=\u00a0\u00bb50&Prime; shift_x=\u00a0\u00bb0&Prime; shift_y=\u00a0\u00bb0&Prime; shift_y_down=\u00a0\u00bb0&Prime; z_index=\u00a0\u00bb0&Prime; medium_width=\u00a0\u00bb0&Prime; mobile_width=\u00a0\u00bb0&Prime; width=\u00a0\u00bb1\/1&Prime;][vc_column_text]<\/p>\n<h3 style=\"font-family: Quicksand;\">Votre nouvelle salle d&rsquo;exposition virtuelle, galerie d&rsquo;art en ligne, mus\u00e9e\/exposition, solution d&rsquo;int\u00e9gration et de webinaire, stand virtuel pour les foires commerciales.<\/h3>\n<p>[\/vc_column_text][vc_column_text text_lead=\u00a0\u00bbyes\u00a0\u00bb uncode_shortcode_id=\u00a0\u00bb629880&Prime;]Chez <strong>Immensive<\/strong>, nous sommes sp\u00e9cialis\u00e9s dans la cr\u00e9ation de solutions de Showrooms virtuels qui red\u00e9finissent la collaboration, l\u2019engagement et la productivit\u00e9 dans un monde virtuel. Con\u00e7ue pour offrir des interactions immersives et percutantes, notre plateforme de showroom virtuel, <strong>Dive<\/strong>, permet aux \u00e9quipes et aux clients de se connecter comme s\u2019ils \u00e9taient face \u00e0 face, o\u00f9 qu\u2019ils soient.<\/p>\n<h3 style=\"font-family: quicksand;\">Notre approche unique des showrooms virtuels<\/h3>\n<p>Notre plateforme Dive est immersive et intuitive, transformant les espaces num\u00e9riques en environnements interactifs, vivants et engageants. Voici ce qui distingue Dive :<\/p>\n<ul>\n<li>Des environnements 3D v\u00e9ritablement immersifs et interactifs<\/li>\n<li>Activer les \u00e9motions malgr\u00e9 la distance<\/li>\n<li>Navigation conviviale et intuitive<\/li>\n<li>Aucune installation n&rsquo;est n\u00e9cessaire<\/li>\n<li>Accessible 24\/7\/365<\/li>\n<\/ul>\n<p>[\/vc_column_text][\/vc_column][\/vc_row][vc_row row_height_percent=\u00a0\u00bb0&Prime; overlay_alpha=\u00a0\u00bb50&Prime; gutter_size=\u00a0\u00bb3&Prime; column_width_percent=\u00a0\u00bb100&Prime; shift_y=\u00a0\u00bb0&Prime; z_index=\u00a0\u00bb0&Prime;][vc_column column_width_percent=\u00a0\u00bb100&Prime; gutter_size=\u00a0\u00bb3&Prime; override_padding=\u00a0\u00bbyes\u00a0\u00bb column_padding=\u00a0\u00bb0&Prime; overlay_alpha=\u00a0\u00bb50&Prime; shift_x=\u00a0\u00bb0&Prime; shift_y=\u00a0\u00bb0&Prime; shift_y_down=\u00a0\u00bb0&Prime; z_index=\u00a0\u00bb0&Prime; medium_width=\u00a0\u00bb0&Prime; mobile_width=\u00a0\u00bb0&Prime; width=\u00a0\u00bb1\/1&Prime;][vc_column_text uncode_shortcode_id=\u00a0\u00bb137932&Prime;]<\/p>\n<h3 style=\"font-family: Quicksand;\"><a href=\"http:\/\/showroom.atracsys-interactive.com\">Demo: Showroom virtuel Immensive<\/a><\/h3>\n<p>[\/vc_column_text][vc_single_image media=\u00a0\u00bb72174&Prime; media_width_percent=\u00a0\u00bb100&Prime; media_ratio=\u00a0\u00bbtwentyone-nine\u00a0\u00bb shape=\u00a0\u00bbimg-round\u00a0\u00bb radius=\u00a0\u00bblg\u00a0\u00bb border=\u00a0\u00bbyes\u00a0\u00bb shadow=\u00a0\u00bbyes\u00a0\u00bb shadow_weight=\u00a0\u00bbsm\u00a0\u00bb shadow_darker=\u00a0\u00bbyes\u00a0\u00bb advanced=\u00a0\u00bbyes\u00a0\u00bb media_overlay_color=\u00a0\u00bbcolor-206537&Prime; media_overlay_opacity=\u00a0\u00bb20&Prime; media_padding=\u00a0\u00bb2&Prime; media_link=\u00a0\u00bburl:https%3A%2F%2Fshowroom.atracsys-interactive.com|title:Atracsys%20Interactive%20Virtual%20Showroom|target:_blank\u00a0\u00bb uncode_shortcode_id=\u00a0\u00bb152803&Prime; media_overlay_color_type=\u00a0\u00bbuncode-palette\u00a0\u00bb][\/vc_column][\/vc_row][vc_row row_height_percent=\u00a0\u00bb0&Prime; overlay_alpha=\u00a0\u00bb50&Prime; gutter_size=\u00a0\u00bb3&Prime; column_width_percent=\u00a0\u00bb100&Prime; shift_y=\u00a0\u00bb0&Prime; z_index=\u00a0\u00bb0&Prime;][vc_column column_width_percent=\u00a0\u00bb100&Prime; gutter_size=\u00a0\u00bb3&Prime; override_padding=\u00a0\u00bbyes\u00a0\u00bb column_padding=\u00a0\u00bb0&Prime; overlay_alpha=\u00a0\u00bb50&Prime; shift_x=\u00a0\u00bb0&Prime; shift_y=\u00a0\u00bb0&Prime; shift_y_down=\u00a0\u00bb0&Prime; z_index=\u00a0\u00bb0&Prime; medium_width=\u00a0\u00bb0&Prime; mobile_width=\u00a0\u00bb0&Prime; width=\u00a0\u00bb1\/1&Prime;][vc_column_text uncode_shortcode_id=\u00a0\u00bb138511&Prime;]<\/p>\n<h3 style=\"font-family: Quicksand;\">Transformez les visiteurs en participants qui s&rsquo;engagent activement avec votre marque<\/h3>\n<p>[\/vc_column_text][vc_column_text text_lead=\u00a0\u00bbyes\u00a0\u00bb uncode_shortcode_id=\u00a0\u00bb112829&Prime;]Dive va au-del\u00e0 d&rsquo;un simple espace virtuel, offrant des fonctionnalit\u00e9s con\u00e7ues pour maximiser l&rsquo;interaction, l&rsquo;engagement et la productivit\u00e9 :<\/p>\n<ul>\n<li>Environnement 3D enti\u00e8rement personnalisable<\/li>\n<li>Manipulation d&rsquo;objets en 3D<\/li>\n<li>Couche de communication audio\/vid\u00e9o<\/li>\n<li>Together Mode*<\/li>\n<\/ul>\n<p>*Partagez des espaces virtuels en mode \u00ab Together \u00bb pour renforcer le travail d&rsquo;\u00e9quipe et rendre les r\u00e9unions virtuelles plus coh\u00e9sives et dynamiques.<\/p>\n<h3 style=\"font-family: quicksand;\">Stimulez l&rsquo;engagement et mesurez le succ\u00e8s<\/h3>\n<p>Comprendre le comportement et l&rsquo;engagement des utilisateurs est essentiel pour am\u00e9liorer les exp\u00e9riences au sein de Dive. Gr\u00e2ce \u00e0 nos fonctions d&rsquo;analyse et de g\u00e9n\u00e9ration de leads, vous pouvez obtenir des informations pr\u00e9cieuses qui soutiennent la croissance :<\/p>\n<ul>\n<li>Gestionnaire int\u00e9gr\u00e9 de g\u00e9n\u00e9ration de leads<\/li>\n<li>Analyses : D\u00e9terminez exactement o\u00f9 les visiteurs passent leur temps, quels produits les int\u00e9ressent et comment ils interagissent dans l&rsquo;environnement virtuel.<\/li>\n<\/ul>\n<p>[\/vc_column_text][\/vc_column][\/vc_row][vc_row][vc_column width=\u00a0\u00bb1\/1&Prime;][uncode_block id=\u00a0\u00bb67167&Prime;][vc_empty_space empty_h=\u00a0\u00bb2&Prime;][\/vc_column][\/vc_row]<\/p>\n<\/div>","protected":false},"excerpt":{"rendered":"<p>[vc_row row_height_percent=\u00a0\u00bb0&Prime; override_padding=\u00a0\u00bbyes\u00a0\u00bb h_padding=\u00a0\u00bb0&Prime; top_padding=\u00a0\u00bb0&Prime; bottom_padding=\u00a0\u00bb0&Prime; back_color=\u00a0\u00bbcolor-206537&Prime; overlay_alpha=\u00a0\u00bb50&Prime; equal_height=\u00a0\u00bbyes\u00a0\u00bb gutter_size=\u00a0\u00bb3&Prime; column_width_percent=\u00a0\u00bb100&Prime; shift_y=\u00a0\u00bb0&Prime; z_index=\u00a0\u00bb0&Prime; row_height_pixel=\u00a0\u00bb120&Prime; uncode_shortcode_id=\u00a0\u00bb435555&Prime; back_color_type=\u00a0\u00bbuncode-palette\u00a0\u00bb][vc_column column_width_percent=\u00a0\u00bb100&Prime; position_vertical=\u00a0\u00bbbottom\u00a0\u00bb align_horizontal=\u00a0\u00bbalign_center\u00a0\u00bb gutter_size=\u00a0\u00bb3&Prime; [&hellip;]<\/p>\n","protected":false},"author":7,"featured_media":0,"parent":0,"menu_order":0,"comment_status":"closed","ping_status":"closed","template":"","meta":{"footnotes":""},"class_list":["post-73425","page","type-page","status-publish","hentry","page_category-dive-fr","page_category-solutions-fr"],"yoast_head":"<!-- This site is optimized with the Yoast SEO plugin v27.3 - https:\/\/yoast.com\/product\/yoast-seo-wordpress\/ -->\n<title>Showroom virtuel - Immensive<\/title>\n<meta name=\"description\" content=\"Votre entr\u00e9e dans le showroom virtuel : Dive est une plateforme 3D compl\u00e8te avec communication audio\/vid\u00e9o, lead manager, CMS, et bien plus encore.\" \/>\n<meta name=\"robots\" content=\"index, follow, max-snippet:-1, max-image-preview:large, max-video-preview:-1\" \/>\n<link rel=\"canonical\" href=\"https:\/\/www.immensive.com\/fr\/virtual-showroom\/\" \/>\n<meta property=\"og:locale\" content=\"fr_FR\" \/>\n<meta property=\"og:type\" content=\"article\" \/>\n<meta property=\"og:title\" content=\"Showroom virtuel - Immensive\" \/>\n<meta property=\"og:description\" content=\"Votre entr\u00e9e dans le showroom virtuel : Dive est une plateforme 3D compl\u00e8te avec communication audio\/vid\u00e9o, lead manager, CMS, et bien plus encore.\" \/>\n<meta property=\"og:url\" content=\"https:\/\/www.immensive.com\/fr\/virtual-showroom\/\" \/>\n<meta property=\"og:site_name\" content=\"Immensive\" \/>\n<meta property=\"article:publisher\" content=\"https:\/\/www.facebook.com\/Immensive\" \/>\n<meta property=\"article:modified_time\" content=\"2025-09-15T08:51:20+00:00\" \/>\n<meta property=\"og:image\" content=\"https:\/\/www.immensive.com\/wp-content\/uploads\/2021\/03\/Showroom-Screenshot-Window.jpg\" \/>\n\t<meta property=\"og:image:width\" content=\"2048\" \/>\n\t<meta property=\"og:image:height\" content=\"1060\" \/>\n\t<meta property=\"og:image:type\" content=\"image\/jpeg\" \/>\n<meta name=\"twitter:card\" content=\"summary_large_image\" \/>\n<meta name=\"twitter:site\" content=\"@immensive_sa\" \/>\n<meta name=\"twitter:label1\" content=\"Dur\u00e9e de lecture estim\u00e9e\" \/>\n\t<meta name=\"twitter:data1\" content=\"3 minutes\" \/>\n<script type=\"application\/ld+json\" class=\"yoast-schema-graph\">{\"@context\":\"https:\\\/\\\/schema.org\",\"@graph\":[{\"@type\":\"WebPage\",\"@id\":\"https:\\\/\\\/www.immensive.com\\\/fr\\\/virtual-showroom\\\/\",\"url\":\"https:\\\/\\\/www.immensive.com\\\/fr\\\/virtual-showroom\\\/\",\"name\":\"Showroom virtuel - Immensive\",\"isPartOf\":{\"@id\":\"https:\\\/\\\/www.immensive.com\\\/fr\\\/#website\"},\"datePublished\":\"2021-03-17T16:47:34+00:00\",\"dateModified\":\"2025-09-15T08:51:20+00:00\",\"description\":\"Votre entr\u00e9e dans le showroom virtuel : Dive est une plateforme 3D compl\u00e8te avec communication audio\\\/vid\u00e9o, lead manager, CMS, et bien plus encore.\",\"breadcrumb\":{\"@id\":\"https:\\\/\\\/www.immensive.com\\\/fr\\\/virtual-showroom\\\/#breadcrumb\"},\"inLanguage\":\"fr-FR\",\"potentialAction\":[{\"@type\":\"ReadAction\",\"target\":[\"https:\\\/\\\/www.immensive.com\\\/fr\\\/virtual-showroom\\\/\"]}]},{\"@type\":\"BreadcrumbList\",\"@id\":\"https:\\\/\\\/www.immensive.com\\\/fr\\\/virtual-showroom\\\/#breadcrumb\",\"itemListElement\":[{\"@type\":\"ListItem\",\"position\":1,\"name\":\"Home\",\"item\":\"https:\\\/\\\/www.immensive.com\\\/fr\\\/\"},{\"@type\":\"ListItem\",\"position\":2,\"name\":\"Showroom virtuel\"}]},{\"@type\":\"WebSite\",\"@id\":\"https:\\\/\\\/www.immensive.com\\\/fr\\\/#website\",\"url\":\"https:\\\/\\\/www.immensive.com\\\/fr\\\/\",\"name\":\"Immensive\",\"description\":\"Interactive Solutions and Corporate Metaverse\",\"publisher\":{\"@id\":\"https:\\\/\\\/www.immensive.com\\\/fr\\\/#organization\"},\"potentialAction\":[{\"@type\":\"SearchAction\",\"target\":{\"@type\":\"EntryPoint\",\"urlTemplate\":\"https:\\\/\\\/www.immensive.com\\\/fr\\\/?s={search_term_string}\"},\"query-input\":{\"@type\":\"PropertyValueSpecification\",\"valueRequired\":true,\"valueName\":\"search_term_string\"}}],\"inLanguage\":\"fr-FR\"},{\"@type\":\"Organization\",\"@id\":\"https:\\\/\\\/www.immensive.com\\\/fr\\\/#organization\",\"name\":\"Immensive SA\",\"url\":\"https:\\\/\\\/www.immensive.com\\\/fr\\\/\",\"logo\":{\"@type\":\"ImageObject\",\"inLanguage\":\"fr-FR\",\"@id\":\"https:\\\/\\\/www.immensive.com\\\/fr\\\/#\\\/schema\\\/logo\\\/image\\\/\",\"url\":\"https:\\\/\\\/www.immensive.com\\\/wp-content\\\/uploads\\\/2024\\\/10\\\/Logo_Standard_Web-1.png\",\"contentUrl\":\"https:\\\/\\\/www.immensive.com\\\/wp-content\\\/uploads\\\/2024\\\/10\\\/Logo_Standard_Web-1.png\",\"width\":982,\"height\":296,\"caption\":\"Immensive SA\"},\"image\":{\"@id\":\"https:\\\/\\\/www.immensive.com\\\/fr\\\/#\\\/schema\\\/logo\\\/image\\\/\"},\"sameAs\":[\"https:\\\/\\\/www.facebook.com\\\/Immensive\",\"https:\\\/\\\/x.com\\\/immensive_sa\",\"https:\\\/\\\/www.instagram.com\\\/immensive\\\/\",\"https:\\\/\\\/www.linkedin.com\\\/company\\\/immensive_sa\",\"https:\\\/\\\/www.youtube.com\\\/channel\\\/UCQh4ErJgBoTQ9p2b4F0QmZg\"]}]}<\/script>\n<!-- \/ Yoast SEO plugin. -->","yoast_head_json":{"title":"Showroom virtuel - Immensive","description":"Votre entr\u00e9e dans le showroom virtuel : Dive est une plateforme 3D compl\u00e8te avec communication audio\/vid\u00e9o, lead manager, CMS, et bien plus encore.","robots":{"index":"index","follow":"follow","max-snippet":"max-snippet:-1","max-image-preview":"max-image-preview:large","max-video-preview":"max-video-preview:-1"},"canonical":"https:\/\/www.immensive.com\/fr\/virtual-showroom\/","og_locale":"fr_FR","og_type":"article","og_title":"Showroom virtuel - Immensive","og_description":"Votre entr\u00e9e dans le showroom virtuel : Dive est une plateforme 3D compl\u00e8te avec communication audio\/vid\u00e9o, lead manager, CMS, et bien plus encore.","og_url":"https:\/\/www.immensive.com\/fr\/virtual-showroom\/","og_site_name":"Immensive","article_publisher":"https:\/\/www.facebook.com\/Immensive","article_modified_time":"2025-09-15T08:51:20+00:00","og_image":[{"width":2048,"height":1060,"url":"https:\/\/www.immensive.com\/wp-content\/uploads\/2021\/03\/Showroom-Screenshot-Window.jpg","type":"image\/jpeg"}],"twitter_card":"summary_large_image","twitter_site":"@immensive_sa","twitter_misc":{"Dur\u00e9e de lecture estim\u00e9e":"3 minutes"},"schema":{"@context":"https:\/\/schema.org","@graph":[{"@type":"WebPage","@id":"https:\/\/www.immensive.com\/fr\/virtual-showroom\/","url":"https:\/\/www.immensive.com\/fr\/virtual-showroom\/","name":"Showroom virtuel - Immensive","isPartOf":{"@id":"https:\/\/www.immensive.com\/fr\/#website"},"datePublished":"2021-03-17T16:47:34+00:00","dateModified":"2025-09-15T08:51:20+00:00","description":"Votre entr\u00e9e dans le showroom virtuel : Dive est une plateforme 3D compl\u00e8te avec communication audio\/vid\u00e9o, lead manager, CMS, et bien plus encore.","breadcrumb":{"@id":"https:\/\/www.immensive.com\/fr\/virtual-showroom\/#breadcrumb"},"inLanguage":"fr-FR","potentialAction":[{"@type":"ReadAction","target":["https:\/\/www.immensive.com\/fr\/virtual-showroom\/"]}]},{"@type":"BreadcrumbList","@id":"https:\/\/www.immensive.com\/fr\/virtual-showroom\/#breadcrumb","itemListElement":[{"@type":"ListItem","position":1,"name":"Home","item":"https:\/\/www.immensive.com\/fr\/"},{"@type":"ListItem","position":2,"name":"Showroom virtuel"}]},{"@type":"WebSite","@id":"https:\/\/www.immensive.com\/fr\/#website","url":"https:\/\/www.immensive.com\/fr\/","name":"Immensive","description":"Interactive Solutions and Corporate Metaverse","publisher":{"@id":"https:\/\/www.immensive.com\/fr\/#organization"},"potentialAction":[{"@type":"SearchAction","target":{"@type":"EntryPoint","urlTemplate":"https:\/\/www.immensive.com\/fr\/?s={search_term_string}"},"query-input":{"@type":"PropertyValueSpecification","valueRequired":true,"valueName":"search_term_string"}}],"inLanguage":"fr-FR"},{"@type":"Organization","@id":"https:\/\/www.immensive.com\/fr\/#organization","name":"Immensive SA","url":"https:\/\/www.immensive.com\/fr\/","logo":{"@type":"ImageObject","inLanguage":"fr-FR","@id":"https:\/\/www.immensive.com\/fr\/#\/schema\/logo\/image\/","url":"https:\/\/www.immensive.com\/wp-content\/uploads\/2024\/10\/Logo_Standard_Web-1.png","contentUrl":"https:\/\/www.immensive.com\/wp-content\/uploads\/2024\/10\/Logo_Standard_Web-1.png","width":982,"height":296,"caption":"Immensive SA"},"image":{"@id":"https:\/\/www.immensive.com\/fr\/#\/schema\/logo\/image\/"},"sameAs":["https:\/\/www.facebook.com\/Immensive","https:\/\/x.com\/immensive_sa","https:\/\/www.instagram.com\/immensive\/","https:\/\/www.linkedin.com\/company\/immensive_sa","https:\/\/www.youtube.com\/channel\/UCQh4ErJgBoTQ9p2b4F0QmZg"]}]}},"_links":{"self":[{"href":"https:\/\/www.immensive.com\/fr\/wp-json\/wp\/v2\/pages\/73425","targetHints":{"allow":["GET"]}}],"collection":[{"href":"https:\/\/www.immensive.com\/fr\/wp-json\/wp\/v2\/pages"}],"about":[{"href":"https:\/\/www.immensive.com\/fr\/wp-json\/wp\/v2\/types\/page"}],"author":[{"embeddable":true,"href":"https:\/\/www.immensive.com\/fr\/wp-json\/wp\/v2\/users\/7"}],"replies":[{"embeddable":true,"href":"https:\/\/www.immensive.com\/fr\/wp-json\/wp\/v2\/comments?post=73425"}],"version-history":[{"count":22,"href":"https:\/\/www.immensive.com\/fr\/wp-json\/wp\/v2\/pages\/73425\/revisions"}],"predecessor-version":[{"id":147714,"href":"https:\/\/www.immensive.com\/fr\/wp-json\/wp\/v2\/pages\/73425\/revisions\/147714"}],"wp:attachment":[{"href":"https:\/\/www.immensive.com\/fr\/wp-json\/wp\/v2\/media?parent=73425"}],"curies":[{"name":"wp","href":"https:\/\/api.w.org\/{rel}","templated":true}]}}