{"id":73420,"date":"2022-08-29T14:45:15","date_gmt":"2022-08-29T13:45:15","guid":{"rendered":"https:\/\/www.immensive.com\/realite-virtuelle-et-augmentee\/"},"modified":"2025-09-15T11:00:37","modified_gmt":"2025-09-15T10:00:37","slug":"realite-virtuelle-et-augmentee","status":"publish","type":"page","link":"https:\/\/www.immensive.com\/fr\/realite-virtuelle-et-augmentee\/","title":{"rendered":"R\u00e9alit\u00e9 virtuelle et augment\u00e9e"},"content":{"rendered":"<div class=\"wpb-content-wrapper\"><p>[vc_row row_height_percent=\u00a0\u00bb0&Prime; override_padding=\u00a0\u00bbyes\u00a0\u00bb h_padding=\u00a0\u00bb0&Prime; top_padding=\u00a0\u00bb0&Prime; bottom_padding=\u00a0\u00bb0&Prime; back_color=\u00a0\u00bbcolor-206537&Prime; overlay_alpha=\u00a0\u00bb50&Prime; equal_height=\u00a0\u00bbyes\u00a0\u00bb gutter_size=\u00a0\u00bb3&Prime; column_width_percent=\u00a0\u00bb100&Prime; shift_y=\u00a0\u00bb0&Prime; z_index=\u00a0\u00bb0&Prime; row_height_pixel=\u00a0\u00bb120&Prime; uncode_shortcode_id=\u00a0\u00bb533793&Prime; back_color_type=\u00a0\u00bbuncode-palette\u00a0\u00bb][vc_column column_width_percent=\u00a0\u00bb100&Prime; position_vertical=\u00a0\u00bbbottom\u00a0\u00bb align_horizontal=\u00a0\u00bbalign_center\u00a0\u00bb gutter_size=\u00a0\u00bb3&Prime; override_padding=\u00a0\u00bbyes\u00a0\u00bb column_padding=\u00a0\u00bb2&Prime; style=\u00a0\u00bbdark\u00a0\u00bb overlay_alpha=\u00a0\u00bb50&Prime; shift_x=\u00a0\u00bb0&Prime; shift_y=\u00a0\u00bb0&Prime; shift_y_down=\u00a0\u00bb0&Prime; z_index=\u00a0\u00bb0&Prime; medium_width=\u00a0\u00bb0&Prime; mobile_width=\u00a0\u00bb0&Prime; width=\u00a0\u00bb1\/1&Prime; css=\u00a0\u00bb.vc_custom_1519947016391{padding-bottom: 30px !important;}\u00a0\u00bb][vc_column_text css_animation=\u00a0\u00bbzoom-out\u00a0\u00bb uncode_shortcode_id=\u00a0\u00bb202967&Prime;]<\/p>\n<p style=\"font-size: 40px; line-height: 44px; font-weight: bold; font-family: Quicksand; text-align: center;\">R\u00e9alit\u00e9 virtuelle et augment\u00e9e<\/p>\n<p>[\/vc_column_text][vc_empty_space empty_h=\u00a0\u00bb1&Prime;][\/vc_column][\/vc_row][vc_row][vc_column width=\u00a0\u00bb1\/1&Prime;][vc_single_image media=\u00a0\u00bb147835&Prime; media_width_percent=\u00a0\u00bb100&Prime; media_ratio=\u00a0\u00bbtwentyone-nine\u00a0\u00bb alignment=\u00a0\u00bbcenter\u00a0\u00bb shape=\u00a0\u00bbimg-round\u00a0\u00bb radius=\u00a0\u00bblg\u00a0\u00bb border=\u00a0\u00bbyes\u00a0\u00bb shadow=\u00a0\u00bbyes\u00a0\u00bb shadow_weight=\u00a0\u00bbsm\u00a0\u00bb uncode_shortcode_id=\u00a0\u00bb624036&Prime;][\/vc_column][\/vc_row][vc_row row_height_percent=\u00a0\u00bb0&Prime; overlay_alpha=\u00a0\u00bb50&Prime; gutter_size=\u00a0\u00bb3&Prime; column_width_percent=\u00a0\u00bb100&Prime; shift_y=\u00a0\u00bb0&Prime; z_index=\u00a0\u00bb0&Prime;][vc_column column_width_percent=\u00a0\u00bb100&Prime; gutter_size=\u00a0\u00bb3&Prime; override_padding=\u00a0\u00bbyes\u00a0\u00bb column_padding=\u00a0\u00bb0&Prime; overlay_alpha=\u00a0\u00bb50&Prime; shift_x=\u00a0\u00bb0&Prime; shift_y=\u00a0\u00bb0&Prime; shift_y_down=\u00a0\u00bb0&Prime; z_index=\u00a0\u00bb0&Prime; medium_width=\u00a0\u00bb0&Prime; mobile_width=\u00a0\u00bb0&Prime; width=\u00a0\u00bb1\/1&Prime;][vc_column_text uncode_shortcode_id=\u00a0\u00bb359362&Prime;]<\/p>\n<h3 style=\"font-family: Quicksand;\">Votre projet VR\/AR n&rsquo;est plus qu&rsquo;\u00e0 une r\u00e9union de lancement<\/h3>\n<p>[\/vc_column_text][vc_column_text text_lead=\u00a0\u00bbyes\u00a0\u00bb uncode_shortcode_id=\u00a0\u00bb189593&Prime;]Chez <strong>Immensive<\/strong>, nous sommes sp\u00e9cialis\u00e9s dans la cr\u00e9ation d&rsquo;exp\u00e9riences immersives en <strong>R\u00e9alit\u00e9 Virtuelle (VR)<\/strong> et en <strong>R\u00e9alit\u00e9 Augment\u00e9e (AR)<\/strong> qui transforment la mani\u00e8re dont les utilisateurs interagissent avec le monde num\u00e9rique. Nous ne nous contentons pas de reproduire des environnements \u2014 nous concevons des exp\u00e9riences qui repoussent les limites de l&rsquo;interactivit\u00e9 et de l&rsquo;engagement.<\/p>\n<h3 style=\"font-family: Quicksand;\">Notre expertise en VR et AR<\/h3>\n<p>Avec notre expertise avanc\u00e9e, nous avons aid\u00e9 de nombreuses marques \u00e0 exploiter la puissance de la <strong>R\u00e9alit\u00e9 Virtuelle<\/strong> pour simuler des environnements immersifs, offrir des formations interactives, proposer des visites virtuelles, r\u00e9aliser des d\u00e9monstrations de produits, et bien plus encore. Parall\u00e8lement, nous utilisons la <strong>R\u00e9alit\u00e9 Augment\u00e9e<\/strong> pour enrichir l&rsquo;exp\u00e9rience utilisateur en superposant des \u00e9l\u00e9ments num\u00e9riques sur le monde r\u00e9el, offrant ainsi des solutions innovantes dans les domaines du marketing, de l&rsquo;\u00e9ducation, des ventes et bien au-del\u00e0.<\/p>\n<h3 style=\"font-family: Quicksand;\">Des projets sur mesure pour r\u00e9pondre \u00e0 vos besoins<\/h3>\n<p>Chaque projet VR\/AR que nous d\u00e9veloppons est personnalis\u00e9 pour r\u00e9pondre \u00e0 vos objectifs sp\u00e9cifiques. Que vous souhaitiez cr\u00e9er des programmes de formation interactifs, lancer des campagnes de marketing attrayantes ou proposer des exp\u00e9riences de produits en 3D, nous nous appuyons sur les technologies les plus r\u00e9centes pour concevoir des solutions qui captivent et engagent vos utilisateurs.[\/vc_column_text][\/vc_column][\/vc_row][vc_row unlock_row_content=\u00a0\u00bbyes\u00a0\u00bb row_height_percent=\u00a0\u00bb32&Prime; back_color=\u00a0\u00bbcolor-prif\u00a0\u00bb overlay_alpha=\u00a0\u00bb50&Prime; gutter_size=\u00a0\u00bb3&Prime; column_width_percent=\u00a0\u00bb100&Prime; shift_y=\u00a0\u00bb0&Prime; z_index=\u00a0\u00bb0&Prime; top_divider=\u00a0\u00bbtilt\u00a0\u00bb content_parallax=\u00a0\u00bb0&Prime; uncode_shortcode_id=\u00a0\u00bb160366&Prime; back_color_type=\u00a0\u00bbuncode-palette\u00a0\u00bb][vc_column width=\u00a0\u00bb1\/1&Prime;][vc_row_inner limit_content=\u00a0\u00bb\u00a0\u00bb][vc_column_inner width=\u00a0\u00bb1\/4&Prime;][\/vc_column_inner][vc_column_inner width=\u00a0\u00bb1\/2&Prime;][vc_column_text uncode_shortcode_id=\u00a0\u00bb970316&Prime;]<\/p>\n<h3 style=\"font-family: Quicksand; color: #ffffff;\">Nos projets<\/h3>\n<p>[\/vc_column_text][vc_column_text text_lead=\u00a0\u00bbyes\u00a0\u00bb uncode_shortcode_id=\u00a0\u00bb154831&Prime;]<\/p>\n<p style=\"color: #ffffff;\">Parce qu\u2019une image vaut mille mots, d\u00e9couvrez ci-dessous les projets que nous avons cr\u00e9\u00e9s en VR\/AR.<\/p>\n<p>[\/vc_column_text][\/vc_column_inner][vc_column_inner width=\u00a0\u00bb1\/4&Prime;][\/vc_column_inner][\/vc_row_inner][uncode_index el_id=\u00a0\u00bbindex-4487854353&Prime; loop=\u00a0\u00bbsize:4|order_by:rand|post_type:portfolio|categories:105|tax_query:130|taxonomy_count:10&Prime; screen_lg=\u00a0\u00bb1000&Prime; screen_md=\u00a0\u00bb600&Prime; screen_sm=\u00a0\u00bb480&Prime; gutter_size=\u00a0\u00bb3&Prime; post_items=\u00a0\u00bbmedia|featured|onpost|original,title,category|nobg|relative|display-icon,date,text|full|400,link|default|default_size|outline\u00a0\u00bb portfolio_items=\u00a0\u00bbmedia|featured|onpost|original,title,category|nobg|relative|hide-icon\u00a0\u00bb single_text=\u00a0\u00bboverlay\u00a0\u00bb single_width=\u00a0\u00bb3&Prime; images_size=\u00a0\u00bbsixteen-nine\u00a0\u00bb single_overlay_color=\u00a0\u00bbcolor-jevc\u00a0\u00bb single_overlay_coloration=\u00a0\u00bbbottom_gradient\u00a0\u00bb single_overlay_opacity=\u00a0\u00bb80&Prime; single_text_anim_type=\u00a0\u00bbbtt\u00a0\u00bb single_v_position=\u00a0\u00bbbottom\u00a0\u00bb single_padding=\u00a0\u00bb1&Prime; single_text_reduced=\u00a0\u00bbyes\u00a0\u00bb single_title_family=\u00a0\u00bbfont-129489&Prime; single_text_lead=\u00a0\u00bbyes\u00a0\u00bb single_shadow=\u00a0\u00bbyes\u00a0\u00bb single_border=\u00a0\u00bbyes\u00a0\u00bb single_css_animation=\u00a0\u00bbzoom-in\u00a0\u00bb single_animation_speed=\u00a0\u00bb300&Prime; title=\u00a0\u00bbPortfolio Archive\u00a0\u00bb uncode_shortcode_id=\u00a0\u00bb200217&Prime;][vc_empty_space empty_h=\u00a0\u00bb2&Prime;][\/vc_column][\/vc_row][vc_row][vc_column width=\u00a0\u00bb1\/1&Prime;][uncode_block id=\u00a0\u00bb67167&Prime;][vc_empty_space empty_h=\u00a0\u00bb2&Prime;][\/vc_column][\/vc_row]<\/p>\n<\/div>","protected":false},"excerpt":{"rendered":"<p>[vc_row row_height_percent=\u00a0\u00bb0&Prime; override_padding=\u00a0\u00bbyes\u00a0\u00bb h_padding=\u00a0\u00bb0&Prime; top_padding=\u00a0\u00bb0&Prime; bottom_padding=\u00a0\u00bb0&Prime; back_color=\u00a0\u00bbcolor-206537&Prime; overlay_alpha=\u00a0\u00bb50&Prime; equal_height=\u00a0\u00bbyes\u00a0\u00bb gutter_size=\u00a0\u00bb3&Prime; column_width_percent=\u00a0\u00bb100&Prime; shift_y=\u00a0\u00bb0&Prime; z_index=\u00a0\u00bb0&Prime; row_height_pixel=\u00a0\u00bb120&Prime; uncode_shortcode_id=\u00a0\u00bb533793&Prime; back_color_type=\u00a0\u00bbuncode-palette\u00a0\u00bb][vc_column column_width_percent=\u00a0\u00bb100&Prime; position_vertical=\u00a0\u00bbbottom\u00a0\u00bb align_horizontal=\u00a0\u00bbalign_center\u00a0\u00bb gutter_size=\u00a0\u00bb3&Prime; [&hellip;]<\/p>\n","protected":false},"author":7,"featured_media":0,"parent":0,"menu_order":0,"comment_status":"closed","ping_status":"closed","template":"","meta":{"footnotes":""},"class_list":["post-73420","page","type-page","status-publish","hentry","page_category-solutions-fr","page_category-dive-fr"],"yoast_head":"<!-- This site is optimized with the Yoast SEO plugin v27.5 - https:\/\/yoast.com\/product\/yoast-seo-wordpress\/ -->\n<title>R\u00e9alit\u00e9 virtuelle et augment\u00e9e - Immensive<\/title>\n<meta name=\"description\" content=\"Fournisseur de services complets pour les applications de r\u00e9alit\u00e9 virtuelle et augment\u00e9e. Immensive vous assiste lors de la conception et de la mise en \u0153uvre.\" \/>\n<meta name=\"robots\" content=\"index, follow, max-snippet:-1, max-image-preview:large, max-video-preview:-1\" \/>\n<link rel=\"canonical\" href=\"https:\/\/www.immensive.com\/fr\/realite-virtuelle-et-augmentee\/\" \/>\n<meta property=\"og:locale\" content=\"fr_FR\" \/>\n<meta property=\"og:type\" content=\"article\" \/>\n<meta property=\"og:title\" content=\"R\u00e9alit\u00e9 virtuelle et augment\u00e9e - Immensive\" \/>\n<meta property=\"og:description\" content=\"Fournisseur de services complets pour les applications de r\u00e9alit\u00e9 virtuelle et augment\u00e9e. Immensive vous assiste lors de la conception et de la mise en \u0153uvre.\" \/>\n<meta property=\"og:url\" content=\"https:\/\/www.immensive.com\/fr\/realite-virtuelle-et-augmentee\/\" \/>\n<meta property=\"og:site_name\" content=\"Immensive\" \/>\n<meta property=\"article:publisher\" content=\"https:\/\/www.facebook.com\/Immensive\" \/>\n<meta property=\"article:modified_time\" content=\"2025-09-15T10:00:37+00:00\" \/>\n<meta name=\"twitter:card\" content=\"summary_large_image\" \/>\n<meta name=\"twitter:site\" content=\"@immensive_sa\" \/>\n<meta name=\"twitter:label1\" content=\"Dur\u00e9e de lecture estim\u00e9e\" \/>\n\t<meta name=\"twitter:data1\" content=\"2 minutes\" \/>\n<script type=\"application\/ld+json\" class=\"yoast-schema-graph\">{\"@context\":\"https:\\\/\\\/schema.org\",\"@graph\":[{\"@type\":\"WebPage\",\"@id\":\"https:\\\/\\\/www.immensive.com\\\/fr\\\/realite-virtuelle-et-augmentee\\\/\",\"url\":\"https:\\\/\\\/www.immensive.com\\\/fr\\\/realite-virtuelle-et-augmentee\\\/\",\"name\":\"R\u00e9alit\u00e9 virtuelle et augment\u00e9e - Immensive\",\"isPartOf\":{\"@id\":\"https:\\\/\\\/www.immensive.com\\\/fr\\\/#website\"},\"datePublished\":\"2022-08-29T13:45:15+00:00\",\"dateModified\":\"2025-09-15T10:00:37+00:00\",\"description\":\"Fournisseur de services complets pour les applications de r\u00e9alit\u00e9 virtuelle et augment\u00e9e. Immensive vous assiste lors de la conception et de la mise en \u0153uvre.\",\"breadcrumb\":{\"@id\":\"https:\\\/\\\/www.immensive.com\\\/fr\\\/realite-virtuelle-et-augmentee\\\/#breadcrumb\"},\"inLanguage\":\"fr-FR\",\"potentialAction\":[{\"@type\":\"ReadAction\",\"target\":[\"https:\\\/\\\/www.immensive.com\\\/fr\\\/realite-virtuelle-et-augmentee\\\/\"]}]},{\"@type\":\"BreadcrumbList\",\"@id\":\"https:\\\/\\\/www.immensive.com\\\/fr\\\/realite-virtuelle-et-augmentee\\\/#breadcrumb\",\"itemListElement\":[{\"@type\":\"ListItem\",\"position\":1,\"name\":\"Home\",\"item\":\"https:\\\/\\\/www.immensive.com\\\/fr\\\/\"},{\"@type\":\"ListItem\",\"position\":2,\"name\":\"R\u00e9alit\u00e9 virtuelle et augment\u00e9e\"}]},{\"@type\":\"WebSite\",\"@id\":\"https:\\\/\\\/www.immensive.com\\\/fr\\\/#website\",\"url\":\"https:\\\/\\\/www.immensive.com\\\/fr\\\/\",\"name\":\"Immensive\",\"description\":\"Interactive Solutions and Corporate Metaverse\",\"publisher\":{\"@id\":\"https:\\\/\\\/www.immensive.com\\\/fr\\\/#organization\"},\"potentialAction\":[{\"@type\":\"SearchAction\",\"target\":{\"@type\":\"EntryPoint\",\"urlTemplate\":\"https:\\\/\\\/www.immensive.com\\\/fr\\\/?s={search_term_string}\"},\"query-input\":{\"@type\":\"PropertyValueSpecification\",\"valueRequired\":true,\"valueName\":\"search_term_string\"}}],\"inLanguage\":\"fr-FR\"},{\"@type\":\"Organization\",\"@id\":\"https:\\\/\\\/www.immensive.com\\\/fr\\\/#organization\",\"name\":\"Immensive SA\",\"url\":\"https:\\\/\\\/www.immensive.com\\\/fr\\\/\",\"logo\":{\"@type\":\"ImageObject\",\"inLanguage\":\"fr-FR\",\"@id\":\"https:\\\/\\\/www.immensive.com\\\/fr\\\/#\\\/schema\\\/logo\\\/image\\\/\",\"url\":\"https:\\\/\\\/www.immensive.com\\\/wp-content\\\/uploads\\\/2024\\\/10\\\/Logo_Standard_Web-1.png\",\"contentUrl\":\"https:\\\/\\\/www.immensive.com\\\/wp-content\\\/uploads\\\/2024\\\/10\\\/Logo_Standard_Web-1.png\",\"width\":982,\"height\":296,\"caption\":\"Immensive SA\"},\"image\":{\"@id\":\"https:\\\/\\\/www.immensive.com\\\/fr\\\/#\\\/schema\\\/logo\\\/image\\\/\"},\"sameAs\":[\"https:\\\/\\\/www.facebook.com\\\/Immensive\",\"https:\\\/\\\/x.com\\\/immensive_sa\",\"https:\\\/\\\/www.instagram.com\\\/immensive\\\/\",\"https:\\\/\\\/www.linkedin.com\\\/company\\\/immensive_sa\",\"https:\\\/\\\/www.youtube.com\\\/channel\\\/UCQh4ErJgBoTQ9p2b4F0QmZg\"]}]}<\/script>\n<!-- \/ Yoast SEO plugin. -->","yoast_head_json":{"title":"R\u00e9alit\u00e9 virtuelle et augment\u00e9e - Immensive","description":"Fournisseur de services complets pour les applications de r\u00e9alit\u00e9 virtuelle et augment\u00e9e. Immensive vous assiste lors de la conception et de la mise en \u0153uvre.","robots":{"index":"index","follow":"follow","max-snippet":"max-snippet:-1","max-image-preview":"max-image-preview:large","max-video-preview":"max-video-preview:-1"},"canonical":"https:\/\/www.immensive.com\/fr\/realite-virtuelle-et-augmentee\/","og_locale":"fr_FR","og_type":"article","og_title":"R\u00e9alit\u00e9 virtuelle et augment\u00e9e - Immensive","og_description":"Fournisseur de services complets pour les applications de r\u00e9alit\u00e9 virtuelle et augment\u00e9e. Immensive vous assiste lors de la conception et de la mise en \u0153uvre.","og_url":"https:\/\/www.immensive.com\/fr\/realite-virtuelle-et-augmentee\/","og_site_name":"Immensive","article_publisher":"https:\/\/www.facebook.com\/Immensive","article_modified_time":"2025-09-15T10:00:37+00:00","twitter_card":"summary_large_image","twitter_site":"@immensive_sa","twitter_misc":{"Dur\u00e9e de lecture estim\u00e9e":"2 minutes"},"schema":{"@context":"https:\/\/schema.org","@graph":[{"@type":"WebPage","@id":"https:\/\/www.immensive.com\/fr\/realite-virtuelle-et-augmentee\/","url":"https:\/\/www.immensive.com\/fr\/realite-virtuelle-et-augmentee\/","name":"R\u00e9alit\u00e9 virtuelle et augment\u00e9e - Immensive","isPartOf":{"@id":"https:\/\/www.immensive.com\/fr\/#website"},"datePublished":"2022-08-29T13:45:15+00:00","dateModified":"2025-09-15T10:00:37+00:00","description":"Fournisseur de services complets pour les applications de r\u00e9alit\u00e9 virtuelle et augment\u00e9e. Immensive vous assiste lors de la conception et de la mise en \u0153uvre.","breadcrumb":{"@id":"https:\/\/www.immensive.com\/fr\/realite-virtuelle-et-augmentee\/#breadcrumb"},"inLanguage":"fr-FR","potentialAction":[{"@type":"ReadAction","target":["https:\/\/www.immensive.com\/fr\/realite-virtuelle-et-augmentee\/"]}]},{"@type":"BreadcrumbList","@id":"https:\/\/www.immensive.com\/fr\/realite-virtuelle-et-augmentee\/#breadcrumb","itemListElement":[{"@type":"ListItem","position":1,"name":"Home","item":"https:\/\/www.immensive.com\/fr\/"},{"@type":"ListItem","position":2,"name":"R\u00e9alit\u00e9 virtuelle et augment\u00e9e"}]},{"@type":"WebSite","@id":"https:\/\/www.immensive.com\/fr\/#website","url":"https:\/\/www.immensive.com\/fr\/","name":"Immensive","description":"Interactive Solutions and Corporate Metaverse","publisher":{"@id":"https:\/\/www.immensive.com\/fr\/#organization"},"potentialAction":[{"@type":"SearchAction","target":{"@type":"EntryPoint","urlTemplate":"https:\/\/www.immensive.com\/fr\/?s={search_term_string}"},"query-input":{"@type":"PropertyValueSpecification","valueRequired":true,"valueName":"search_term_string"}}],"inLanguage":"fr-FR"},{"@type":"Organization","@id":"https:\/\/www.immensive.com\/fr\/#organization","name":"Immensive SA","url":"https:\/\/www.immensive.com\/fr\/","logo":{"@type":"ImageObject","inLanguage":"fr-FR","@id":"https:\/\/www.immensive.com\/fr\/#\/schema\/logo\/image\/","url":"https:\/\/www.immensive.com\/wp-content\/uploads\/2024\/10\/Logo_Standard_Web-1.png","contentUrl":"https:\/\/www.immensive.com\/wp-content\/uploads\/2024\/10\/Logo_Standard_Web-1.png","width":982,"height":296,"caption":"Immensive SA"},"image":{"@id":"https:\/\/www.immensive.com\/fr\/#\/schema\/logo\/image\/"},"sameAs":["https:\/\/www.facebook.com\/Immensive","https:\/\/x.com\/immensive_sa","https:\/\/www.instagram.com\/immensive\/","https:\/\/www.linkedin.com\/company\/immensive_sa","https:\/\/www.youtube.com\/channel\/UCQh4ErJgBoTQ9p2b4F0QmZg"]}]}},"_links":{"self":[{"href":"https:\/\/www.immensive.com\/fr\/wp-json\/wp\/v2\/pages\/73420","targetHints":{"allow":["GET"]}}],"collection":[{"href":"https:\/\/www.immensive.com\/fr\/wp-json\/wp\/v2\/pages"}],"about":[{"href":"https:\/\/www.immensive.com\/fr\/wp-json\/wp\/v2\/types\/page"}],"author":[{"embeddable":true,"href":"https:\/\/www.immensive.com\/fr\/wp-json\/wp\/v2\/users\/7"}],"replies":[{"embeddable":true,"href":"https:\/\/www.immensive.com\/fr\/wp-json\/wp\/v2\/comments?post=73420"}],"version-history":[{"count":23,"href":"https:\/\/www.immensive.com\/fr\/wp-json\/wp\/v2\/pages\/73420\/revisions"}],"predecessor-version":[{"id":147837,"href":"https:\/\/www.immensive.com\/fr\/wp-json\/wp\/v2\/pages\/73420\/revisions\/147837"}],"wp:attachment":[{"href":"https:\/\/www.immensive.com\/fr\/wp-json\/wp\/v2\/media?parent=73420"}],"curies":[{"name":"wp","href":"https:\/\/api.w.org\/{rel}","templated":true}]}}