{"id":73399,"date":"2017-09-26T15:48:26","date_gmt":"2017-09-26T14:48:26","guid":{"rendered":"https:\/\/www.immensive.com\/contact\/"},"modified":"2026-01-30T13:49:55","modified_gmt":"2026-01-30T12:49:55","slug":"contact","status":"publish","type":"page","link":"https:\/\/www.immensive.com\/fr\/contact\/","title":{"rendered":"Contact"},"content":{"rendered":"<div class=\"wpb-content-wrapper\"><p>[vc_row row_height_percent=\u00a0\u00bb0&Prime; override_padding=\u00a0\u00bbyes\u00a0\u00bb h_padding=\u00a0\u00bb0&Prime; top_padding=\u00a0\u00bb0&Prime; bottom_padding=\u00a0\u00bb0&Prime; back_color=\u00a0\u00bbcolor-206537&Prime; overlay_alpha=\u00a0\u00bb50&Prime; equal_height=\u00a0\u00bbyes\u00a0\u00bb gutter_size=\u00a0\u00bb3&Prime; column_width_percent=\u00a0\u00bb100&Prime; shift_y=\u00a0\u00bb0&Prime; z_index=\u00a0\u00bb0&Prime; row_height_pixel=\u00a0\u00bb120&Prime; uncode_shortcode_id=\u00a0\u00bb108557&Prime; back_color_type=\u00a0\u00bbuncode-palette\u00a0\u00bb][vc_column column_width_percent=\u00a0\u00bb100&Prime; position_vertical=\u00a0\u00bbbottom\u00a0\u00bb align_horizontal=\u00a0\u00bbalign_center\u00a0\u00bb gutter_size=\u00a0\u00bb3&Prime; override_padding=\u00a0\u00bbyes\u00a0\u00bb column_padding=\u00a0\u00bb2&Prime; style=\u00a0\u00bbdark\u00a0\u00bb overlay_alpha=\u00a0\u00bb50&Prime; shift_x=\u00a0\u00bb0&Prime; shift_y=\u00a0\u00bb0&Prime; shift_y_down=\u00a0\u00bb0&Prime; z_index=\u00a0\u00bb0&Prime; medium_width=\u00a0\u00bb0&Prime; mobile_width=\u00a0\u00bb0&Prime; width=\u00a0\u00bb1\/1&Prime; css=\u00a0\u00bb.vc_custom_1519947016391{padding-bottom: 30px !important;}\u00a0\u00bb][vc_column_text css_animation=\u00a0\u00bbzoom-out\u00a0\u00bb]<\/p>\n<p style=\"font-size: 40px; line-height: 44px; font-weight: bold; font-family: Quicksand; text-align: center;\">Contact<\/p>\n<p>[\/vc_column_text][vc_empty_space empty_h=\u00a0\u00bb1&Prime;][\/vc_column][\/vc_row][vc_row row_height_percent=\u00a0\u00bb0&Prime; overlay_alpha=\u00a0\u00bb50&Prime; gutter_size=\u00a0\u00bb3&Prime; column_width_percent=\u00a0\u00bb100&Prime; shift_y=\u00a0\u00bb0&Prime; z_index=\u00a0\u00bb0&Prime;][vc_column column_width_percent=\u00a0\u00bb100&Prime; position_vertical=\u00a0\u00bbmiddle\u00a0\u00bb align_horizontal=\u00a0\u00bbalign_center\u00a0\u00bb gutter_size=\u00a0\u00bb3&Prime; overlay_alpha=\u00a0\u00bb50&Prime; shift_x=\u00a0\u00bb0&Prime; shift_y=\u00a0\u00bb0&Prime; shift_y_down=\u00a0\u00bb0&Prime; z_index=\u00a0\u00bb0&Prime; medium_width=\u00a0\u00bb0&Prime; mobile_width=\u00a0\u00bb0&Prime; width=\u00a0\u00bb1\/1&Prime;][vc_column_text uncode_shortcode_id=\u00a0\u00bb124730&Prime;]<\/p>\n<h2 style=\"font-family: Quicksand; text-align: center;\">Contactez-nous par t\u00e9l\u00e9phone via les num\u00e9ros suivants<\/h2>\n<p>[\/vc_column_text][vc_row_inner limit_content=\u00a0\u00bb\u00a0\u00bb][vc_column_inner column_width_use_pixel=\u00a0\u00bbyes\u00a0\u00bb position_horizontal=\u00a0\u00bbright\u00a0\u00bb align_horizontal=\u00a0\u00bbalign_center\u00a0\u00bb gutter_size=\u00a0\u00bb3&Prime; overlay_alpha=\u00a0\u00bb50&Prime; radius=\u00a0\u00bbstd\u00a0\u00bb shift_x=\u00a0\u00bb0&Prime; shift_y=\u00a0\u00bb0&Prime; shift_y_down=\u00a0\u00bb0&Prime; z_index=\u00a0\u00bb0&Prime; medium_width=\u00a0\u00bb0&Prime; mobile_width=\u00a0\u00bb0&Prime; width=\u00a0\u00bb1\/2&Prime;][vc_column_text uncode_shortcode_id=\u00a0\u00bb184244&Prime;]<\/p>\n<h3 style=\"font-family: Quicksand; text-align: center;\">Standard<\/h3>\n<h3 style=\"font-family: Quicksand; text-align: center;\"><a href=\"tel:+41%2021%20546%2086%2000\"><span style=\"font-size: 28px; font-weight: 600; line-height: 30px;\">+41 21 546 86 00<\/span><\/a><\/h3>\n<p style=\"text-align: center;\">Du lundi au vendredi, de 9h00 \u00e0 17h00<\/p>\n<p>[\/vc_column_text][\/vc_column_inner][vc_column_inner column_width_percent=\u00a0\u00bb100&Prime; position_horizontal=\u00a0\u00bbleft\u00a0\u00bb align_horizontal=\u00a0\u00bbalign_center\u00a0\u00bb gutter_size=\u00a0\u00bb3&Prime; overlay_alpha=\u00a0\u00bb50&Prime; shift_x=\u00a0\u00bb0&Prime; shift_y=\u00a0\u00bb0&Prime; shift_y_down=\u00a0\u00bb0&Prime; z_index=\u00a0\u00bb0&Prime; medium_width=\u00a0\u00bb0&Prime; mobile_width=\u00a0\u00bb0&Prime; width=\u00a0\u00bb1\/2&Prime;][vc_column_text]<\/p>\n<h3 style=\"font-family: Quicksand; text-align: center;\">Support technique<\/h3>\n<h3 style=\"font-family: Quicksand; text-align: center;\"><a href=\"tel:+41%2021%20546%2086%2009\"><span style=\"font-size: 28px; font-weight: 600; line-height: 30px;\">+41 21 546 86 09<\/span><\/a><\/h3>\n<p style=\"text-align: center;\">Du lundi au vendredi, de 9h00 \u00e0 17h00<\/p>\n<p>[\/vc_column_text][\/vc_column_inner][\/vc_row_inner][vc_empty_space empty_h=\u00a0\u00bb2&Prime;][\/vc_column][\/vc_row][vc_row row_height_percent=\u00a0\u00bb0&Prime; back_color=\u00a0\u00bbcolor-gyho\u00a0\u00bb overlay_alpha=\u00a0\u00bb50&Prime; gutter_size=\u00a0\u00bb3&Prime; column_width_percent=\u00a0\u00bb100&Prime; shift_y=\u00a0\u00bb0&Prime; z_index=\u00a0\u00bb0&Prime; top_divider=\u00a0\u00bbtilt\u00a0\u00bb content_parallax=\u00a0\u00bb0&Prime; uncode_shortcode_id=\u00a0\u00bb101520&Prime; back_color_type=\u00a0\u00bbuncode-palette\u00a0\u00bb][vc_column column_width_percent=\u00a0\u00bb100&Prime; position_vertical=\u00a0\u00bbmiddle\u00a0\u00bb gutter_size=\u00a0\u00bb3&Prime; overlay_alpha=\u00a0\u00bb50&Prime; shift_x=\u00a0\u00bb0&Prime; shift_y=\u00a0\u00bb0&Prime; shift_y_down=\u00a0\u00bb0&Prime; z_index=\u00a0\u00bb0&Prime; medium_width=\u00a0\u00bb0&Prime; mobile_width=\u00a0\u00bb0&Prime; width=\u00a0\u00bb1\/1&Prime;][vc_column_text text_lead=\u00a0\u00bbyes\u00a0\u00bb uncode_shortcode_id=\u00a0\u00bb162181&Prime;]<\/p>\n<h2 style=\"text-align: center; font-family: Quicksand;\">Formulaire de contact<\/h2>\n<p style=\"font-family: Quicksand; text-align: center;\">Pour toute demande de renseignements, veuillez remplir le formulaire ci-dessous et nous vous r\u00e9pondrons dans les plus brefs d\u00e9lais.<\/p>\n<p>[\/vc_column_text]\n<div class=\"wpcf7 no-js\" id=\"wpcf7-f73466-o1\" lang=\"fr-FR\" dir=\"ltr\" data-wpcf7-id=\"73466\">\n<div class=\"screen-reader-response\"><p role=\"status\" aria-live=\"polite\" aria-atomic=\"true\"><\/p> <ul><\/ul><\/div>\n<form action=\"\/fr\/wp-json\/wp\/v2\/pages\/73399#wpcf7-f73466-o1\" method=\"post\" class=\"wpcf7-form init\" aria-label=\"Formulaire de contact\" novalidate=\"novalidate\" data-status=\"init\">\n<fieldset class=\"hidden-fields-container\"><input type=\"hidden\" name=\"_wpcf7\" value=\"73466\" \/><input type=\"hidden\" name=\"_wpcf7_version\" value=\"6.1.6\" \/><input type=\"hidden\" name=\"_wpcf7_locale\" value=\"fr_FR\" \/><input type=\"hidden\" name=\"_wpcf7_unit_tag\" value=\"wpcf7-f73466-o1\" \/><input type=\"hidden\" name=\"_wpcf7_container_post\" value=\"0\" \/><input type=\"hidden\" name=\"_wpcf7_posted_data_hash\" value=\"\" \/><input type=\"hidden\" name=\"_wpcf7_recaptcha_response\" value=\"\" \/>\n<\/fieldset>\n<div class=\"one-half\">\n\t<p><label>Nom<span style=\"color:#e43127;\">*<\/span><span class=\"wpcf7-form-control-wrap\" data-name=\"your-name\"><input size=\"40\" maxlength=\"400\" class=\"wpcf7-form-control wpcf7-text wpcf7-validates-as-required\" aria-required=\"true\" aria-invalid=\"false\" value=\"\" type=\"text\" name=\"your-name\" \/><\/span><br \/>\n<\/label>\n\t<\/p>\n<\/div>\n<div class=\"one-half last\">\n\t<p><label>Entreprise<br \/>\n<span class=\"wpcf7-form-control-wrap\" data-name=\"your-company\"><input size=\"40\" maxlength=\"400\" class=\"wpcf7-form-control wpcf7-text\" aria-invalid=\"false\" value=\"\" type=\"text\" name=\"your-company\" \/><\/span><br \/>\n<\/label>\n\t<\/p>\n<\/div>\n<div class=\"one-half\">\n\t<p><label>Email<span style=\"color:#e43127;\">*<\/span><span class=\"wpcf7-form-control-wrap\" data-name=\"your-email\"><input size=\"40\" maxlength=\"400\" class=\"wpcf7-form-control wpcf7-email wpcf7-validates-as-required wpcf7-text wpcf7-validates-as-email\" aria-required=\"true\" aria-invalid=\"false\" value=\"\" type=\"email\" name=\"your-email\" \/><\/span><br \/>\n<\/label>\n\t<\/p>\n<\/div>\n<div class=\"one-half last\">\n\t<p><label>T\u00e9l\u00e9phone<br \/>\n<span class=\"wpcf7-form-control-wrap\" data-name=\"your-tel\"><input size=\"40\" maxlength=\"400\" class=\"wpcf7-form-control wpcf7-tel wpcf7-text wpcf7-validates-as-tel\" aria-invalid=\"false\" value=\"\" type=\"tel\" name=\"your-tel\" \/><\/span><br \/>\n<\/label>\n\t<\/p>\n<\/div>\n<div class=\"one-half\">\n\t<p><label>Sujet<span style=\"color:#e43127;\">*<\/span><span class=\"wpcf7-form-control-wrap\" data-name=\"your-subject\"><input size=\"40\" maxlength=\"400\" class=\"wpcf7-form-control wpcf7-text wpcf7-validates-as-required\" aria-required=\"true\" aria-invalid=\"false\" value=\"\" type=\"text\" name=\"your-subject\" \/><\/span><br \/>\n<\/label>\n\t<\/p>\n<\/div>\n<div class=\"one-half last\">\n\t<p><label>Destinataire<span style=\"color:#e43127;\">*<br \/>\n<\/span><span class=\"wpcf7-form-control-wrap\" data-name=\"your-recipient\"><select class=\"wpcf7-form-control wpcf7-select wpcf7-validates-as-required\" aria-required=\"true\" aria-invalid=\"false\" name=\"your-recipient\"><option value=\"Ventes\">Ventes<\/option><option value=\"Marketing\">Marketing<\/option><option value=\"Support\">Support<\/option><\/select><\/span><br \/>\n<\/label>\n\t<\/p>\n<\/div>\n<p><label>Votre message<br \/>\n<span class=\"wpcf7-form-control-wrap\" data-name=\"your-message\"><textarea cols=\"40\" rows=\"10\" maxlength=\"2000\" class=\"wpcf7-form-control wpcf7-textarea\" aria-invalid=\"false\" name=\"your-message\"><\/textarea><\/span><br \/>\n<\/label>\n<\/p>\n<p><input class=\"wpcf7-form-control wpcf7-submit has-spinner\" type=\"submit\" value=\"Envoyer\" \/>\n<\/p><div class=\"wpcf7-response-output\" aria-hidden=\"true\"><\/div>\n<\/form>\n<\/div>\n[\/vc_column][\/vc_row][vc_row row_height_percent=\u00a0\u00bb0&Prime; override_padding=\u00a0\u00bbyes\u00a0\u00bb h_padding=\u00a0\u00bb2&Prime; top_padding=\u00a0\u00bb0&Prime; bottom_padding=\u00a0\u00bb2&Prime; overlay_alpha=\u00a0\u00bb50&Prime; equal_height=\u00a0\u00bbyes\u00a0\u00bb gutter_size=\u00a0\u00bb3&Prime; column_width_percent=\u00a0\u00bb100&Prime; shift_y=\u00a0\u00bb0&Prime; z_index=\u00a0\u00bb0&Prime;][vc_column column_width_percent=\u00a0\u00bb100&Prime; position_vertical=\u00a0\u00bbmiddle\u00a0\u00bb gutter_size=\u00a0\u00bb3&Prime; overlay_alpha=\u00a0\u00bb50&Prime; shift_x=\u00a0\u00bb0&Prime; shift_y=\u00a0\u00bb0&Prime; shift_y_down=\u00a0\u00bb0&Prime; z_index=\u00a0\u00bb0&Prime; medium_width=\u00a0\u00bb0&Prime; mobile_width=\u00a0\u00bb0&Prime; width=\u00a0\u00bb1\/1&Prime; css=\u00a0\u00bb.vc_custom_1611048534388{padding-top: 0px !important;padding-right: 0px !important;padding-bottom: 0px !important;padding-left: 0px !important;}\u00a0\u00bb][vc_empty_space empty_h=\u00a0\u00bb1&Prime;][vc_column_text]<\/p>\n<h4 style=\"font-family: Quicksand; text-align: center;\">Deux emplacements en Suisse<\/h4>\n<p>[\/vc_column_text][\/vc_column][\/vc_row][vc_row row_height_percent=\u00a0\u00bb0&Prime; override_padding=\u00a0\u00bbyes\u00a0\u00bb h_padding=\u00a0\u00bb2&Prime; top_padding=\u00a0\u00bb0&Prime; bottom_padding=\u00a0\u00bb2&Prime; overlay_alpha=\u00a0\u00bb50&Prime; equal_height=\u00a0\u00bbyes\u00a0\u00bb gutter_size=\u00a0\u00bb3&Prime; column_width_percent=\u00a0\u00bb100&Prime; shift_y=\u00a0\u00bb0&Prime; z_index=\u00a0\u00bb0&Prime;][vc_column column_width_percent=\u00a0\u00bb100&Prime; position_vertical=\u00a0\u00bbmiddle\u00a0\u00bb gutter_size=\u00a0\u00bb3&Prime; overlay_alpha=\u00a0\u00bb50&Prime; shift_x=\u00a0\u00bb0&Prime; shift_y=\u00a0\u00bb0&Prime; shift_y_down=\u00a0\u00bb0&Prime; z_index=\u00a0\u00bb0&Prime; medium_width=\u00a0\u00bb0&Prime; mobile_width=\u00a0\u00bb0&Prime; width=\u00a0\u00bb1\/1&Prime; css=\u00a0\u00bb.vc_custom_1611048534388{padding-top: 0px !important;padding-right: 0px !important;padding-bottom: 0px !important;padding-left: 0px !important;}\u00a0\u00bb][vc_single_image media=\u00a0\u00bb71368&Prime; media_width_percent=\u00a0\u00bb100&Prime;][vc_row_inner limit_content=\u00a0\u00bb\u00a0\u00bb][vc_column_inner column_width_percent=\u00a0\u00bb100&Prime; position_vertical=\u00a0\u00bbmiddle\u00a0\u00bb align_horizontal=\u00a0\u00bbalign_center\u00a0\u00bb gutter_size=\u00a0\u00bb3&Prime; overlay_alpha=\u00a0\u00bb50&Prime; shift_x=\u00a0\u00bb0&Prime; shift_y=\u00a0\u00bb0&Prime; shift_y_down=\u00a0\u00bb0&Prime; z_index=\u00a0\u00bb0&Prime; medium_width=\u00a0\u00bb0&Prime; mobile_width=\u00a0\u00bb0&Prime; width=\u00a0\u00bb1\/2&Prime;][vc_column_text el_class=\u00a0\u00bbpara\u00a0\u00bb uncode_shortcode_id=\u00a0\u00bb196118&Prime;]<\/p>\n<h4 style=\"font-family: Quicksand;\">Lausanne &#8211; Si\u00e8ge<\/h4>\n<p><a href=\"https:\/\/www.immensive.com\/fr\/qui-sommes-nous\/\" target=\"_blank\" rel=\"noopener\">Immensive SA<\/a><br \/>\nChemin de Mornex 3<br \/>\n1003 Lausanne<br \/>\nSuisse<\/p>\n<p><a style=\"font-family: Quicksand;\" href=\"tel:+41%2021%20546%2086%2000\">+41 21 546 86 00<\/a>[\/vc_column_text][\/vc_column_inner][vc_column_inner width=\u00a0\u00bb1\/2&Prime;][vc_raw_html]PGlmcmFtZSBzcmM9Imh0dHBzOi8vd3d3Lmdvb2dsZS5jb20vbWFwcy9lbWJlZD9wYj0hMW0xOCExbTEyITFtMyExZDI3NDUuNDk2MzM3OTMzNzQ5NiEyZDYuNjI3NTY4ODAxMDAwNjU4ITNkNDYuNTE4MDc5MzkyNjIwNDY0ITJtMyExZjAhMmYwITNmMCEzbTIhMWkxMDI0ITJpNzY4ITRmMTMuMSEzbTMhMW0yITFzMHg0NzhjMmYzOWUyNTFiZjNiJTNBMHgxOTBiYjYwMTgyNzU2NGIxITJzQXRyYWNzeXMlMjBJbnRlcmFjdGl2ZSUyMFNBJTIwLSUyMExhdXNhbm5lITVlMCEzbTIhMXNlbiEyc2NoITR2MTU3Mjg2NDMyMTUyOSE1bTIhMXNlbiEyc2NoIiBmcmFtZWJvcmRlcj0iMCIgaGVpZ2h0PSIyNDBweCIgc3R5bGU9ImJvcmRlcjowIiBhbGxvd2Z1bGxzY3JlZW49IiI+PC9pZnJhbWU+[\/vc_raw_html][\/vc_column_inner][\/vc_row_inner][\/vc_column][\/vc_row][vc_row row_height_percent=\u00a0\u00bb0&Prime; override_padding=\u00a0\u00bbyes\u00a0\u00bb h_padding=\u00a0\u00bb2&Prime; top_padding=\u00a0\u00bb0&Prime; bottom_padding=\u00a0\u00bb2&Prime; overlay_alpha=\u00a0\u00bb50&Prime; equal_height=\u00a0\u00bbyes\u00a0\u00bb gutter_size=\u00a0\u00bb3&Prime; column_width_percent=\u00a0\u00bb100&Prime; shift_y=\u00a0\u00bb0&Prime; z_index=\u00a0\u00bb0&Prime;][vc_column width=\u00a0\u00bb1\/1&Prime;][vc_single_image media=\u00a0\u00bb71082&Prime; media_width_percent=\u00a0\u00bb100&Prime;][vc_row_inner limit_content=\u00a0\u00bb\u00a0\u00bb][vc_column_inner column_width_percent=\u00a0\u00bb100&Prime; position_vertical=\u00a0\u00bbmiddle\u00a0\u00bb align_horizontal=\u00a0\u00bbalign_center\u00a0\u00bb gutter_size=\u00a0\u00bb3&Prime; overlay_alpha=\u00a0\u00bb50&Prime; shift_x=\u00a0\u00bb0&Prime; shift_y=\u00a0\u00bb0&Prime; shift_y_down=\u00a0\u00bb0&Prime; z_index=\u00a0\u00bb0&Prime; medium_width=\u00a0\u00bb0&Prime; mobile_width=\u00a0\u00bb0&Prime; width=\u00a0\u00bb1\/2&Prime;][vc_column_text el_class=\u00a0\u00bbpara\u00a0\u00bb uncode_shortcode_id=\u00a0\u00bb130335&Prime;]<\/p>\n<h4 style=\"font-family: Quicksand;\">Rotkreuz &#8211; Showroom<\/h4>\n<p><a href=\"https:\/\/www.immensive.com\/fr\/qui-sommes-nous\/\" target=\"_blank\" rel=\"noopener\">Immensive SA<\/a><br \/>\nc\/o Switzerland Innovation Park Central<br \/>\nSuurstoffi 18b<br \/>\n6343 Risch-Rotkreuz<br \/>\nSuisse<\/p>\n<p><a style=\"font-family: Quicksand;\" href=\"tel:+41%2041%20500%2078%2000\">+41 41 500 78 00<\/a>[\/vc_column_text][\/vc_column_inner][vc_column_inner width=\u00a0\u00bb1\/2&Prime;][vc_raw_html]PGlmcmFtZSBzcmM9Imh0dHBzOi8vd3d3Lmdvb2dsZS5jb20vbWFwcy9lbWJlZD9wYj0hMW0xOCExbTEyITFtMyExZDI3MTMuNjc0OTg4OTg2MTUyITJkOC40MzU3NTcwNzYzNjY5NjUhM2Q0Ny4xNDQ2MzMxNzExNTExOCEybTMhMWYwITJmMCEzZjAhM20yITFpMTAyNCEyaTc2OCE0ZjEzLjEhM20zITFtMiExczB4NDc5MDAwMmY1ZmQ3MWJiZiUzQTB4MjhmNDI4N2NmYTVmZjIwZiEyc1N1dXJzdG9mZmklMjAxOGIlMkMlMjA2MzQzJTIwUmlzY2gtUm90a3JldXohNWUwITNtMiExc2ZyITJzY2ghNHYxNzQ1OTQwNzk3NTM2ITVtMiExc2ZyITJzY2giIGZyYW1lYm9yZGVyPSIwIiBoZWlnaHQ9IjI0MHB4IiBzdHlsZT0iYm9yZGVyOjAiIGFsbG93ZnVsbHNjcmVlbj0iIj48L2lmcmFtZT4=[\/vc_raw_html][\/vc_column_inner][\/vc_row_inner][\/vc_column][\/vc_row]<\/p>\n<\/div>","protected":false},"excerpt":{"rendered":"<p>[vc_row row_height_percent=\u00a0\u00bb0&Prime; override_padding=\u00a0\u00bbyes\u00a0\u00bb h_padding=\u00a0\u00bb0&Prime; top_padding=\u00a0\u00bb0&Prime; bottom_padding=\u00a0\u00bb0&Prime; back_color=\u00a0\u00bbcolor-206537&Prime; overlay_alpha=\u00a0\u00bb50&Prime; equal_height=\u00a0\u00bbyes\u00a0\u00bb gutter_size=\u00a0\u00bb3&Prime; column_width_percent=\u00a0\u00bb100&Prime; shift_y=\u00a0\u00bb0&Prime; z_index=\u00a0\u00bb0&Prime; row_height_pixel=\u00a0\u00bb120&Prime; uncode_shortcode_id=\u00a0\u00bb108557&Prime; back_color_type=\u00a0\u00bbuncode-palette\u00a0\u00bb][vc_column column_width_percent=\u00a0\u00bb100&Prime; position_vertical=\u00a0\u00bbbottom\u00a0\u00bb align_horizontal=\u00a0\u00bbalign_center\u00a0\u00bb gutter_size=\u00a0\u00bb3&Prime; [&hellip;]<\/p>\n","protected":false},"author":7,"featured_media":0,"parent":0,"menu_order":0,"comment_status":"closed","ping_status":"closed","template":"","meta":{"footnotes":""},"class_list":["post-73399","page","type-page","status-publish","hentry","page_category-entreprise"],"yoast_head":"<!-- This site is optimized with the Yoast SEO plugin v27.6 - https:\/\/yoast.com\/product\/yoast-seo-wordpress\/ -->\n<title>Contactez Immensive - Prenez contact pour des solutions digitales<\/title>\n<meta name=\"description\" content=\"Contactez Immensive pour obtenir des informations sur nos solutions VR \/ AR et multitouch. Contactez-nous pour discuter de votre projet.\" \/>\n<meta name=\"robots\" content=\"index, follow, max-snippet:-1, max-image-preview:large, max-video-preview:-1\" \/>\n<link rel=\"canonical\" href=\"https:\/\/www.immensive.com\/fr\/contact\/\" \/>\n<meta property=\"og:locale\" content=\"fr_FR\" \/>\n<meta property=\"og:type\" content=\"article\" \/>\n<meta property=\"og:title\" content=\"Contactez Immensive - Prenez contact pour des solutions digitales\" \/>\n<meta property=\"og:description\" content=\"Contactez Immensive pour obtenir des informations sur nos solutions VR \/ AR et multitouch. Contactez-nous pour discuter de votre projet.\" \/>\n<meta property=\"og:url\" content=\"https:\/\/www.immensive.com\/fr\/contact\/\" \/>\n<meta property=\"og:site_name\" content=\"Immensive\" \/>\n<meta property=\"article:publisher\" content=\"https:\/\/www.facebook.com\/Immensive\" \/>\n<meta property=\"article:modified_time\" content=\"2026-01-30T12:49:55+00:00\" \/>\n<meta name=\"twitter:card\" content=\"summary_large_image\" \/>\n<meta name=\"twitter:site\" content=\"@immensive_sa\" \/>\n<meta name=\"twitter:label1\" content=\"Dur\u00e9e de lecture estim\u00e9e\" \/>\n\t<meta name=\"twitter:data1\" content=\"4 minutes\" \/>\n<script type=\"application\/ld+json\" class=\"yoast-schema-graph\">{\"@context\":\"https:\\\/\\\/schema.org\",\"@graph\":[{\"@type\":\"WebPage\",\"@id\":\"https:\\\/\\\/www.immensive.com\\\/fr\\\/contact\\\/\",\"url\":\"https:\\\/\\\/www.immensive.com\\\/fr\\\/contact\\\/\",\"name\":\"Contactez Immensive - Prenez contact pour des solutions digitales\",\"isPartOf\":{\"@id\":\"https:\\\/\\\/www.immensive.com\\\/fr\\\/#website\"},\"datePublished\":\"2017-09-26T14:48:26+00:00\",\"dateModified\":\"2026-01-30T12:49:55+00:00\",\"description\":\"Contactez Immensive pour obtenir des informations sur nos solutions VR \\\/ AR et multitouch. Contactez-nous pour discuter de votre projet.\",\"breadcrumb\":{\"@id\":\"https:\\\/\\\/www.immensive.com\\\/fr\\\/contact\\\/#breadcrumb\"},\"inLanguage\":\"fr-FR\",\"potentialAction\":[{\"@type\":\"ReadAction\",\"target\":[\"https:\\\/\\\/www.immensive.com\\\/fr\\\/contact\\\/\"]}]},{\"@type\":\"BreadcrumbList\",\"@id\":\"https:\\\/\\\/www.immensive.com\\\/fr\\\/contact\\\/#breadcrumb\",\"itemListElement\":[{\"@type\":\"ListItem\",\"position\":1,\"name\":\"Home\",\"item\":\"https:\\\/\\\/www.immensive.com\\\/fr\\\/\"},{\"@type\":\"ListItem\",\"position\":2,\"name\":\"Contact\"}]},{\"@type\":\"WebSite\",\"@id\":\"https:\\\/\\\/www.immensive.com\\\/fr\\\/#website\",\"url\":\"https:\\\/\\\/www.immensive.com\\\/fr\\\/\",\"name\":\"Immensive\",\"description\":\"Interactive Solutions and Corporate Metaverse\",\"publisher\":{\"@id\":\"https:\\\/\\\/www.immensive.com\\\/fr\\\/#organization\"},\"potentialAction\":[{\"@type\":\"SearchAction\",\"target\":{\"@type\":\"EntryPoint\",\"urlTemplate\":\"https:\\\/\\\/www.immensive.com\\\/fr\\\/?s={search_term_string}\"},\"query-input\":{\"@type\":\"PropertyValueSpecification\",\"valueRequired\":true,\"valueName\":\"search_term_string\"}}],\"inLanguage\":\"fr-FR\"},{\"@type\":\"Organization\",\"@id\":\"https:\\\/\\\/www.immensive.com\\\/fr\\\/#organization\",\"name\":\"Immensive SA\",\"url\":\"https:\\\/\\\/www.immensive.com\\\/fr\\\/\",\"logo\":{\"@type\":\"ImageObject\",\"inLanguage\":\"fr-FR\",\"@id\":\"https:\\\/\\\/www.immensive.com\\\/fr\\\/#\\\/schema\\\/logo\\\/image\\\/\",\"url\":\"https:\\\/\\\/www.immensive.com\\\/wp-content\\\/uploads\\\/2024\\\/10\\\/Logo_Standard_Web-1.png\",\"contentUrl\":\"https:\\\/\\\/www.immensive.com\\\/wp-content\\\/uploads\\\/2024\\\/10\\\/Logo_Standard_Web-1.png\",\"width\":982,\"height\":296,\"caption\":\"Immensive SA\"},\"image\":{\"@id\":\"https:\\\/\\\/www.immensive.com\\\/fr\\\/#\\\/schema\\\/logo\\\/image\\\/\"},\"sameAs\":[\"https:\\\/\\\/www.facebook.com\\\/Immensive\",\"https:\\\/\\\/x.com\\\/immensive_sa\",\"https:\\\/\\\/www.instagram.com\\\/immensive\\\/\",\"https:\\\/\\\/www.linkedin.com\\\/company\\\/immensive_sa\",\"https:\\\/\\\/www.youtube.com\\\/channel\\\/UCQh4ErJgBoTQ9p2b4F0QmZg\"]}]}<\/script>\n<!-- \/ Yoast SEO plugin. -->","yoast_head_json":{"title":"Contactez Immensive - Prenez contact pour des solutions digitales","description":"Contactez Immensive pour obtenir des informations sur nos solutions VR \/ AR et multitouch. Contactez-nous pour discuter de votre projet.","robots":{"index":"index","follow":"follow","max-snippet":"max-snippet:-1","max-image-preview":"max-image-preview:large","max-video-preview":"max-video-preview:-1"},"canonical":"https:\/\/www.immensive.com\/fr\/contact\/","og_locale":"fr_FR","og_type":"article","og_title":"Contactez Immensive - Prenez contact pour des solutions digitales","og_description":"Contactez Immensive pour obtenir des informations sur nos solutions VR \/ AR et multitouch. Contactez-nous pour discuter de votre projet.","og_url":"https:\/\/www.immensive.com\/fr\/contact\/","og_site_name":"Immensive","article_publisher":"https:\/\/www.facebook.com\/Immensive","article_modified_time":"2026-01-30T12:49:55+00:00","twitter_card":"summary_large_image","twitter_site":"@immensive_sa","twitter_misc":{"Dur\u00e9e de lecture estim\u00e9e":"4 minutes"},"schema":{"@context":"https:\/\/schema.org","@graph":[{"@type":"WebPage","@id":"https:\/\/www.immensive.com\/fr\/contact\/","url":"https:\/\/www.immensive.com\/fr\/contact\/","name":"Contactez Immensive - Prenez contact pour des solutions digitales","isPartOf":{"@id":"https:\/\/www.immensive.com\/fr\/#website"},"datePublished":"2017-09-26T14:48:26+00:00","dateModified":"2026-01-30T12:49:55+00:00","description":"Contactez Immensive pour obtenir des informations sur nos solutions VR \/ AR et multitouch. Contactez-nous pour discuter de votre projet.","breadcrumb":{"@id":"https:\/\/www.immensive.com\/fr\/contact\/#breadcrumb"},"inLanguage":"fr-FR","potentialAction":[{"@type":"ReadAction","target":["https:\/\/www.immensive.com\/fr\/contact\/"]}]},{"@type":"BreadcrumbList","@id":"https:\/\/www.immensive.com\/fr\/contact\/#breadcrumb","itemListElement":[{"@type":"ListItem","position":1,"name":"Home","item":"https:\/\/www.immensive.com\/fr\/"},{"@type":"ListItem","position":2,"name":"Contact"}]},{"@type":"WebSite","@id":"https:\/\/www.immensive.com\/fr\/#website","url":"https:\/\/www.immensive.com\/fr\/","name":"Immensive","description":"Interactive Solutions and Corporate Metaverse","publisher":{"@id":"https:\/\/www.immensive.com\/fr\/#organization"},"potentialAction":[{"@type":"SearchAction","target":{"@type":"EntryPoint","urlTemplate":"https:\/\/www.immensive.com\/fr\/?s={search_term_string}"},"query-input":{"@type":"PropertyValueSpecification","valueRequired":true,"valueName":"search_term_string"}}],"inLanguage":"fr-FR"},{"@type":"Organization","@id":"https:\/\/www.immensive.com\/fr\/#organization","name":"Immensive SA","url":"https:\/\/www.immensive.com\/fr\/","logo":{"@type":"ImageObject","inLanguage":"fr-FR","@id":"https:\/\/www.immensive.com\/fr\/#\/schema\/logo\/image\/","url":"https:\/\/www.immensive.com\/wp-content\/uploads\/2024\/10\/Logo_Standard_Web-1.png","contentUrl":"https:\/\/www.immensive.com\/wp-content\/uploads\/2024\/10\/Logo_Standard_Web-1.png","width":982,"height":296,"caption":"Immensive SA"},"image":{"@id":"https:\/\/www.immensive.com\/fr\/#\/schema\/logo\/image\/"},"sameAs":["https:\/\/www.facebook.com\/Immensive","https:\/\/x.com\/immensive_sa","https:\/\/www.instagram.com\/immensive\/","https:\/\/www.linkedin.com\/company\/immensive_sa","https:\/\/www.youtube.com\/channel\/UCQh4ErJgBoTQ9p2b4F0QmZg"]}]}},"_links":{"self":[{"href":"https:\/\/www.immensive.com\/fr\/wp-json\/wp\/v2\/pages\/73399","targetHints":{"allow":["GET"]}}],"collection":[{"href":"https:\/\/www.immensive.com\/fr\/wp-json\/wp\/v2\/pages"}],"about":[{"href":"https:\/\/www.immensive.com\/fr\/wp-json\/wp\/v2\/types\/page"}],"author":[{"embeddable":true,"href":"https:\/\/www.immensive.com\/fr\/wp-json\/wp\/v2\/users\/7"}],"replies":[{"embeddable":true,"href":"https:\/\/www.immensive.com\/fr\/wp-json\/wp\/v2\/comments?post=73399"}],"version-history":[{"count":28,"href":"https:\/\/www.immensive.com\/fr\/wp-json\/wp\/v2\/pages\/73399\/revisions"}],"predecessor-version":[{"id":148642,"href":"https:\/\/www.immensive.com\/fr\/wp-json\/wp\/v2\/pages\/73399\/revisions\/148642"}],"wp:attachment":[{"href":"https:\/\/www.immensive.com\/fr\/wp-json\/wp\/v2\/media?parent=73399"}],"curies":[{"name":"wp","href":"https:\/\/api.w.org\/{rel}","templated":true}]}}