{"id":75880,"date":"2018-01-31T15:27:42","date_gmt":"2018-01-31T14:27:42","guid":{"rendered":"https:\/\/l2567pblzpn.preview.infomaniak.website\/multi-touch-hardware\/"},"modified":"2025-09-15T10:04:25","modified_gmt":"2025-09-15T09:04:25","slug":"multi-touch-hardware","status":"publish","type":"page","link":"https:\/\/www.immensive.com\/de\/multi-touch-hardware\/","title":{"rendered":"Multi-Touch Hardware"},"content":{"rendered":"<div class=\"wpb-content-wrapper\"><p>[vc_row row_height_percent=&#8220;0&#8243; override_padding=&#8220;yes&#8220; h_padding=&#8220;0&#8243; top_padding=&#8220;0&#8243; bottom_padding=&#8220;0&#8243; back_color=&#8220;color-206537&#8243; overlay_alpha=&#8220;50&#8243; equal_height=&#8220;yes&#8220; gutter_size=&#8220;3&#8243; column_width_percent=&#8220;100&#8243; shift_y=&#8220;0&#8243; z_index=&#8220;0&#8243; row_height_pixel=&#8220;120&#8243; uncode_shortcode_id=&#8220;189648&#8243; back_color_type=&#8220;uncode-palette&#8220;][vc_column column_width_percent=&#8220;100&#8243; position_vertical=&#8220;bottom&#8220; align_horizontal=&#8220;align_center&#8220; gutter_size=&#8220;3&#8243; override_padding=&#8220;yes&#8220; column_padding=&#8220;2&#8243; style=&#8220;dark&#8220; overlay_alpha=&#8220;50&#8243; shift_x=&#8220;0&#8243; shift_y=&#8220;0&#8243; shift_y_down=&#8220;0&#8243; z_index=&#8220;0&#8243; medium_width=&#8220;0&#8243; mobile_width=&#8220;0&#8243; width=&#8220;1\/1&#8243; css=&#8220;.vc_custom_1519947016391{padding-bottom: 30px !important;}&#8220;][vc_column_text css_animation=&#8220;zoom-out&#8220;]<\/p>\n<p style=\"font-size: 40px; line-height: 44px; font-weight: bold; font-family: Quicksand; text-align: center;\">Multi-Touch Hardware<\/p>\n<p>[\/vc_column_text][vc_empty_space empty_h=&#8220;1&#8243;][\/vc_column][\/vc_row][vc_row][vc_column width=&#8220;1\/1&#8243;][vc_column_text uncode_shortcode_id=&#8220;378213&#8243;]<\/p>\n<p class=\"short-but-big\">Treffen Sie bei Ihrem neuen Projekt von Anfang an die richtige Entscheidung und sprechen Sie noch heute mit uns \u00fcber Ihren Bedarf an Multitouch-Hardware.<\/p>\n<p>[\/vc_column_text][\/vc_column][\/vc_row][vc_row row_height_percent=&#8220;0&#8243; overlay_alpha=&#8220;50&#8243; gutter_size=&#8220;3&#8243; column_width_percent=&#8220;100&#8243; shift_y=&#8220;0&#8243; z_index=&#8220;0&#8243;][vc_column column_width_percent=&#8220;100&#8243; align_horizontal=&#8220;align_center&#8220; gutter_size=&#8220;3&#8243; overlay_alpha=&#8220;50&#8243; shift_x=&#8220;0&#8243; shift_y=&#8220;0&#8243; shift_y_down=&#8220;0&#8243; z_index=&#8220;0&#8243; medium_width=&#8220;0&#8243; mobile_width=&#8220;0&#8243; width=&#8220;1\/3&#8243;][vc_column_text]<\/p>\n<h4 style=\"text-align: center; font-family: Quicksand;\">Interaktive Tabellen<\/h4>\n<p>[\/vc_column_text][vc_single_image media=&#8220;71099&#8243; media_width_use_pixel=&#8220;yes&#8220; alignment=&#8220;center&#8220; media_width_pixel=&#8220;400&#8243;][\/vc_column][vc_column column_width_percent=&#8220;100&#8243; align_horizontal=&#8220;align_center&#8220; gutter_size=&#8220;3&#8243; overlay_alpha=&#8220;50&#8243; shift_x=&#8220;0&#8243; shift_y=&#8220;0&#8243; shift_y_down=&#8220;0&#8243; z_index=&#8220;0&#8243; medium_width=&#8220;0&#8243; mobile_width=&#8220;0&#8243; width=&#8220;1\/3&#8243;][vc_column_text]<\/p>\n<h4 style=\"text-align: center; font-family: Quicksand;\">Kioske<\/h4>\n<p>[\/vc_column_text][vc_single_image media=&#8220;71095&#8243; media_width_use_pixel=&#8220;yes&#8220; alignment=&#8220;center&#8220; media_width_pixel=&#8220;400&#8243;][\/vc_column][vc_column column_width_percent=&#8220;100&#8243; align_horizontal=&#8220;align_center&#8220; gutter_size=&#8220;3&#8243; overlay_alpha=&#8220;50&#8243; shift_x=&#8220;0&#8243; shift_y=&#8220;0&#8243; shift_y_down=&#8220;0&#8243; z_index=&#8220;0&#8243; medium_width=&#8220;0&#8243; mobile_width=&#8220;0&#8243; width=&#8220;1\/3&#8243;][vc_column_text]<\/p>\n<h4 style=\"text-align: center; font-family: Quicksand;\">Vertikale Touchscreens<\/h4>\n<p>[\/vc_column_text][vc_single_image media=&#8220;71097&#8243; media_width_use_pixel=&#8220;yes&#8220; alignment=&#8220;center&#8220;][\/vc_column][\/vc_row][vc_row row_height_percent=&#8220;0&#8243; override_padding=&#8220;yes&#8220; h_padding=&#8220;2&#8243; top_padding=&#8220;0&#8243; bottom_padding=&#8220;2&#8243; back_color=&#8220;color-gyho&#8220; overlay_alpha=&#8220;50&#8243; gutter_size=&#8220;3&#8243; column_width_percent=&#8220;100&#8243; shift_y=&#8220;0&#8243; z_index=&#8220;0&#8243; enable_top_divider=&#8220;default&#8220; top_divider=&#8220;tilt&#8220; shape_top_h_use_pixel=&#8220;&#8220; shape_top_height=&#8220;30&#8243; shape_top_opacity=&#8220;100&#8243; shape_top_index=&#8220;0&#8243; row_name=&#8220;ATT&#8220; uncode_shortcode_id=&#8220;205763&#8243; back_color_type=&#8220;uncode-palette&#8220;][vc_column column_width_percent=&#8220;100&#8243; align_horizontal=&#8220;align_center&#8220; gutter_size=&#8220;2&#8243; overlay_alpha=&#8220;50&#8243; shift_x=&#8220;0&#8243; shift_y=&#8220;0&#8243; shift_y_down=&#8220;0&#8243; z_index=&#8220;0&#8243; medium_width=&#8220;0&#8243; mobile_width=&#8220;0&#8243; width=&#8220;1\/1&#8243;][vc_empty_space empty_h=&#8220;2&#8243;][vc_column_text uncode_shortcode_id=&#8220;890905&#8243;]<\/p>\n<h1 id=\"ATT55\" style=\"text-align: center;\"><span class=\"font-129489\">Immensive MTT \/ MTK<\/span><\/h1>\n<p>[\/vc_column_text][vc_column_text]<\/p>\n<h3 style=\"color: #e94f1c; font-weight: 300; text-align: center;\"><span class=\"font-129489\">All in One Multi-Touch System<\/span><\/h3>\n<p>[\/vc_column_text][\/vc_column][\/vc_row][vc_row row_height_percent=&#8220;0&#8243; back_color=&#8220;color-gyho&#8220; overlay_alpha=&#8220;50&#8243; equal_height=&#8220;yes&#8220; gutter_size=&#8220;3&#8243; column_width_percent=&#8220;100&#8243; shift_y=&#8220;0&#8243; z_index=&#8220;0&#8243; top_divider=&#8220;tilt&#8220; uncode_shortcode_id=&#8220;540055&#8243; back_color_type=&#8220;uncode-palette&#8220;][vc_column column_width_percent=&#8220;100&#8243; position_vertical=&#8220;middle&#8220; align_horizontal=&#8220;align_center&#8220; gutter_size=&#8220;2&#8243; overlay_alpha=&#8220;50&#8243; shift_x=&#8220;0&#8243; shift_y=&#8220;0&#8243; shift_y_down=&#8220;0&#8243; z_index=&#8220;0&#8243; medium_width=&#8220;0&#8243; mobile_width=&#8220;0&#8243; width=&#8220;1\/2&#8243;][vc_row_inner row_inner_height_percent=&#8220;0&#8243; overlay_alpha=&#8220;50&#8243; gutter_size=&#8220;0&#8243; shift_y=&#8220;0&#8243; z_index=&#8220;0&#8243;][vc_column_inner column_width_percent=&#8220;100&#8243; align_horizontal=&#8220;align_center&#8220; gutter_size=&#8220;3&#8243; overlay_alpha=&#8220;50&#8243; shift_x=&#8220;-2&#8243; shift_y=&#8220;0&#8243; shift_y_down=&#8220;0&#8243; z_index=&#8220;0&#8243; medium_width=&#8220;0&#8243; mobile_width=&#8220;0&#8243; width=&#8220;1\/1&#8243;][vc_single_image media=&#8220;71051&#8243; media_width_use_pixel=&#8220;yes&#8220; alignment=&#8220;center&#8220; media_width_pixel=&#8220;300&#8243;][\/vc_column_inner][\/vc_row_inner][vc_row_inner row_inner_height_percent=&#8220;0&#8243; overlay_alpha=&#8220;50&#8243; gutter_size=&#8220;0&#8243; shift_y=&#8220;0&#8243; z_index=&#8220;0&#8243;][vc_column_inner column_width_percent=&#8220;100&#8243; position_vertical=&#8220;bottom&#8220; align_horizontal=&#8220;align_center&#8220; gutter_size=&#8220;3&#8243; overlay_alpha=&#8220;50&#8243; shift_x=&#8220;4&#8243; shift_y=&#8220;-3&#8243; shift_y_down=&#8220;0&#8243; z_index=&#8220;0&#8243; medium_width=&#8220;0&#8243; mobile_width=&#8220;0&#8243; width=&#8220;1\/1&#8243;][vc_column_text uncode_shortcode_id=&#8220;125853&#8243;]<\/p>\n<h3 style=\"text-align: center;\"><span class=\"font-129489\">Tisch <span style=\"font-weight: 300;\">55\u2033 4K<\/span><\/span><\/h3>\n<p>[\/vc_column_text][\/vc_column_inner][\/vc_row_inner][vc_empty_space empty_h=&#8220;2&#8243;][vc_row_inner row_inner_height_percent=&#8220;0&#8243; overlay_alpha=&#8220;50&#8243; gutter_size=&#8220;0&#8243; shift_y=&#8220;0&#8243; z_index=&#8220;0&#8243;][vc_column_inner column_width_percent=&#8220;100&#8243; align_horizontal=&#8220;align_center&#8220; gutter_size=&#8220;3&#8243; overlay_alpha=&#8220;50&#8243; shift_x=&#8220;3&#8243; shift_y=&#8220;0&#8243; shift_y_down=&#8220;0&#8243; z_index=&#8220;0&#8243; medium_width=&#8220;0&#8243; mobile_width=&#8220;0&#8243; width=&#8220;1\/1&#8243;][vc_single_image media=&#8220;71049&#8243; media_width_use_pixel=&#8220;yes&#8220; alignment=&#8220;center&#8220; media_width_pixel=&#8220;250&#8243;][\/vc_column_inner][\/vc_row_inner][vc_row_inner row_inner_height_percent=&#8220;0&#8243; overlay_alpha=&#8220;50&#8243; gutter_size=&#8220;0&#8243; shift_y=&#8220;0&#8243; z_index=&#8220;0&#8243;][vc_column_inner column_width_percent=&#8220;100&#8243; position_vertical=&#8220;bottom&#8220; align_horizontal=&#8220;align_center&#8220; gutter_size=&#8220;3&#8243; overlay_alpha=&#8220;50&#8243; shift_x=&#8220;-4&#8243; shift_y=&#8220;-3&#8243; shift_y_down=&#8220;0&#8243; z_index=&#8220;0&#8243; medium_width=&#8220;0&#8243; mobile_width=&#8220;0&#8243; width=&#8220;1\/1&#8243;][vc_column_text]<\/p>\n<h3 style=\"text-align: center;\"><span class=\"font-129489\">Kiosk <span style=\"font-weight: 300;\">55\u2033 4K<\/span><\/span><\/h3>\n<p>[\/vc_column_text][\/vc_column_inner][\/vc_row_inner][\/vc_column][vc_column width=&#8220;1\/2&#8243;][vc_column_text uncode_shortcode_id=&#8220;733077&#8243;]<\/p>\n<h5 class=\"para-condensed-title\">Multi-Touch<\/h5>\n<p class=\"para-condensed-body\">Erkennt bis zu 40 Ber\u00fchrungspunkte und umfasst die Palmenerkennung.<\/p>\n<h5 class=\"para-condensed-title\">Multi-User<\/h5>\n<p class=\"para-condensed-body\">Optimiert f\u00fcr die gleichzeitige Nutzung von bis zu sechs Benutzern.<\/p>\n<h5 class=\"para-condensed-title\">MS Windows Touch-Oberfl\u00e4che<\/h5>\n<p class=\"para-condensed-body\">Verwendet die native Touch-Oberfl\u00e4che von MS Windows.<\/p>\n<h5 class=\"para-condensed-title\">Bildschirm mit Anti-Glare-Beschichtung<\/h5>\n<p class=\"para-condensed-body\">Glatte Fingergleitfl\u00e4che mit nur sehr wenigen sichtbaren Fingerabdr\u00fccken.<\/p>\n<h5 class=\"para-condensed-title\">Vielseitig<\/h5>\n<p class=\"para-condensed-body\">Wechseln Sie zwischen Kiosk- oder Tischkonfigurationen mit einem anderen Paar F\u00fcsse.<\/p>\n<h5 class=\"para-condensed-title\">Unempfindlich gegen\u00fcber Umgebungslicht<\/h5>\n<p class=\"para-condensed-body\">Die PCAP-Touch-Technologie erm\u00f6glicht eine Benutzerinteraktion, die nicht durch \u00e4ussere Faktoren beeintr\u00e4chtigt wird.<\/p>\n<h5 class=\"para-condensed-title\">Schweizer Qualit\u00e4t<\/h5>\n<p class=\"para-condensed-body\">Entwickelt von Immensive und in der Schweiz zusammengebaut.<\/p>\n<h5 class=\"para-condensed-title\">Plug &amp; Play<\/h5>\n<p class=\"para-condensed-body\">Starten Sie das Ger\u00e4t einfach mit einem Schl\u00fcssel und entfernen Sie ihn, damit niemand es ausschalten kann.<\/p>\n<h5 class=\"para-condensed-title\">F\u00fcr Langlebigkeit entwickelt<\/h5>\n<p class=\"para-condensed-body\">Robustes Geh\u00e4usedesign, das f\u00fcr den intensiven Einsatz in Museen, auf Messen oder in kommerziellen Umgebungen wie Einkaufszentren entwickelt wurde.<\/p>\n<p>[\/vc_column_text][\/vc_column][\/vc_row][vc_row row_height_percent=&#8220;0&#8243; override_padding=&#8220;yes&#8220; h_padding=&#8220;2&#8243; top_padding=&#8220;0&#8243; bottom_padding=&#8220;0&#8243; overlay_alpha=&#8220;50&#8243; equal_height=&#8220;yes&#8220; gutter_size=&#8220;3&#8243; column_width_percent=&#8220;100&#8243; shift_y=&#8220;0&#8243; z_index=&#8220;0&#8243;][vc_column column_width_percent=&#8220;100&#8243; gutter_size=&#8220;3&#8243; override_padding=&#8220;yes&#8220; column_padding=&#8220;2&#8243; overlay_alpha=&#8220;50&#8243; shift_x=&#8220;0&#8243; shift_y=&#8220;0&#8243; shift_y_down=&#8220;0&#8243; z_index=&#8220;0&#8243; medium_width=&#8220;0&#8243; mobile_width=&#8220;0&#8243; width=&#8220;1\/1&#8243;][vc_column_text text_lead=&#8220;yes&#8220; uncode_shortcode_id=&#8220;158759&#8243;]<\/p>\n<h3 style=\"font-family: Quicksand;\">NEU: <a href=\"https:\/\/showroom.atracsys-interactive.com\/\">Erleben Sie unsere Multi-Touch-Hardware in unserem virtuellen Showroom!<\/a><\/h3>\n<p>Wir freuen uns, Ihnen eine brandneue M\u00f6glichkeit vorzustellen, unsere hochmoderne Multi-Touch-Hardware direkt aus dem Komfort Ihres eigenen Raums zu entdecken! Unser virtueller Showroom bietet ein immersives, interaktives Erlebnis, bei dem Sie unsere Produkte in einer dynamischen 3D-Umgebung erleben k\u00f6nnen. Egal, ob Sie die Vielseitigkeit unserer Multi-Touch-Displays entdecken oder einen genaueren Blick auf deren Funktionen werfen m\u00f6chten, unser virtueller Showroom erweckt das Erlebnis auf eine informative und spannende Weise zum Leben.[\/vc_column_text][vc_single_image media=&#8220;72221&#8243; media_width_percent=&#8220;100&#8243; media_ratio=&#8220;twentyone-nine&#8220; shape=&#8220;img-round&#8220; radius=&#8220;std&#8220; shadow=&#8220;yes&#8220; shadow_weight=&#8220;sm&#8220; advanced=&#8220;yes&#8220; media_overlay_color=&#8220;color-206537&#8243; media_overlay_opacity=&#8220;20&#8243; media_padding=&#8220;2&#8243; media_link=&#8220;url:https%3A%2F%2Fshowroom.atracsys-interactive.com|title:Atracsys%20Interactive%20Virtual%20Showroom|target:_blank&#8220; uncode_shortcode_id=&#8220;657901&#8243; media_overlay_color_type=&#8220;uncode-palette&#8220;][\/vc_column][\/vc_row][vc_row][vc_column width=&#8220;1\/1&#8243;][uncode_block id=&#8220;67167&#8243;][vc_empty_space empty_h=&#8220;2&#8243;][\/vc_column][\/vc_row]<\/p>\n<\/div>","protected":false},"excerpt":{"rendered":"<p>[vc_row row_height_percent=&#8220;0&#8243; override_padding=&#8220;yes&#8220; h_padding=&#8220;0&#8243; top_padding=&#8220;0&#8243; bottom_padding=&#8220;0&#8243; back_color=&#8220;color-206537&#8243; overlay_alpha=&#8220;50&#8243; equal_height=&#8220;yes&#8220; gutter_size=&#8220;3&#8243; column_width_percent=&#8220;100&#8243; shift_y=&#8220;0&#8243; z_index=&#8220;0&#8243; row_height_pixel=&#8220;120&#8243; uncode_shortcode_id=&#8220;189648&#8243; back_color_type=&#8220;uncode-palette&#8220;][vc_column column_width_percent=&#8220;100&#8243; position_vertical=&#8220;bottom&#8220; align_horizontal=&#8220;align_center&#8220; gutter_size=&#8220;3&#8243; [&hellip;]<\/p>\n","protected":false},"author":7,"featured_media":0,"parent":0,"menu_order":4,"comment_status":"closed","ping_status":"closed","template":"","meta":{"footnotes":""},"class_list":["post-75880","page","type-page","status-publish","hentry","page_category-losungen"],"yoast_head":"<!-- This site is optimized with the Yoast SEO plugin v27.6 - https:\/\/yoast.com\/product\/yoast-seo-wordpress\/ -->\n<title>Multi-Touch Hardware - Immensive<\/title>\n<meta name=\"description\" content=\"Wir beraten Sie projektbezogen zu Multitouch-Hardware und bieten Ihnen eines der besten All-in-One-Multi-Touch-Systeme: den atracTouch 55&#039;&#039; 4K.\" \/>\n<meta name=\"robots\" content=\"index, follow, max-snippet:-1, max-image-preview:large, max-video-preview:-1\" \/>\n<link rel=\"canonical\" href=\"https:\/\/www.immensive.com\/de\/multi-touch-hardware\/\" \/>\n<meta property=\"og:locale\" content=\"de_DE\" \/>\n<meta property=\"og:type\" content=\"article\" \/>\n<meta property=\"og:title\" content=\"Multi-Touch Hardware - Immensive\" \/>\n<meta property=\"og:description\" content=\"Wir beraten Sie projektbezogen zu Multitouch-Hardware und bieten Ihnen eines der besten All-in-One-Multi-Touch-Systeme: den atracTouch 55&#039;&#039; 4K.\" \/>\n<meta property=\"og:url\" content=\"https:\/\/www.immensive.com\/de\/multi-touch-hardware\/\" \/>\n<meta property=\"og:site_name\" content=\"Immensive\" \/>\n<meta property=\"article:publisher\" content=\"https:\/\/www.facebook.com\/Immensive\" \/>\n<meta property=\"article:modified_time\" content=\"2025-09-15T09:04:25+00:00\" \/>\n<meta property=\"og:image\" content=\"https:\/\/www.immensive.com\/wp-content\/uploads\/2020\/09\/DSC_7370-edit-FHD.jpg\" \/>\n\t<meta property=\"og:image:width\" content=\"1620\" \/>\n\t<meta property=\"og:image:height\" content=\"1080\" \/>\n\t<meta property=\"og:image:type\" content=\"image\/jpeg\" \/>\n<meta name=\"twitter:card\" content=\"summary_large_image\" \/>\n<meta name=\"twitter:site\" content=\"@immensive_sa\" \/>\n<meta name=\"twitter:label1\" content=\"Gesch\u00e4tzte Lesezeit\" \/>\n\t<meta name=\"twitter:data1\" content=\"3\u00a0Minuten\" \/>\n<script type=\"application\/ld+json\" class=\"yoast-schema-graph\">{\"@context\":\"https:\\\/\\\/schema.org\",\"@graph\":[{\"@type\":\"WebPage\",\"@id\":\"https:\\\/\\\/www.immensive.com\\\/de\\\/multi-touch-hardware\\\/\",\"url\":\"https:\\\/\\\/www.immensive.com\\\/de\\\/multi-touch-hardware\\\/\",\"name\":\"Multi-Touch Hardware - Immensive\",\"isPartOf\":{\"@id\":\"https:\\\/\\\/www.immensive.com\\\/de\\\/#website\"},\"datePublished\":\"2018-01-31T14:27:42+00:00\",\"dateModified\":\"2025-09-15T09:04:25+00:00\",\"description\":\"Wir beraten Sie projektbezogen zu Multitouch-Hardware und bieten Ihnen eines der besten All-in-One-Multi-Touch-Systeme: den atracTouch 55'' 4K.\",\"breadcrumb\":{\"@id\":\"https:\\\/\\\/www.immensive.com\\\/de\\\/multi-touch-hardware\\\/#breadcrumb\"},\"inLanguage\":\"de\",\"potentialAction\":[{\"@type\":\"ReadAction\",\"target\":[\"https:\\\/\\\/www.immensive.com\\\/de\\\/multi-touch-hardware\\\/\"]}]},{\"@type\":\"BreadcrumbList\",\"@id\":\"https:\\\/\\\/www.immensive.com\\\/de\\\/multi-touch-hardware\\\/#breadcrumb\",\"itemListElement\":[{\"@type\":\"ListItem\",\"position\":1,\"name\":\"Home\",\"item\":\"https:\\\/\\\/www.immensive.com\\\/de\\\/\"},{\"@type\":\"ListItem\",\"position\":2,\"name\":\"Multi-Touch Hardware\"}]},{\"@type\":\"WebSite\",\"@id\":\"https:\\\/\\\/www.immensive.com\\\/de\\\/#website\",\"url\":\"https:\\\/\\\/www.immensive.com\\\/de\\\/\",\"name\":\"Immensive\",\"description\":\"Interactive Solutions and Corporate Metaverse\",\"publisher\":{\"@id\":\"https:\\\/\\\/www.immensive.com\\\/de\\\/#organization\"},\"potentialAction\":[{\"@type\":\"SearchAction\",\"target\":{\"@type\":\"EntryPoint\",\"urlTemplate\":\"https:\\\/\\\/www.immensive.com\\\/de\\\/?s={search_term_string}\"},\"query-input\":{\"@type\":\"PropertyValueSpecification\",\"valueRequired\":true,\"valueName\":\"search_term_string\"}}],\"inLanguage\":\"de\"},{\"@type\":\"Organization\",\"@id\":\"https:\\\/\\\/www.immensive.com\\\/de\\\/#organization\",\"name\":\"Immensive SA\",\"url\":\"https:\\\/\\\/www.immensive.com\\\/de\\\/\",\"logo\":{\"@type\":\"ImageObject\",\"inLanguage\":\"de\",\"@id\":\"https:\\\/\\\/www.immensive.com\\\/de\\\/#\\\/schema\\\/logo\\\/image\\\/\",\"url\":\"https:\\\/\\\/www.immensive.com\\\/wp-content\\\/uploads\\\/2024\\\/10\\\/Logo_Standard_Web-1.png\",\"contentUrl\":\"https:\\\/\\\/www.immensive.com\\\/wp-content\\\/uploads\\\/2024\\\/10\\\/Logo_Standard_Web-1.png\",\"width\":982,\"height\":296,\"caption\":\"Immensive SA\"},\"image\":{\"@id\":\"https:\\\/\\\/www.immensive.com\\\/de\\\/#\\\/schema\\\/logo\\\/image\\\/\"},\"sameAs\":[\"https:\\\/\\\/www.facebook.com\\\/Immensive\",\"https:\\\/\\\/x.com\\\/immensive_sa\",\"https:\\\/\\\/www.instagram.com\\\/immensive\\\/\",\"https:\\\/\\\/www.linkedin.com\\\/company\\\/immensive_sa\",\"https:\\\/\\\/www.youtube.com\\\/channel\\\/UCQh4ErJgBoTQ9p2b4F0QmZg\"]}]}<\/script>\n<!-- \/ Yoast SEO plugin. -->","yoast_head_json":{"title":"Multi-Touch Hardware - Immensive","description":"Wir beraten Sie projektbezogen zu Multitouch-Hardware und bieten Ihnen eines der besten All-in-One-Multi-Touch-Systeme: den atracTouch 55'' 4K.","robots":{"index":"index","follow":"follow","max-snippet":"max-snippet:-1","max-image-preview":"max-image-preview:large","max-video-preview":"max-video-preview:-1"},"canonical":"https:\/\/www.immensive.com\/de\/multi-touch-hardware\/","og_locale":"de_DE","og_type":"article","og_title":"Multi-Touch Hardware - Immensive","og_description":"Wir beraten Sie projektbezogen zu Multitouch-Hardware und bieten Ihnen eines der besten All-in-One-Multi-Touch-Systeme: den atracTouch 55'' 4K.","og_url":"https:\/\/www.immensive.com\/de\/multi-touch-hardware\/","og_site_name":"Immensive","article_publisher":"https:\/\/www.facebook.com\/Immensive","article_modified_time":"2025-09-15T09:04:25+00:00","og_image":[{"width":1620,"height":1080,"url":"https:\/\/www.immensive.com\/wp-content\/uploads\/2020\/09\/DSC_7370-edit-FHD.jpg","type":"image\/jpeg"}],"twitter_card":"summary_large_image","twitter_site":"@immensive_sa","twitter_misc":{"Gesch\u00e4tzte Lesezeit":"3\u00a0Minuten"},"schema":{"@context":"https:\/\/schema.org","@graph":[{"@type":"WebPage","@id":"https:\/\/www.immensive.com\/de\/multi-touch-hardware\/","url":"https:\/\/www.immensive.com\/de\/multi-touch-hardware\/","name":"Multi-Touch Hardware - Immensive","isPartOf":{"@id":"https:\/\/www.immensive.com\/de\/#website"},"datePublished":"2018-01-31T14:27:42+00:00","dateModified":"2025-09-15T09:04:25+00:00","description":"Wir beraten Sie projektbezogen zu Multitouch-Hardware und bieten Ihnen eines der besten All-in-One-Multi-Touch-Systeme: den atracTouch 55'' 4K.","breadcrumb":{"@id":"https:\/\/www.immensive.com\/de\/multi-touch-hardware\/#breadcrumb"},"inLanguage":"de","potentialAction":[{"@type":"ReadAction","target":["https:\/\/www.immensive.com\/de\/multi-touch-hardware\/"]}]},{"@type":"BreadcrumbList","@id":"https:\/\/www.immensive.com\/de\/multi-touch-hardware\/#breadcrumb","itemListElement":[{"@type":"ListItem","position":1,"name":"Home","item":"https:\/\/www.immensive.com\/de\/"},{"@type":"ListItem","position":2,"name":"Multi-Touch Hardware"}]},{"@type":"WebSite","@id":"https:\/\/www.immensive.com\/de\/#website","url":"https:\/\/www.immensive.com\/de\/","name":"Immensive","description":"Interactive Solutions and Corporate Metaverse","publisher":{"@id":"https:\/\/www.immensive.com\/de\/#organization"},"potentialAction":[{"@type":"SearchAction","target":{"@type":"EntryPoint","urlTemplate":"https:\/\/www.immensive.com\/de\/?s={search_term_string}"},"query-input":{"@type":"PropertyValueSpecification","valueRequired":true,"valueName":"search_term_string"}}],"inLanguage":"de"},{"@type":"Organization","@id":"https:\/\/www.immensive.com\/de\/#organization","name":"Immensive SA","url":"https:\/\/www.immensive.com\/de\/","logo":{"@type":"ImageObject","inLanguage":"de","@id":"https:\/\/www.immensive.com\/de\/#\/schema\/logo\/image\/","url":"https:\/\/www.immensive.com\/wp-content\/uploads\/2024\/10\/Logo_Standard_Web-1.png","contentUrl":"https:\/\/www.immensive.com\/wp-content\/uploads\/2024\/10\/Logo_Standard_Web-1.png","width":982,"height":296,"caption":"Immensive SA"},"image":{"@id":"https:\/\/www.immensive.com\/de\/#\/schema\/logo\/image\/"},"sameAs":["https:\/\/www.facebook.com\/Immensive","https:\/\/x.com\/immensive_sa","https:\/\/www.instagram.com\/immensive\/","https:\/\/www.linkedin.com\/company\/immensive_sa","https:\/\/www.youtube.com\/channel\/UCQh4ErJgBoTQ9p2b4F0QmZg"]}]}},"_links":{"self":[{"href":"https:\/\/www.immensive.com\/de\/wp-json\/wp\/v2\/pages\/75880","targetHints":{"allow":["GET"]}}],"collection":[{"href":"https:\/\/www.immensive.com\/de\/wp-json\/wp\/v2\/pages"}],"about":[{"href":"https:\/\/www.immensive.com\/de\/wp-json\/wp\/v2\/types\/page"}],"author":[{"embeddable":true,"href":"https:\/\/www.immensive.com\/de\/wp-json\/wp\/v2\/users\/7"}],"replies":[{"embeddable":true,"href":"https:\/\/www.immensive.com\/de\/wp-json\/wp\/v2\/comments?post=75880"}],"version-history":[{"count":5,"href":"https:\/\/www.immensive.com\/de\/wp-json\/wp\/v2\/pages\/75880\/revisions"}],"predecessor-version":[{"id":147722,"href":"https:\/\/www.immensive.com\/de\/wp-json\/wp\/v2\/pages\/75880\/revisions\/147722"}],"wp:attachment":[{"href":"https:\/\/www.immensive.com\/de\/wp-json\/wp\/v2\/media?parent=75880"}],"curies":[{"name":"wp","href":"https:\/\/api.w.org\/{rel}","templated":true}]}}