{"id":75877,"date":"2018-01-31T15:16:43","date_gmt":"2018-01-31T14:16:43","guid":{"rendered":"https:\/\/l2567pblzpn.preview.infomaniak.website\/kundenspezifische-loesungen\/"},"modified":"2025-09-15T09:57:10","modified_gmt":"2025-09-15T08:57:10","slug":"kundenspezifische-loesungen","status":"publish","type":"page","link":"https:\/\/www.immensive.com\/de\/kundenspezifische-loesungen\/","title":{"rendered":"Kundenspezifische L\u00f6sungen"},"content":{"rendered":"<div class=\"wpb-content-wrapper\"><p>[vc_row row_height_percent=&#8220;0&#8243; override_padding=&#8220;yes&#8220; h_padding=&#8220;0&#8243; top_padding=&#8220;0&#8243; bottom_padding=&#8220;0&#8243; back_color=&#8220;color-206537&#8243; overlay_alpha=&#8220;50&#8243; equal_height=&#8220;yes&#8220; gutter_size=&#8220;3&#8243; column_width_percent=&#8220;100&#8243; shift_y=&#8220;0&#8243; z_index=&#8220;0&#8243; row_height_pixel=&#8220;120&#8243; uncode_shortcode_id=&#8220;621239&#8243; back_color_type=&#8220;uncode-palette&#8220;][vc_column column_width_percent=&#8220;100&#8243; position_vertical=&#8220;bottom&#8220; align_horizontal=&#8220;align_center&#8220; gutter_size=&#8220;3&#8243; override_padding=&#8220;yes&#8220; column_padding=&#8220;2&#8243; style=&#8220;dark&#8220; overlay_alpha=&#8220;50&#8243; shift_x=&#8220;0&#8243; shift_y=&#8220;0&#8243; shift_y_down=&#8220;0&#8243; z_index=&#8220;0&#8243; medium_width=&#8220;0&#8243; mobile_width=&#8220;0&#8243; width=&#8220;1\/1&#8243; css=&#8220;.vc_custom_1519947016391{padding-bottom: 30px !important;}&#8220;][vc_column_text css_animation=&#8220;zoom-out&#8220;]<\/p>\n<p style=\"font-size: 40px; line-height: 44px; font-weight: bold; font-family: Quicksand; text-align: center;\">Kundenspezifische L\u00f6sungen<\/p>\n<p>[\/vc_column_text][vc_empty_space empty_h=&#8220;1&#8243;][\/vc_column][\/vc_row][vc_row row_height_percent=&#8220;0&#8243; override_padding=&#8220;yes&#8220; h_padding=&#8220;2&#8243; top_padding=&#8220;2&#8243; bottom_padding=&#8220;0&#8243; overlay_alpha=&#8220;50&#8243; equal_height=&#8220;yes&#8220; gutter_size=&#8220;3&#8243; column_width_percent=&#8220;100&#8243; shift_y=&#8220;0&#8243; z_index=&#8220;0&#8243;][vc_column column_width_percent=&#8220;100&#8243; position_vertical=&#8220;middle&#8220; gutter_size=&#8220;3&#8243; overlay_alpha=&#8220;50&#8243; shift_x=&#8220;0&#8243; shift_y=&#8220;0&#8243; shift_y_down=&#8220;0&#8243; z_index=&#8220;0&#8243; medium_width=&#8220;0&#8243; mobile_width=&#8220;0&#8243; width=&#8220;1\/1&#8243;][vc_column_text text_lead=&#8220;yes&#8220; uncode_shortcode_id=&#8220;157871&#8243;]<\/p>\n<h3 style=\"font-family: quicksand;\">Ma\u00dfgeschneiderte L\u00f6sungen, die Ihren Bed\u00fcrfnissen entsprechen<\/h3>\n<p>Bei Immensive steht der Kunde vom ersten Tag an im Mittelpunkt. Wir entwickeln interaktive Multi-Touch-L\u00f6sungen, die auf die individuellen Bed\u00fcrfnisse jedes Kunden zugeschnitten sind. Wir glauben, dass jede Marke anders ist. Deshalb arbeiten wir eng mit unseren Kunden zusammen, um ihre Herausforderungen zu verstehen und individuelle L\u00f6sungen zu entwickeln, die echte Ergebnisse liefern. Ganz gleich, ob es darum geht, Kunden zu begeistern, die Zusammenarbeit zwischen Teams zu verbessern, Arbeitsprozesse zu optimieren oder bahnbrechende Erlebnisse zu schaffen, die es so noch nie gegeben hat &#8211; wir helfen Ihnen, Ihre Ziele zu erreichen.<\/p>\n<h3 style=\"font-family: quicksand;\">Ma\u00dfgeschneiderte L\u00f6sungen f\u00fcr eindrucksvolle Erlebnisse<\/h3>\n<p>Unser Team ist auf die Entwicklung kundenspezifischer L\u00f6sungen spezialisiert, die die neuesten Multitouch- und interaktiven Technologien nutzen und es Marken aus der ganzen Welt erm\u00f6glichen, sich von der Masse abzuheben und eine echte Wirkung zu erzielen. Wir versetzen Unternehmen in die Lage, Aufmerksamkeit zu erregen, einpr\u00e4gsame Nutzererlebnisse zu schaffen und letztendlich st\u00e4rkere Verbindungen zu ihrem Publikum aufzubauen.[\/vc_column_text][\/vc_column][\/vc_row][vc_row row_height_percent=&#8220;0&#8243; override_padding=&#8220;yes&#8220; h_padding=&#8220;2&#8243; top_padding=&#8220;2&#8243; bottom_padding=&#8220;2&#8243; overlay_alpha=&#8220;50&#8243; equal_height=&#8220;yes&#8220; gutter_size=&#8220;3&#8243; column_width_percent=&#8220;100&#8243; shift_y=&#8220;0&#8243; z_index=&#8220;0&#8243; uncode_shortcode_id=&#8220;967924&#8243;][vc_column column_width_percent=&#8220;100&#8243; gutter_size=&#8220;3&#8243; overlay_alpha=&#8220;50&#8243; shift_x=&#8220;0&#8243; shift_y=&#8220;0&#8243; shift_y_down=&#8220;0&#8243; z_index=&#8220;0&#8243; medium_width=&#8220;0&#8243; mobile_width=&#8220;0&#8243; width=&#8220;2\/3&#8243;][vc_column_text text_lead=&#8220;yes&#8220; uncode_shortcode_id=&#8220;540770&#8243;]<\/p>\n<h3 style=\"font-family: quicksand;\">Erstklassiges Multi-Benutzer-Multi-Touch-Framework<\/h3>\n<p>Unser erstklassiges Multi-User-Multi-Touch-Framework ist extrem reaktionsschnell und unglaublich flexibel und bietet den Benutzern ein intuitives und ansprechendes Erlebnis. Wir verf\u00fcgen \u00fcber das Know-how, jede vorhandene Technologie in unsere kundenspezifischen L\u00f6sungen zu integrieren, einschliesslich verschiedener Sensoren, Zahlungsterminals, NFC, Beacons\/BLE und vieles mehr. Mit unseren kundenspezifischen L\u00f6sungen ist keine Herausforderung zu gross &#8211; wir sind immer bereit, die Grenzen des M\u00f6glichen zu erweitern.[\/vc_column_text][\/vc_column][vc_column column_width_use_pixel=&#8220;yes&#8220; position_vertical=&#8220;middle&#8220; gutter_size=&#8220;3&#8243; overlay_alpha=&#8220;50&#8243; shift_x=&#8220;0&#8243; shift_y=&#8220;0&#8243; shift_y_down=&#8220;0&#8243; z_index=&#8220;0&#8243; medium_width=&#8220;0&#8243; mobile_width=&#8220;0&#8243; width=&#8220;1\/3&#8243; column_width_pixel=&#8220;512&#8243;][vc_single_image media=&#8220;71225&#8243; media_width_percent=&#8220;100&#8243;][\/vc_column][\/vc_row][vc_row unlock_row_content=&#8220;yes&#8220; row_height_percent=&#8220;32&#8243; back_color=&#8220;color-prif&#8220; overlay_alpha=&#8220;50&#8243; gutter_size=&#8220;3&#8243; column_width_percent=&#8220;100&#8243; shift_y=&#8220;0&#8243; z_index=&#8220;0&#8243; enable_top_divider=&#8220;default&#8220; top_divider=&#8220;tilt&#8220; shape_top_h_use_pixel=&#8220;&#8220; shape_top_height=&#8220;30&#8243; shape_top_opacity=&#8220;100&#8243; shape_top_index=&#8220;0&#8243; uncode_shortcode_id=&#8220;195801&#8243; back_color_type=&#8220;uncode-palette&#8220;][vc_column width=&#8220;1\/1&#8243;][vc_row_inner][vc_column_inner width=&#8220;1\/4&#8243;][\/vc_column_inner][vc_column_inner width=&#8220;1\/2&#8243;][vc_column_text uncode_shortcode_id=&#8220;130462&#8243;]<\/p>\n<h3 style=\"font-family: Quicksand; color: #ffffff;\">Pr\u00e4sentation<\/h3>\n<p>[\/vc_column_text][vc_column_text text_lead=&#8220;yes&#8220; uncode_shortcode_id=&#8220;740642&#8243;]<\/p>\n<p style=\"color: #ffffff;\">Weil ein Bild mehr als tausend Worte sagt, entdecken Sie unten die Projekte, die wir in VR\/AR entwickelt haben.<\/p>\n<p>[\/vc_column_text][\/vc_column_inner][vc_column_inner width=&#8220;1\/4&#8243;][\/vc_column_inner][\/vc_row_inner][uncode_index el_id=&#8220;index-4487854353&#8243; loop=&#8220;size:4|order_by:rand|post_type:portfolio|tax_query:78&#8243; screen_lg=&#8220;1000&#8243; screen_md=&#8220;600&#8243; screen_sm=&#8220;480&#8243; gutter_size=&#8220;3&#8243; post_items=&#8220;media|featured|onpost|original,title,category|nobg|relative|display-icon,date,text|full|400,link|default|default_size|outline&#8220; portfolio_items=&#8220;media|featured|onpost|original,title,category|nobg|relative|hide-icon&#8220; single_text=&#8220;overlay&#8220; single_width=&#8220;3&#8243; images_size=&#8220;sixteen-nine&#8220; single_overlay_color=&#8220;color-jevc&#8220; single_overlay_coloration=&#8220;bottom_gradient&#8220; single_overlay_opacity=&#8220;80&#8243; single_text_anim_type=&#8220;btt&#8220; single_v_position=&#8220;bottom&#8220; single_padding=&#8220;1&#8243; single_text_reduced=&#8220;yes&#8220; single_title_family=&#8220;font-129489&#8243; single_text_lead=&#8220;yes&#8220; single_shadow=&#8220;yes&#8220; single_border=&#8220;yes&#8220; single_css_animation=&#8220;zoom-in&#8220; single_animation_speed=&#8220;300&#8243; title=&#8220;Portfolio Archive&#8220;][vc_empty_space empty_h=&#8220;2&#8243;][\/vc_column][\/vc_row][vc_row][vc_column width=&#8220;1\/1&#8243;][uncode_block id=&#8220;74799&#8243;][vc_empty_space empty_h=&#8220;2&#8243;][\/vc_column][\/vc_row]<\/p>\n<\/div>","protected":false},"excerpt":{"rendered":"<p>[vc_row row_height_percent=&#8220;0&#8243; override_padding=&#8220;yes&#8220; h_padding=&#8220;0&#8243; top_padding=&#8220;0&#8243; bottom_padding=&#8220;0&#8243; back_color=&#8220;color-206537&#8243; overlay_alpha=&#8220;50&#8243; equal_height=&#8220;yes&#8220; gutter_size=&#8220;3&#8243; column_width_percent=&#8220;100&#8243; shift_y=&#8220;0&#8243; z_index=&#8220;0&#8243; row_height_pixel=&#8220;120&#8243; uncode_shortcode_id=&#8220;621239&#8243; back_color_type=&#8220;uncode-palette&#8220;][vc_column column_width_percent=&#8220;100&#8243; position_vertical=&#8220;bottom&#8220; align_horizontal=&#8220;align_center&#8220; gutter_size=&#8220;3&#8243; [&hellip;]<\/p>\n","protected":false},"author":7,"featured_media":0,"parent":0,"menu_order":2,"comment_status":"closed","ping_status":"closed","template":"","meta":{"footnotes":""},"class_list":["post-75877","page","type-page","status-publish","hentry","page_category-losungen"],"yoast_head":"<!-- This site is optimized with the Yoast SEO plugin v27.5 - https:\/\/yoast.com\/product\/yoast-seo-wordpress\/ -->\n<title>Kundenspezifische L\u00f6sungen - Multi-Touch-Anwendungen - Immensive<\/title>\n<meta name=\"description\" content=\"Entdecken Sie massgeschneiderte L\u00f6sungen f\u00fcr Multitouch-Anwendungen, die auf Ihre Bed\u00fcrfnisse zugeschnitten sind und mit einem kundenorientierten Ansatz f\u00fcr optimale Ergebnisse entwickelt werden.\" \/>\n<meta name=\"robots\" content=\"index, follow, max-snippet:-1, max-image-preview:large, max-video-preview:-1\" \/>\n<link rel=\"canonical\" href=\"https:\/\/www.immensive.com\/de\/kundenspezifische-loesungen\/\" \/>\n<meta property=\"og:locale\" content=\"de_DE\" \/>\n<meta property=\"og:type\" content=\"article\" \/>\n<meta property=\"og:title\" content=\"Kundenspezifische L\u00f6sungen - Multi-Touch-Anwendungen - Immensive\" \/>\n<meta property=\"og:description\" content=\"Entdecken Sie massgeschneiderte L\u00f6sungen f\u00fcr Multitouch-Anwendungen, die auf Ihre Bed\u00fcrfnisse zugeschnitten sind und mit einem kundenorientierten Ansatz f\u00fcr optimale Ergebnisse entwickelt werden.\" \/>\n<meta property=\"og:url\" content=\"https:\/\/www.immensive.com\/de\/kundenspezifische-loesungen\/\" \/>\n<meta property=\"og:site_name\" content=\"Immensive\" \/>\n<meta property=\"article:publisher\" content=\"https:\/\/www.facebook.com\/Immensive\" \/>\n<meta property=\"article:modified_time\" content=\"2025-09-15T08:57:10+00:00\" \/>\n<meta property=\"og:image\" content=\"https:\/\/www.immensive.com\/wp-content\/uploads\/2017\/08\/Gucci_01.jpg\" \/>\n\t<meta property=\"og:image:width\" content=\"600\" \/>\n\t<meta property=\"og:image:height\" content=\"450\" \/>\n\t<meta property=\"og:image:type\" content=\"image\/jpeg\" \/>\n<meta name=\"twitter:card\" content=\"summary_large_image\" \/>\n<meta name=\"twitter:site\" content=\"@immensive_sa\" \/>\n<meta name=\"twitter:label1\" content=\"Gesch\u00e4tzte Lesezeit\" \/>\n\t<meta name=\"twitter:data1\" content=\"2\u00a0Minuten\" \/>\n<script type=\"application\/ld+json\" class=\"yoast-schema-graph\">{\"@context\":\"https:\\\/\\\/schema.org\",\"@graph\":[{\"@type\":\"WebPage\",\"@id\":\"https:\\\/\\\/www.immensive.com\\\/de\\\/kundenspezifische-loesungen\\\/\",\"url\":\"https:\\\/\\\/www.immensive.com\\\/de\\\/kundenspezifische-loesungen\\\/\",\"name\":\"Kundenspezifische L\u00f6sungen - Multi-Touch-Anwendungen - Immensive\",\"isPartOf\":{\"@id\":\"https:\\\/\\\/www.immensive.com\\\/de\\\/#website\"},\"datePublished\":\"2018-01-31T14:16:43+00:00\",\"dateModified\":\"2025-09-15T08:57:10+00:00\",\"description\":\"Entdecken Sie massgeschneiderte L\u00f6sungen f\u00fcr Multitouch-Anwendungen, die auf Ihre Bed\u00fcrfnisse zugeschnitten sind und mit einem kundenorientierten Ansatz f\u00fcr optimale Ergebnisse entwickelt werden.\",\"breadcrumb\":{\"@id\":\"https:\\\/\\\/www.immensive.com\\\/de\\\/kundenspezifische-loesungen\\\/#breadcrumb\"},\"inLanguage\":\"de\",\"potentialAction\":[{\"@type\":\"ReadAction\",\"target\":[\"https:\\\/\\\/www.immensive.com\\\/de\\\/kundenspezifische-loesungen\\\/\"]}]},{\"@type\":\"BreadcrumbList\",\"@id\":\"https:\\\/\\\/www.immensive.com\\\/de\\\/kundenspezifische-loesungen\\\/#breadcrumb\",\"itemListElement\":[{\"@type\":\"ListItem\",\"position\":1,\"name\":\"Home\",\"item\":\"https:\\\/\\\/www.immensive.com\\\/de\\\/\"},{\"@type\":\"ListItem\",\"position\":2,\"name\":\"Kundenspezifische L\u00f6sungen\"}]},{\"@type\":\"WebSite\",\"@id\":\"https:\\\/\\\/www.immensive.com\\\/de\\\/#website\",\"url\":\"https:\\\/\\\/www.immensive.com\\\/de\\\/\",\"name\":\"Immensive\",\"description\":\"Interactive Solutions and Corporate Metaverse\",\"publisher\":{\"@id\":\"https:\\\/\\\/www.immensive.com\\\/de\\\/#organization\"},\"potentialAction\":[{\"@type\":\"SearchAction\",\"target\":{\"@type\":\"EntryPoint\",\"urlTemplate\":\"https:\\\/\\\/www.immensive.com\\\/de\\\/?s={search_term_string}\"},\"query-input\":{\"@type\":\"PropertyValueSpecification\",\"valueRequired\":true,\"valueName\":\"search_term_string\"}}],\"inLanguage\":\"de\"},{\"@type\":\"Organization\",\"@id\":\"https:\\\/\\\/www.immensive.com\\\/de\\\/#organization\",\"name\":\"Immensive SA\",\"url\":\"https:\\\/\\\/www.immensive.com\\\/de\\\/\",\"logo\":{\"@type\":\"ImageObject\",\"inLanguage\":\"de\",\"@id\":\"https:\\\/\\\/www.immensive.com\\\/de\\\/#\\\/schema\\\/logo\\\/image\\\/\",\"url\":\"https:\\\/\\\/www.immensive.com\\\/wp-content\\\/uploads\\\/2024\\\/10\\\/Logo_Standard_Web-1.png\",\"contentUrl\":\"https:\\\/\\\/www.immensive.com\\\/wp-content\\\/uploads\\\/2024\\\/10\\\/Logo_Standard_Web-1.png\",\"width\":982,\"height\":296,\"caption\":\"Immensive SA\"},\"image\":{\"@id\":\"https:\\\/\\\/www.immensive.com\\\/de\\\/#\\\/schema\\\/logo\\\/image\\\/\"},\"sameAs\":[\"https:\\\/\\\/www.facebook.com\\\/Immensive\",\"https:\\\/\\\/x.com\\\/immensive_sa\",\"https:\\\/\\\/www.instagram.com\\\/immensive\\\/\",\"https:\\\/\\\/www.linkedin.com\\\/company\\\/immensive_sa\",\"https:\\\/\\\/www.youtube.com\\\/channel\\\/UCQh4ErJgBoTQ9p2b4F0QmZg\"]}]}<\/script>\n<!-- \/ Yoast SEO plugin. -->","yoast_head_json":{"title":"Kundenspezifische L\u00f6sungen - Multi-Touch-Anwendungen - Immensive","description":"Entdecken Sie massgeschneiderte L\u00f6sungen f\u00fcr Multitouch-Anwendungen, die auf Ihre Bed\u00fcrfnisse zugeschnitten sind und mit einem kundenorientierten Ansatz f\u00fcr optimale Ergebnisse entwickelt werden.","robots":{"index":"index","follow":"follow","max-snippet":"max-snippet:-1","max-image-preview":"max-image-preview:large","max-video-preview":"max-video-preview:-1"},"canonical":"https:\/\/www.immensive.com\/de\/kundenspezifische-loesungen\/","og_locale":"de_DE","og_type":"article","og_title":"Kundenspezifische L\u00f6sungen - Multi-Touch-Anwendungen - Immensive","og_description":"Entdecken Sie massgeschneiderte L\u00f6sungen f\u00fcr Multitouch-Anwendungen, die auf Ihre Bed\u00fcrfnisse zugeschnitten sind und mit einem kundenorientierten Ansatz f\u00fcr optimale Ergebnisse entwickelt werden.","og_url":"https:\/\/www.immensive.com\/de\/kundenspezifische-loesungen\/","og_site_name":"Immensive","article_publisher":"https:\/\/www.facebook.com\/Immensive","article_modified_time":"2025-09-15T08:57:10+00:00","og_image":[{"width":600,"height":450,"url":"https:\/\/www.immensive.com\/wp-content\/uploads\/2017\/08\/Gucci_01.jpg","type":"image\/jpeg"}],"twitter_card":"summary_large_image","twitter_site":"@immensive_sa","twitter_misc":{"Gesch\u00e4tzte Lesezeit":"2\u00a0Minuten"},"schema":{"@context":"https:\/\/schema.org","@graph":[{"@type":"WebPage","@id":"https:\/\/www.immensive.com\/de\/kundenspezifische-loesungen\/","url":"https:\/\/www.immensive.com\/de\/kundenspezifische-loesungen\/","name":"Kundenspezifische L\u00f6sungen - Multi-Touch-Anwendungen - Immensive","isPartOf":{"@id":"https:\/\/www.immensive.com\/de\/#website"},"datePublished":"2018-01-31T14:16:43+00:00","dateModified":"2025-09-15T08:57:10+00:00","description":"Entdecken Sie massgeschneiderte L\u00f6sungen f\u00fcr Multitouch-Anwendungen, die auf Ihre Bed\u00fcrfnisse zugeschnitten sind und mit einem kundenorientierten Ansatz f\u00fcr optimale Ergebnisse entwickelt werden.","breadcrumb":{"@id":"https:\/\/www.immensive.com\/de\/kundenspezifische-loesungen\/#breadcrumb"},"inLanguage":"de","potentialAction":[{"@type":"ReadAction","target":["https:\/\/www.immensive.com\/de\/kundenspezifische-loesungen\/"]}]},{"@type":"BreadcrumbList","@id":"https:\/\/www.immensive.com\/de\/kundenspezifische-loesungen\/#breadcrumb","itemListElement":[{"@type":"ListItem","position":1,"name":"Home","item":"https:\/\/www.immensive.com\/de\/"},{"@type":"ListItem","position":2,"name":"Kundenspezifische L\u00f6sungen"}]},{"@type":"WebSite","@id":"https:\/\/www.immensive.com\/de\/#website","url":"https:\/\/www.immensive.com\/de\/","name":"Immensive","description":"Interactive Solutions and Corporate Metaverse","publisher":{"@id":"https:\/\/www.immensive.com\/de\/#organization"},"potentialAction":[{"@type":"SearchAction","target":{"@type":"EntryPoint","urlTemplate":"https:\/\/www.immensive.com\/de\/?s={search_term_string}"},"query-input":{"@type":"PropertyValueSpecification","valueRequired":true,"valueName":"search_term_string"}}],"inLanguage":"de"},{"@type":"Organization","@id":"https:\/\/www.immensive.com\/de\/#organization","name":"Immensive SA","url":"https:\/\/www.immensive.com\/de\/","logo":{"@type":"ImageObject","inLanguage":"de","@id":"https:\/\/www.immensive.com\/de\/#\/schema\/logo\/image\/","url":"https:\/\/www.immensive.com\/wp-content\/uploads\/2024\/10\/Logo_Standard_Web-1.png","contentUrl":"https:\/\/www.immensive.com\/wp-content\/uploads\/2024\/10\/Logo_Standard_Web-1.png","width":982,"height":296,"caption":"Immensive SA"},"image":{"@id":"https:\/\/www.immensive.com\/de\/#\/schema\/logo\/image\/"},"sameAs":["https:\/\/www.facebook.com\/Immensive","https:\/\/x.com\/immensive_sa","https:\/\/www.instagram.com\/immensive\/","https:\/\/www.linkedin.com\/company\/immensive_sa","https:\/\/www.youtube.com\/channel\/UCQh4ErJgBoTQ9p2b4F0QmZg"]}]}},"_links":{"self":[{"href":"https:\/\/www.immensive.com\/de\/wp-json\/wp\/v2\/pages\/75877","targetHints":{"allow":["GET"]}}],"collection":[{"href":"https:\/\/www.immensive.com\/de\/wp-json\/wp\/v2\/pages"}],"about":[{"href":"https:\/\/www.immensive.com\/de\/wp-json\/wp\/v2\/types\/page"}],"author":[{"embeddable":true,"href":"https:\/\/www.immensive.com\/de\/wp-json\/wp\/v2\/users\/7"}],"replies":[{"embeddable":true,"href":"https:\/\/www.immensive.com\/de\/wp-json\/wp\/v2\/comments?post=75877"}],"version-history":[{"count":9,"href":"https:\/\/www.immensive.com\/de\/wp-json\/wp\/v2\/pages\/75877\/revisions"}],"predecessor-version":[{"id":147719,"href":"https:\/\/www.immensive.com\/de\/wp-json\/wp\/v2\/pages\/75877\/revisions\/147719"}],"wp:attachment":[{"href":"https:\/\/www.immensive.com\/de\/wp-json\/wp\/v2\/media?parent=75877"}],"curies":[{"name":"wp","href":"https:\/\/api.w.org\/{rel}","templated":true}]}}