{"id":75434,"date":"2022-08-29T14:45:15","date_gmt":"2022-08-29T13:45:15","guid":{"rendered":"https:\/\/l2567pblzpn.preview.infomaniak.website\/virtuelle-erweiterte-realitaet\/"},"modified":"2025-09-15T11:01:37","modified_gmt":"2025-09-15T10:01:37","slug":"virtuelle-erweiterte-realitaet","status":"publish","type":"page","link":"https:\/\/www.immensive.com\/de\/virtuelle-erweiterte-realitaet\/","title":{"rendered":"Virtuelle und Erweiterte Realit\u00e4t"},"content":{"rendered":"<div class=\"wpb-content-wrapper\"><p>[vc_row row_height_percent=&#8220;0&#8243; override_padding=&#8220;yes&#8220; h_padding=&#8220;0&#8243; top_padding=&#8220;0&#8243; bottom_padding=&#8220;0&#8243; back_color=&#8220;color-206537&#8243; overlay_alpha=&#8220;50&#8243; equal_height=&#8220;yes&#8220; gutter_size=&#8220;3&#8243; column_width_percent=&#8220;100&#8243; shift_y=&#8220;0&#8243; z_index=&#8220;0&#8243; row_height_pixel=&#8220;120&#8243; uncode_shortcode_id=&#8220;533793&#8243; back_color_type=&#8220;uncode-palette&#8220;][vc_column column_width_percent=&#8220;100&#8243; position_vertical=&#8220;bottom&#8220; align_horizontal=&#8220;align_center&#8220; gutter_size=&#8220;3&#8243; override_padding=&#8220;yes&#8220; column_padding=&#8220;2&#8243; style=&#8220;dark&#8220; overlay_alpha=&#8220;50&#8243; shift_x=&#8220;0&#8243; shift_y=&#8220;0&#8243; shift_y_down=&#8220;0&#8243; z_index=&#8220;0&#8243; medium_width=&#8220;0&#8243; mobile_width=&#8220;0&#8243; width=&#8220;1\/1&#8243; css=&#8220;.vc_custom_1519947016391{padding-bottom: 30px !important;}&#8220;][vc_column_text css_animation=&#8220;zoom-out&#8220; uncode_shortcode_id=&#8220;202967&#8243;]<\/p>\n<p style=\"font-size: 40px; line-height: 44px; font-weight: bold; font-family: Quicksand; text-align: center;\">Virtuelle und erweiterte Realit\u00e4t<\/p>\n<p>[\/vc_column_text][vc_empty_space empty_h=&#8220;1&#8243;][\/vc_column][\/vc_row][vc_row][vc_column width=&#8220;1\/1&#8243;][vc_single_image media=&#8220;147836&#8243; media_width_percent=&#8220;100&#8243; media_ratio=&#8220;twentyone-nine&#8220; alignment=&#8220;center&#8220; shape=&#8220;img-round&#8220; radius=&#8220;lg&#8220; border=&#8220;yes&#8220; shadow=&#8220;yes&#8220; shadow_weight=&#8220;sm&#8220; uncode_shortcode_id=&#8220;590592&#8243;][\/vc_column][\/vc_row][vc_row row_height_percent=&#8220;0&#8243; overlay_alpha=&#8220;50&#8243; gutter_size=&#8220;3&#8243; column_width_percent=&#8220;100&#8243; shift_y=&#8220;0&#8243; z_index=&#8220;0&#8243;][vc_column column_width_percent=&#8220;100&#8243; gutter_size=&#8220;3&#8243; override_padding=&#8220;yes&#8220; column_padding=&#8220;0&#8243; overlay_alpha=&#8220;50&#8243; shift_x=&#8220;0&#8243; shift_y=&#8220;0&#8243; shift_y_down=&#8220;0&#8243; z_index=&#8220;0&#8243; medium_width=&#8220;0&#8243; mobile_width=&#8220;0&#8243; width=&#8220;1\/1&#8243;][vc_column_text uncode_shortcode_id=&#8220;359362&#8243;]<\/p>\n<h3 style=\"font-family: Quicksand;\">Ihr VR\/AR-Projekt ist nur ein Kick-off-Meeting entfernt.<\/h3>\n<p>[\/vc_column_text][vc_column_text text_lead=&#8220;yes&#8220; uncode_shortcode_id=&#8220;189593&#8243;]Bei <strong>Immensive<\/strong> sind wir auf die Erstellung immersiver <strong>Virtual-Reality (VR)<\/strong> und <strong>Augmented-Reality (AR)<\/strong> Erlebnisse spezialisiert, die die Art und Weise, wie Nutzer mit der digitalen Welt interagieren, revolutionieren. Wir replizieren nicht nur Umgebungen \u2013 wir entwerfen Erlebnisse, die die Grenzen der Interaktivit\u00e4t und des Engagements erweitern.<\/p>\n<h3 style=\"font-family: Quicksand;\">Unsere Expertise in VR &amp; AR<\/h3>\n<p>Mit unserer fortschrittlichen Expertise haben wir zahlreichen Marken geholfen, die Kraft der <strong>Virtual Reality <\/strong>zu nutzen, um immersive Umgebungen zu simulieren, interaktive Schulungen anzubieten, virtuelle Touren zu erm\u00f6glichen, Produkt-Demos durchzuf\u00fchren und vieles mehr. Gleichzeitig setzen wir <strong>Augmented Reality<\/strong> ein, um das Benutzererlebnis zu bereichern, indem wir digitale Elemente auf die reale Welt \u00fcberlagern und innovative L\u00f6sungen in den Bereichen Marketing, Bildung, Vertrieb und dar\u00fcber hinaus anbieten.<\/p>\n<h3 style=\"font-family: Quicksand;\">Massgeschneiderte Projekte, die Ihre Bed\u00fcrfnisse erf\u00fcllen<\/h3>\n<p>Jedes VR\/AR-Projekt, das wir entwickeln, wird massgeschneidert, um Ihre spezifischen Ziele zu erreichen. Egal, ob Sie interaktive Schulungsprogramme erstellen, fesselnde Marketingkampagnen starten oder 3D-Produkt-Erlebnisse anbieten m\u00f6chten \u2013 wir nutzen die neuesten Technologien, um L\u00f6sungen zu entwickeln, die Ihre Nutzer fesseln und begeistern.[\/vc_column_text][\/vc_column][\/vc_row][vc_row unlock_row_content=&#8220;yes&#8220; row_height_percent=&#8220;32&#8243; back_color=&#8220;color-prif&#8220; overlay_alpha=&#8220;50&#8243; gutter_size=&#8220;3&#8243; column_width_percent=&#8220;100&#8243; shift_y=&#8220;0&#8243; z_index=&#8220;0&#8243; top_divider=&#8220;tilt&#8220; content_parallax=&#8220;0&#8243; uncode_shortcode_id=&#8220;160366&#8243; back_color_type=&#8220;uncode-palette&#8220;][vc_column width=&#8220;1\/1&#8243;][vc_row_inner limit_content=&#8220;&#8220;][vc_column_inner width=&#8220;1\/4&#8243;][\/vc_column_inner][vc_column_inner width=&#8220;1\/2&#8243;][vc_column_text uncode_shortcode_id=&#8220;970316&#8243;]<\/p>\n<h3 style=\"font-family: Quicksand; color: #ffffff;\">Pr\u00e4sentation<\/h3>\n<p>[\/vc_column_text][vc_column_text text_lead=&#8220;yes&#8220; uncode_shortcode_id=&#8220;154831&#8243;]<\/p>\n<p style=\"color: #ffffff;\">Weil ein Bild mehr als tausend Worte sagt, entdecken Sie unten die Projekte, die wir in VR\/AR entwickelt haben.<\/p>\n<p>[\/vc_column_text][\/vc_column_inner][vc_column_inner width=&#8220;1\/4&#8243;][\/vc_column_inner][\/vc_row_inner][uncode_index el_id=&#8220;index-4487854353&#8243; loop=&#8220;size:4|order_by:rand|post_type:portfolio|categories:105|tax_query:130|taxonomy_count:10&#8243; screen_lg=&#8220;1000&#8243; screen_md=&#8220;600&#8243; screen_sm=&#8220;480&#8243; gutter_size=&#8220;3&#8243; post_items=&#8220;media|featured|onpost|original,title,category|nobg|relative|display-icon,date,text|full|400,link|default|default_size|outline&#8220; portfolio_items=&#8220;media|featured|onpost|original,title,category|nobg|relative|hide-icon&#8220; single_text=&#8220;overlay&#8220; single_width=&#8220;3&#8243; images_size=&#8220;sixteen-nine&#8220; single_overlay_color=&#8220;color-jevc&#8220; single_overlay_coloration=&#8220;bottom_gradient&#8220; single_overlay_opacity=&#8220;80&#8243; single_text_anim_type=&#8220;btt&#8220; single_v_position=&#8220;bottom&#8220; single_padding=&#8220;1&#8243; single_text_reduced=&#8220;yes&#8220; single_title_family=&#8220;font-129489&#8243; single_text_lead=&#8220;yes&#8220; single_shadow=&#8220;yes&#8220; single_border=&#8220;yes&#8220; single_css_animation=&#8220;zoom-in&#8220; single_animation_speed=&#8220;300&#8243; title=&#8220;Portfolio Archive&#8220; uncode_shortcode_id=&#8220;200217&#8243;][vc_empty_space empty_h=&#8220;2&#8243;][\/vc_column][\/vc_row][vc_row][vc_column width=&#8220;1\/1&#8243;][uncode_block id=&#8220;67167&#8243;][vc_empty_space empty_h=&#8220;2&#8243;][\/vc_column][\/vc_row]<\/p>\n<\/div>","protected":false},"excerpt":{"rendered":"<p>[vc_row row_height_percent=&#8220;0&#8243; override_padding=&#8220;yes&#8220; h_padding=&#8220;0&#8243; top_padding=&#8220;0&#8243; bottom_padding=&#8220;0&#8243; back_color=&#8220;color-206537&#8243; overlay_alpha=&#8220;50&#8243; equal_height=&#8220;yes&#8220; gutter_size=&#8220;3&#8243; column_width_percent=&#8220;100&#8243; shift_y=&#8220;0&#8243; z_index=&#8220;0&#8243; row_height_pixel=&#8220;120&#8243; uncode_shortcode_id=&#8220;533793&#8243; back_color_type=&#8220;uncode-palette&#8220;][vc_column column_width_percent=&#8220;100&#8243; position_vertical=&#8220;bottom&#8220; align_horizontal=&#8220;align_center&#8220; gutter_size=&#8220;3&#8243; [&hellip;]<\/p>\n","protected":false},"author":7,"featured_media":0,"parent":0,"menu_order":0,"comment_status":"closed","ping_status":"closed","template":"","meta":{"footnotes":""},"class_list":["post-75434","page","type-page","status-publish","hentry","page_category-losungen","page_category-dive-de"],"yoast_head":"<!-- This site is optimized with the Yoast SEO plugin v27.5 - https:\/\/yoast.com\/product\/yoast-seo-wordpress\/ -->\n<title>Virtuelle und erweiterte Realit\u00e4t - Immensive<\/title>\n<meta name=\"description\" content=\"Vollservice-Anbieter f\u00fcr virtuelle und erweiterte Realit\u00e4t Anwendungen. Immensive unterst\u00fctzt Sie bei der Konzeption und Umsetzung.\" \/>\n<meta name=\"robots\" content=\"index, follow, max-snippet:-1, max-image-preview:large, max-video-preview:-1\" \/>\n<link rel=\"canonical\" href=\"https:\/\/www.immensive.com\/de\/virtuelle-erweiterte-realitaet\/\" \/>\n<meta property=\"og:locale\" content=\"de_DE\" \/>\n<meta property=\"og:type\" content=\"article\" \/>\n<meta property=\"og:title\" content=\"Virtuelle und erweiterte Realit\u00e4t - Immensive\" \/>\n<meta property=\"og:description\" content=\"Vollservice-Anbieter f\u00fcr virtuelle und erweiterte Realit\u00e4t Anwendungen. Immensive unterst\u00fctzt Sie bei der Konzeption und Umsetzung.\" \/>\n<meta property=\"og:url\" content=\"https:\/\/www.immensive.com\/de\/virtuelle-erweiterte-realitaet\/\" \/>\n<meta property=\"og:site_name\" content=\"Immensive\" \/>\n<meta property=\"article:publisher\" content=\"https:\/\/www.facebook.com\/Immensive\" \/>\n<meta property=\"article:modified_time\" content=\"2025-09-15T10:01:37+00:00\" \/>\n<meta name=\"twitter:card\" content=\"summary_large_image\" \/>\n<meta name=\"twitter:site\" content=\"@immensive_sa\" \/>\n<meta name=\"twitter:label1\" content=\"Gesch\u00e4tzte Lesezeit\" \/>\n\t<meta name=\"twitter:data1\" content=\"2\u00a0Minuten\" \/>\n<script type=\"application\/ld+json\" class=\"yoast-schema-graph\">{\"@context\":\"https:\\\/\\\/schema.org\",\"@graph\":[{\"@type\":\"WebPage\",\"@id\":\"https:\\\/\\\/www.immensive.com\\\/de\\\/virtuelle-erweiterte-realitaet\\\/\",\"url\":\"https:\\\/\\\/www.immensive.com\\\/de\\\/virtuelle-erweiterte-realitaet\\\/\",\"name\":\"Virtuelle und erweiterte Realit\u00e4t - Immensive\",\"isPartOf\":{\"@id\":\"https:\\\/\\\/www.immensive.com\\\/de\\\/#website\"},\"datePublished\":\"2022-08-29T13:45:15+00:00\",\"dateModified\":\"2025-09-15T10:01:37+00:00\",\"description\":\"Vollservice-Anbieter f\u00fcr virtuelle und erweiterte Realit\u00e4t Anwendungen. Immensive unterst\u00fctzt Sie bei der Konzeption und Umsetzung.\",\"breadcrumb\":{\"@id\":\"https:\\\/\\\/www.immensive.com\\\/de\\\/virtuelle-erweiterte-realitaet\\\/#breadcrumb\"},\"inLanguage\":\"de\",\"potentialAction\":[{\"@type\":\"ReadAction\",\"target\":[\"https:\\\/\\\/www.immensive.com\\\/de\\\/virtuelle-erweiterte-realitaet\\\/\"]}]},{\"@type\":\"BreadcrumbList\",\"@id\":\"https:\\\/\\\/www.immensive.com\\\/de\\\/virtuelle-erweiterte-realitaet\\\/#breadcrumb\",\"itemListElement\":[{\"@type\":\"ListItem\",\"position\":1,\"name\":\"Home\",\"item\":\"https:\\\/\\\/www.immensive.com\\\/de\\\/\"},{\"@type\":\"ListItem\",\"position\":2,\"name\":\"Virtuelle und Erweiterte Realit\u00e4t\"}]},{\"@type\":\"WebSite\",\"@id\":\"https:\\\/\\\/www.immensive.com\\\/de\\\/#website\",\"url\":\"https:\\\/\\\/www.immensive.com\\\/de\\\/\",\"name\":\"Immensive\",\"description\":\"Interactive Solutions and Corporate Metaverse\",\"publisher\":{\"@id\":\"https:\\\/\\\/www.immensive.com\\\/de\\\/#organization\"},\"potentialAction\":[{\"@type\":\"SearchAction\",\"target\":{\"@type\":\"EntryPoint\",\"urlTemplate\":\"https:\\\/\\\/www.immensive.com\\\/de\\\/?s={search_term_string}\"},\"query-input\":{\"@type\":\"PropertyValueSpecification\",\"valueRequired\":true,\"valueName\":\"search_term_string\"}}],\"inLanguage\":\"de\"},{\"@type\":\"Organization\",\"@id\":\"https:\\\/\\\/www.immensive.com\\\/de\\\/#organization\",\"name\":\"Immensive SA\",\"url\":\"https:\\\/\\\/www.immensive.com\\\/de\\\/\",\"logo\":{\"@type\":\"ImageObject\",\"inLanguage\":\"de\",\"@id\":\"https:\\\/\\\/www.immensive.com\\\/de\\\/#\\\/schema\\\/logo\\\/image\\\/\",\"url\":\"https:\\\/\\\/www.immensive.com\\\/wp-content\\\/uploads\\\/2024\\\/10\\\/Logo_Standard_Web-1.png\",\"contentUrl\":\"https:\\\/\\\/www.immensive.com\\\/wp-content\\\/uploads\\\/2024\\\/10\\\/Logo_Standard_Web-1.png\",\"width\":982,\"height\":296,\"caption\":\"Immensive SA\"},\"image\":{\"@id\":\"https:\\\/\\\/www.immensive.com\\\/de\\\/#\\\/schema\\\/logo\\\/image\\\/\"},\"sameAs\":[\"https:\\\/\\\/www.facebook.com\\\/Immensive\",\"https:\\\/\\\/x.com\\\/immensive_sa\",\"https:\\\/\\\/www.instagram.com\\\/immensive\\\/\",\"https:\\\/\\\/www.linkedin.com\\\/company\\\/immensive_sa\",\"https:\\\/\\\/www.youtube.com\\\/channel\\\/UCQh4ErJgBoTQ9p2b4F0QmZg\"]}]}<\/script>\n<!-- \/ Yoast SEO plugin. -->","yoast_head_json":{"title":"Virtuelle und erweiterte Realit\u00e4t - Immensive","description":"Vollservice-Anbieter f\u00fcr virtuelle und erweiterte Realit\u00e4t Anwendungen. Immensive unterst\u00fctzt Sie bei der Konzeption und Umsetzung.","robots":{"index":"index","follow":"follow","max-snippet":"max-snippet:-1","max-image-preview":"max-image-preview:large","max-video-preview":"max-video-preview:-1"},"canonical":"https:\/\/www.immensive.com\/de\/virtuelle-erweiterte-realitaet\/","og_locale":"de_DE","og_type":"article","og_title":"Virtuelle und erweiterte Realit\u00e4t - Immensive","og_description":"Vollservice-Anbieter f\u00fcr virtuelle und erweiterte Realit\u00e4t Anwendungen. Immensive unterst\u00fctzt Sie bei der Konzeption und Umsetzung.","og_url":"https:\/\/www.immensive.com\/de\/virtuelle-erweiterte-realitaet\/","og_site_name":"Immensive","article_publisher":"https:\/\/www.facebook.com\/Immensive","article_modified_time":"2025-09-15T10:01:37+00:00","twitter_card":"summary_large_image","twitter_site":"@immensive_sa","twitter_misc":{"Gesch\u00e4tzte Lesezeit":"2\u00a0Minuten"},"schema":{"@context":"https:\/\/schema.org","@graph":[{"@type":"WebPage","@id":"https:\/\/www.immensive.com\/de\/virtuelle-erweiterte-realitaet\/","url":"https:\/\/www.immensive.com\/de\/virtuelle-erweiterte-realitaet\/","name":"Virtuelle und erweiterte Realit\u00e4t - Immensive","isPartOf":{"@id":"https:\/\/www.immensive.com\/de\/#website"},"datePublished":"2022-08-29T13:45:15+00:00","dateModified":"2025-09-15T10:01:37+00:00","description":"Vollservice-Anbieter f\u00fcr virtuelle und erweiterte Realit\u00e4t Anwendungen. Immensive unterst\u00fctzt Sie bei der Konzeption und Umsetzung.","breadcrumb":{"@id":"https:\/\/www.immensive.com\/de\/virtuelle-erweiterte-realitaet\/#breadcrumb"},"inLanguage":"de","potentialAction":[{"@type":"ReadAction","target":["https:\/\/www.immensive.com\/de\/virtuelle-erweiterte-realitaet\/"]}]},{"@type":"BreadcrumbList","@id":"https:\/\/www.immensive.com\/de\/virtuelle-erweiterte-realitaet\/#breadcrumb","itemListElement":[{"@type":"ListItem","position":1,"name":"Home","item":"https:\/\/www.immensive.com\/de\/"},{"@type":"ListItem","position":2,"name":"Virtuelle und Erweiterte Realit\u00e4t"}]},{"@type":"WebSite","@id":"https:\/\/www.immensive.com\/de\/#website","url":"https:\/\/www.immensive.com\/de\/","name":"Immensive","description":"Interactive Solutions and Corporate Metaverse","publisher":{"@id":"https:\/\/www.immensive.com\/de\/#organization"},"potentialAction":[{"@type":"SearchAction","target":{"@type":"EntryPoint","urlTemplate":"https:\/\/www.immensive.com\/de\/?s={search_term_string}"},"query-input":{"@type":"PropertyValueSpecification","valueRequired":true,"valueName":"search_term_string"}}],"inLanguage":"de"},{"@type":"Organization","@id":"https:\/\/www.immensive.com\/de\/#organization","name":"Immensive SA","url":"https:\/\/www.immensive.com\/de\/","logo":{"@type":"ImageObject","inLanguage":"de","@id":"https:\/\/www.immensive.com\/de\/#\/schema\/logo\/image\/","url":"https:\/\/www.immensive.com\/wp-content\/uploads\/2024\/10\/Logo_Standard_Web-1.png","contentUrl":"https:\/\/www.immensive.com\/wp-content\/uploads\/2024\/10\/Logo_Standard_Web-1.png","width":982,"height":296,"caption":"Immensive SA"},"image":{"@id":"https:\/\/www.immensive.com\/de\/#\/schema\/logo\/image\/"},"sameAs":["https:\/\/www.facebook.com\/Immensive","https:\/\/x.com\/immensive_sa","https:\/\/www.instagram.com\/immensive\/","https:\/\/www.linkedin.com\/company\/immensive_sa","https:\/\/www.youtube.com\/channel\/UCQh4ErJgBoTQ9p2b4F0QmZg"]}]}},"_links":{"self":[{"href":"https:\/\/www.immensive.com\/de\/wp-json\/wp\/v2\/pages\/75434","targetHints":{"allow":["GET"]}}],"collection":[{"href":"https:\/\/www.immensive.com\/de\/wp-json\/wp\/v2\/pages"}],"about":[{"href":"https:\/\/www.immensive.com\/de\/wp-json\/wp\/v2\/types\/page"}],"author":[{"embeddable":true,"href":"https:\/\/www.immensive.com\/de\/wp-json\/wp\/v2\/users\/7"}],"replies":[{"embeddable":true,"href":"https:\/\/www.immensive.com\/de\/wp-json\/wp\/v2\/comments?post=75434"}],"version-history":[{"count":15,"href":"https:\/\/www.immensive.com\/de\/wp-json\/wp\/v2\/pages\/75434\/revisions"}],"predecessor-version":[{"id":147838,"href":"https:\/\/www.immensive.com\/de\/wp-json\/wp\/v2\/pages\/75434\/revisions\/147838"}],"wp:attachment":[{"href":"https:\/\/www.immensive.com\/de\/wp-json\/wp\/v2\/media?parent=75434"}],"curies":[{"name":"wp","href":"https:\/\/api.w.org\/{rel}","templated":true}]}}