{"id":75425,"date":"2023-03-27T14:46:42","date_gmt":"2023-03-27T13:46:42","guid":{"rendered":"https:\/\/l2567pblzpn.preview.infomaniak.website\/datenschutzerklaerung-immensive\/"},"modified":"2024-11-22T15:18:11","modified_gmt":"2024-11-22T14:18:11","slug":"datenschutzerklaerung-immensive","status":"publish","type":"page","link":"https:\/\/www.immensive.com\/de\/datenschutzerklaerung-immensive\/","title":{"rendered":"Datenschutzerkl\u00e4rung (Immensive)"},"content":{"rendered":"<div class=\"wpb-content-wrapper\"><p>[vc_row row_height_percent=&#8220;0&#8243; override_padding=&#8220;yes&#8220; h_padding=&#8220;0&#8243; top_padding=&#8220;0&#8243; bottom_padding=&#8220;0&#8243; back_color=&#8220;color-206537&#8243; back_image=&#8220;66887&#8243; back_repeat=&#8220;repeat-x&#8220; back_attachment=&#8220;inherit&#8220; back_position=&#8220;center bottom&#8220; overlay_alpha=&#8220;50&#8243; equal_height=&#8220;yes&#8220; gutter_size=&#8220;3&#8243; column_width_percent=&#8220;100&#8243; shift_y=&#8220;0&#8243; z_index=&#8220;0&#8243; row_height_pixel=&#8220;120&#8243; back_size=&#8220;auto&#8220;][vc_column column_width_percent=&#8220;100&#8243; position_vertical=&#8220;bottom&#8220; align_horizontal=&#8220;align_center&#8220; gutter_size=&#8220;3&#8243; override_padding=&#8220;yes&#8220; column_padding=&#8220;2&#8243; style=&#8220;dark&#8220; overlay_alpha=&#8220;50&#8243; shift_x=&#8220;0&#8243; shift_y=&#8220;0&#8243; shift_y_down=&#8220;0&#8243; z_index=&#8220;0&#8243; medium_width=&#8220;0&#8243; mobile_width=&#8220;0&#8243; width=&#8220;1\/1&#8243; css=&#8220;.vc_custom_1519947016391{padding-bottom: 30px !important;}&#8220;][vc_column_text css_animation=&#8220;zoom-out&#8220;]<\/p>\n<p style=\"font-size: 40px; line-height: 44px; font-weight: bold; font-family: Quicksand; text-align: center;\">Datenschutzerkl\u00e4rung<\/p>\n<p>[\/vc_column_text][vc_empty_space empty_h=&#8220;1&#8243;][\/vc_column][\/vc_row][vc_row][vc_column width=&#8220;1\/1&#8243;][vc_column_text uncode_shortcode_id=&#8220;188024&#8243;]Immensive SA betreibt die Website www.immensive.com. Diese Seite informiert Sie \u00fcber unsere Richtlinien zur Erhebung, Nutzung und Offenlegung personenbezogener Daten, die wir von Nutzern der Seite erhalten.<\/p>\n<h2>Erhebung und Verwendung von Informationen<\/h2>\n<h3>Cookies<\/h3>\n<p>Cookies sind Dateien mit einer kleinen Menge an Daten, die eine anonyme, eindeutige Kennung enthalten k\u00f6nnen. Cookies werden von einer Website an Ihren Browser gesendet und auf der Festplatte Ihres Computers gespeichert. Wie viele Websites verwenden wir &#8222;Cookies&#8220;, um Informationen zu sammeln. Sie k\u00f6nnen Ihren Browser anweisen, alle Cookies abzulehnen oder anzuzeigen, wenn ein Cookie gesendet wird. <\/p>\n<h3>Analytics<\/h3>\n<p>Diese Website verwendet die Web-Analyse-Tools Google Analytics, um zu analysieren, wie Nutzer die Seite verwenden. Diese Tools verwenden \u201eCookies\u201c, Textdateien, die auf Ihrem Computer platziert werden, um standardm\u00e4ssige Internet-Protokolldaten und Besucherverhalten anonym zu sammeln. Die durch das Cookie erzeugten Informationen \u00fcber Ihre Nutzung der Website (einschliesslich Ihrer IP-Adresse) werden an Google \u00fcbermittelt. Diese Informationen werden dann verwendet, um die Nutzung der Website durch Besucher auszuwerten und statistische Berichte \u00fcber die Website-Aktivit\u00e4t f\u00fcr Immensive SA zu erstellen. Wir werden niemals (und auch keine Drittpartei) das statistische Analyse-Tool verwenden, um pers\u00f6nliche, identifizierbare Informationen von Besuchern unserer Seite zu verfolgen oder zu sammeln.   <\/p>\n<h3>Externe Links<\/h3>\n<p>Diese Seite enth\u00e4lt (Affiliate-)Links zu anderen Websites. Immensive SA ist nicht verantwortlich f\u00fcr die Datenschutzpraktiken oder den Inhalt dieser Websites.[\/vc_column_text][\/vc_column][\/vc_row]<\/p>\n<\/div>","protected":false},"excerpt":{"rendered":"<p>[vc_row row_height_percent=&#8220;0&#8243; override_padding=&#8220;yes&#8220; h_padding=&#8220;0&#8243; top_padding=&#8220;0&#8243; bottom_padding=&#8220;0&#8243; back_color=&#8220;color-206537&#8243; back_image=&#8220;66887&#8243; back_repeat=&#8220;repeat-x&#8220; back_attachment=&#8220;inherit&#8220; back_position=&#8220;center bottom&#8220; overlay_alpha=&#8220;50&#8243; equal_height=&#8220;yes&#8220; gutter_size=&#8220;3&#8243; column_width_percent=&#8220;100&#8243; shift_y=&#8220;0&#8243; z_index=&#8220;0&#8243; row_height_pixel=&#8220;120&#8243; back_size=&#8220;auto&#8220;][vc_column [&hellip;]<\/p>\n","protected":false},"author":9,"featured_media":66704,"parent":0,"menu_order":0,"comment_status":"closed","ping_status":"closed","template":"","meta":{"footnotes":""},"class_list":["post-75425","page","type-page","status-publish","has-post-thumbnail","hentry","page_category-firma"],"yoast_head":"<!-- This site is optimized with the Yoast SEO plugin v27.6 - https:\/\/yoast.com\/product\/yoast-seo-wordpress\/ -->\n<title>Datenschutzerkl\u00e4rung (Immensive) - Immensive<\/title>\n<meta name=\"description\" content=\"Immensive SA \/ Kontakt \u2013 Hauptsitz &amp; Showroom in Puidoux bei Lausanne, Schweiz. B\u00fcro &amp; Showroom in Zug bei Z\u00fcrich.\" \/>\n<meta name=\"robots\" content=\"index, follow, max-snippet:-1, max-image-preview:large, max-video-preview:-1\" \/>\n<link rel=\"canonical\" href=\"https:\/\/www.immensive.com\/de\/datenschutzerklaerung-immensive\/\" \/>\n<meta property=\"og:locale\" content=\"de_DE\" \/>\n<meta property=\"og:type\" content=\"article\" \/>\n<meta property=\"og:title\" content=\"Datenschutzerkl\u00e4rung (Immensive) - Immensive\" \/>\n<meta property=\"og:description\" content=\"Immensive SA \/ Kontakt \u2013 Hauptsitz &amp; Showroom in Puidoux bei Lausanne, Schweiz. B\u00fcro &amp; Showroom in Zug bei Z\u00fcrich.\" \/>\n<meta property=\"og:url\" content=\"https:\/\/www.immensive.com\/de\/datenschutzerklaerung-immensive\/\" \/>\n<meta property=\"og:site_name\" content=\"Immensive\" \/>\n<meta property=\"article:publisher\" content=\"https:\/\/www.facebook.com\/Immensive\" \/>\n<meta property=\"article:modified_time\" content=\"2024-11-22T14:18:11+00:00\" \/>\n<meta property=\"og:image\" content=\"https:\/\/www.immensive.com\/wp-content\/uploads\/2017\/09\/Puidoux-int_showroom-01_s.png\" \/>\n\t<meta property=\"og:image:width\" content=\"1000\" \/>\n\t<meta property=\"og:image:height\" content=\"680\" \/>\n\t<meta property=\"og:image:type\" content=\"image\/png\" \/>\n<meta name=\"twitter:card\" content=\"summary_large_image\" \/>\n<meta name=\"twitter:site\" content=\"@immensive_sa\" \/>\n<meta name=\"twitter:label1\" content=\"Gesch\u00e4tzte Lesezeit\" \/>\n\t<meta name=\"twitter:data1\" content=\"2\u00a0Minuten\" \/>\n<script type=\"application\/ld+json\" class=\"yoast-schema-graph\">{\"@context\":\"https:\\\/\\\/schema.org\",\"@graph\":[{\"@type\":\"WebPage\",\"@id\":\"https:\\\/\\\/www.immensive.com\\\/de\\\/datenschutzerklaerung-immensive\\\/\",\"url\":\"https:\\\/\\\/www.immensive.com\\\/de\\\/datenschutzerklaerung-immensive\\\/\",\"name\":\"Datenschutzerkl\u00e4rung (Immensive) - Immensive\",\"isPartOf\":{\"@id\":\"https:\\\/\\\/www.immensive.com\\\/de\\\/#website\"},\"primaryImageOfPage\":{\"@id\":\"https:\\\/\\\/www.immensive.com\\\/de\\\/datenschutzerklaerung-immensive\\\/#primaryimage\"},\"image\":{\"@id\":\"https:\\\/\\\/www.immensive.com\\\/de\\\/datenschutzerklaerung-immensive\\\/#primaryimage\"},\"thumbnailUrl\":\"https:\\\/\\\/www.immensive.com\\\/wp-content\\\/uploads\\\/2017\\\/09\\\/Puidoux-int_showroom-01_s.png\",\"datePublished\":\"2023-03-27T13:46:42+00:00\",\"dateModified\":\"2024-11-22T14:18:11+00:00\",\"description\":\"Immensive SA \\\/ Kontakt \u2013 Hauptsitz & Showroom in Puidoux bei Lausanne, Schweiz. B\u00fcro & Showroom in Zug bei Z\u00fcrich.\",\"breadcrumb\":{\"@id\":\"https:\\\/\\\/www.immensive.com\\\/de\\\/datenschutzerklaerung-immensive\\\/#breadcrumb\"},\"inLanguage\":\"de\",\"potentialAction\":[{\"@type\":\"ReadAction\",\"target\":[\"https:\\\/\\\/www.immensive.com\\\/de\\\/datenschutzerklaerung-immensive\\\/\"]}]},{\"@type\":\"ImageObject\",\"inLanguage\":\"de\",\"@id\":\"https:\\\/\\\/www.immensive.com\\\/de\\\/datenschutzerklaerung-immensive\\\/#primaryimage\",\"url\":\"https:\\\/\\\/www.immensive.com\\\/wp-content\\\/uploads\\\/2017\\\/09\\\/Puidoux-int_showroom-01_s.png\",\"contentUrl\":\"https:\\\/\\\/www.immensive.com\\\/wp-content\\\/uploads\\\/2017\\\/09\\\/Puidoux-int_showroom-01_s.png\",\"width\":1000,\"height\":680,\"caption\":\"Showroom Puidoux - Atracsys Interactive\"},{\"@type\":\"BreadcrumbList\",\"@id\":\"https:\\\/\\\/www.immensive.com\\\/de\\\/datenschutzerklaerung-immensive\\\/#breadcrumb\",\"itemListElement\":[{\"@type\":\"ListItem\",\"position\":1,\"name\":\"Home\",\"item\":\"https:\\\/\\\/www.immensive.com\\\/de\\\/\"},{\"@type\":\"ListItem\",\"position\":2,\"name\":\"Datenschutzerkl\u00e4rung (Immensive)\"}]},{\"@type\":\"WebSite\",\"@id\":\"https:\\\/\\\/www.immensive.com\\\/de\\\/#website\",\"url\":\"https:\\\/\\\/www.immensive.com\\\/de\\\/\",\"name\":\"Immensive\",\"description\":\"Interactive Solutions and Corporate Metaverse\",\"publisher\":{\"@id\":\"https:\\\/\\\/www.immensive.com\\\/de\\\/#organization\"},\"potentialAction\":[{\"@type\":\"SearchAction\",\"target\":{\"@type\":\"EntryPoint\",\"urlTemplate\":\"https:\\\/\\\/www.immensive.com\\\/de\\\/?s={search_term_string}\"},\"query-input\":{\"@type\":\"PropertyValueSpecification\",\"valueRequired\":true,\"valueName\":\"search_term_string\"}}],\"inLanguage\":\"de\"},{\"@type\":\"Organization\",\"@id\":\"https:\\\/\\\/www.immensive.com\\\/de\\\/#organization\",\"name\":\"Immensive SA\",\"url\":\"https:\\\/\\\/www.immensive.com\\\/de\\\/\",\"logo\":{\"@type\":\"ImageObject\",\"inLanguage\":\"de\",\"@id\":\"https:\\\/\\\/www.immensive.com\\\/de\\\/#\\\/schema\\\/logo\\\/image\\\/\",\"url\":\"https:\\\/\\\/www.immensive.com\\\/wp-content\\\/uploads\\\/2024\\\/10\\\/Logo_Standard_Web-1.png\",\"contentUrl\":\"https:\\\/\\\/www.immensive.com\\\/wp-content\\\/uploads\\\/2024\\\/10\\\/Logo_Standard_Web-1.png\",\"width\":982,\"height\":296,\"caption\":\"Immensive SA\"},\"image\":{\"@id\":\"https:\\\/\\\/www.immensive.com\\\/de\\\/#\\\/schema\\\/logo\\\/image\\\/\"},\"sameAs\":[\"https:\\\/\\\/www.facebook.com\\\/Immensive\",\"https:\\\/\\\/x.com\\\/immensive_sa\",\"https:\\\/\\\/www.instagram.com\\\/immensive\\\/\",\"https:\\\/\\\/www.linkedin.com\\\/company\\\/immensive_sa\",\"https:\\\/\\\/www.youtube.com\\\/channel\\\/UCQh4ErJgBoTQ9p2b4F0QmZg\"]}]}<\/script>\n<!-- \/ Yoast SEO plugin. -->","yoast_head_json":{"title":"Datenschutzerkl\u00e4rung (Immensive) - Immensive","description":"Immensive SA \/ Kontakt \u2013 Hauptsitz & Showroom in Puidoux bei Lausanne, Schweiz. B\u00fcro & Showroom in Zug bei Z\u00fcrich.","robots":{"index":"index","follow":"follow","max-snippet":"max-snippet:-1","max-image-preview":"max-image-preview:large","max-video-preview":"max-video-preview:-1"},"canonical":"https:\/\/www.immensive.com\/de\/datenschutzerklaerung-immensive\/","og_locale":"de_DE","og_type":"article","og_title":"Datenschutzerkl\u00e4rung (Immensive) - Immensive","og_description":"Immensive SA \/ Kontakt \u2013 Hauptsitz & Showroom in Puidoux bei Lausanne, Schweiz. B\u00fcro & Showroom in Zug bei Z\u00fcrich.","og_url":"https:\/\/www.immensive.com\/de\/datenschutzerklaerung-immensive\/","og_site_name":"Immensive","article_publisher":"https:\/\/www.facebook.com\/Immensive","article_modified_time":"2024-11-22T14:18:11+00:00","og_image":[{"width":1000,"height":680,"url":"https:\/\/www.immensive.com\/wp-content\/uploads\/2017\/09\/Puidoux-int_showroom-01_s.png","type":"image\/png"}],"twitter_card":"summary_large_image","twitter_site":"@immensive_sa","twitter_misc":{"Gesch\u00e4tzte Lesezeit":"2\u00a0Minuten"},"schema":{"@context":"https:\/\/schema.org","@graph":[{"@type":"WebPage","@id":"https:\/\/www.immensive.com\/de\/datenschutzerklaerung-immensive\/","url":"https:\/\/www.immensive.com\/de\/datenschutzerklaerung-immensive\/","name":"Datenschutzerkl\u00e4rung (Immensive) - Immensive","isPartOf":{"@id":"https:\/\/www.immensive.com\/de\/#website"},"primaryImageOfPage":{"@id":"https:\/\/www.immensive.com\/de\/datenschutzerklaerung-immensive\/#primaryimage"},"image":{"@id":"https:\/\/www.immensive.com\/de\/datenschutzerklaerung-immensive\/#primaryimage"},"thumbnailUrl":"https:\/\/www.immensive.com\/wp-content\/uploads\/2017\/09\/Puidoux-int_showroom-01_s.png","datePublished":"2023-03-27T13:46:42+00:00","dateModified":"2024-11-22T14:18:11+00:00","description":"Immensive SA \/ Kontakt \u2013 Hauptsitz & Showroom in Puidoux bei Lausanne, Schweiz. B\u00fcro & Showroom in Zug bei Z\u00fcrich.","breadcrumb":{"@id":"https:\/\/www.immensive.com\/de\/datenschutzerklaerung-immensive\/#breadcrumb"},"inLanguage":"de","potentialAction":[{"@type":"ReadAction","target":["https:\/\/www.immensive.com\/de\/datenschutzerklaerung-immensive\/"]}]},{"@type":"ImageObject","inLanguage":"de","@id":"https:\/\/www.immensive.com\/de\/datenschutzerklaerung-immensive\/#primaryimage","url":"https:\/\/www.immensive.com\/wp-content\/uploads\/2017\/09\/Puidoux-int_showroom-01_s.png","contentUrl":"https:\/\/www.immensive.com\/wp-content\/uploads\/2017\/09\/Puidoux-int_showroom-01_s.png","width":1000,"height":680,"caption":"Showroom Puidoux - Atracsys Interactive"},{"@type":"BreadcrumbList","@id":"https:\/\/www.immensive.com\/de\/datenschutzerklaerung-immensive\/#breadcrumb","itemListElement":[{"@type":"ListItem","position":1,"name":"Home","item":"https:\/\/www.immensive.com\/de\/"},{"@type":"ListItem","position":2,"name":"Datenschutzerkl\u00e4rung (Immensive)"}]},{"@type":"WebSite","@id":"https:\/\/www.immensive.com\/de\/#website","url":"https:\/\/www.immensive.com\/de\/","name":"Immensive","description":"Interactive Solutions and Corporate Metaverse","publisher":{"@id":"https:\/\/www.immensive.com\/de\/#organization"},"potentialAction":[{"@type":"SearchAction","target":{"@type":"EntryPoint","urlTemplate":"https:\/\/www.immensive.com\/de\/?s={search_term_string}"},"query-input":{"@type":"PropertyValueSpecification","valueRequired":true,"valueName":"search_term_string"}}],"inLanguage":"de"},{"@type":"Organization","@id":"https:\/\/www.immensive.com\/de\/#organization","name":"Immensive SA","url":"https:\/\/www.immensive.com\/de\/","logo":{"@type":"ImageObject","inLanguage":"de","@id":"https:\/\/www.immensive.com\/de\/#\/schema\/logo\/image\/","url":"https:\/\/www.immensive.com\/wp-content\/uploads\/2024\/10\/Logo_Standard_Web-1.png","contentUrl":"https:\/\/www.immensive.com\/wp-content\/uploads\/2024\/10\/Logo_Standard_Web-1.png","width":982,"height":296,"caption":"Immensive SA"},"image":{"@id":"https:\/\/www.immensive.com\/de\/#\/schema\/logo\/image\/"},"sameAs":["https:\/\/www.facebook.com\/Immensive","https:\/\/x.com\/immensive_sa","https:\/\/www.instagram.com\/immensive\/","https:\/\/www.linkedin.com\/company\/immensive_sa","https:\/\/www.youtube.com\/channel\/UCQh4ErJgBoTQ9p2b4F0QmZg"]}]}},"_links":{"self":[{"href":"https:\/\/www.immensive.com\/de\/wp-json\/wp\/v2\/pages\/75425","targetHints":{"allow":["GET"]}}],"collection":[{"href":"https:\/\/www.immensive.com\/de\/wp-json\/wp\/v2\/pages"}],"about":[{"href":"https:\/\/www.immensive.com\/de\/wp-json\/wp\/v2\/types\/page"}],"author":[{"embeddable":true,"href":"https:\/\/www.immensive.com\/de\/wp-json\/wp\/v2\/users\/9"}],"replies":[{"embeddable":true,"href":"https:\/\/www.immensive.com\/de\/wp-json\/wp\/v2\/comments?post=75425"}],"version-history":[{"count":4,"href":"https:\/\/www.immensive.com\/de\/wp-json\/wp\/v2\/pages\/75425\/revisions"}],"predecessor-version":[{"id":75429,"href":"https:\/\/www.immensive.com\/de\/wp-json\/wp\/v2\/pages\/75425\/revisions\/75429"}],"wp:featuredmedia":[{"embeddable":true,"href":"https:\/\/www.immensive.com\/de\/wp-json\/wp\/v2\/media\/66704"}],"wp:attachment":[{"href":"https:\/\/www.immensive.com\/de\/wp-json\/wp\/v2\/media?parent=75425"}],"curies":[{"name":"wp","href":"https:\/\/api.w.org\/{rel}","templated":true}]}}