{"id":75422,"date":"2018-01-31T15:15:13","date_gmt":"2018-01-31T14:15:13","guid":{"rendered":"https:\/\/l2567pblzpn.preview.infomaniak.website\/interaktive-applikationen\/"},"modified":"2025-10-06T15:38:41","modified_gmt":"2025-10-06T14:38:41","slug":"interaktive-applikationen","status":"publish","type":"page","link":"https:\/\/www.immensive.com\/de\/interaktive-applikationen\/","title":{"rendered":"Interaktive Applikationen"},"content":{"rendered":"<div class=\"wpb-content-wrapper\"><p>[vc_row row_height_percent=&#8220;0&#8243; override_padding=&#8220;yes&#8220; h_padding=&#8220;0&#8243; top_padding=&#8220;0&#8243; bottom_padding=&#8220;0&#8243; back_color=&#8220;color-206537&#8243; overlay_alpha=&#8220;50&#8243; equal_height=&#8220;yes&#8220; gutter_size=&#8220;3&#8243; column_width_percent=&#8220;100&#8243; shift_y=&#8220;0&#8243; z_index=&#8220;0&#8243; row_height_pixel=&#8220;120&#8243; uncode_shortcode_id=&#8220;113130&#8243; back_color_type=&#8220;uncode-palette&#8220;][vc_column column_width_percent=&#8220;100&#8243; position_vertical=&#8220;bottom&#8220; align_horizontal=&#8220;align_center&#8220; gutter_size=&#8220;3&#8243; override_padding=&#8220;yes&#8220; column_padding=&#8220;2&#8243; style=&#8220;dark&#8220; overlay_alpha=&#8220;50&#8243; shift_x=&#8220;0&#8243; shift_y=&#8220;0&#8243; shift_y_down=&#8220;0&#8243; z_index=&#8220;0&#8243; medium_width=&#8220;0&#8243; mobile_width=&#8220;0&#8243; width=&#8220;1\/1&#8243; css=&#8220;.vc_custom_1519947016391{padding-bottom: 30px !important;}&#8220;][vc_column_text css_animation=&#8220;zoom-out&#8220;]<\/p>\n<p style=\"font-size: 40px; line-height: 44px; font-weight: bold; font-family: Quicksand; text-align: center;\">Interaktive Applikationen<\/p>\n<p>[\/vc_column_text][vc_empty_space empty_h=&#8220;1&#8243;][\/vc_column][\/vc_row][vc_row row_height_percent=&#8220;0&#8243; overlay_alpha=&#8220;50&#8243; gutter_size=&#8220;3&#8243; column_width_percent=&#8220;100&#8243; shift_y=&#8220;0&#8243; z_index=&#8220;0&#8243;][vc_column column_width_percent=&#8220;100&#8243; position_vertical=&#8220;middle&#8220; gutter_size=&#8220;3&#8243; overlay_alpha=&#8220;50&#8243; shift_x=&#8220;0&#8243; shift_y=&#8220;0&#8243; shift_y_down=&#8220;0&#8243; z_index=&#8220;0&#8243; medium_width=&#8220;0&#8243; mobile_width=&#8220;0&#8243; width=&#8220;1\/1&#8243;][vc_column_text text_lead=&#8220;yes&#8220; uncode_shortcode_id=&#8220;334782&#8243;]Die PopupExperience ist eine professionelle, vollst\u00e4ndig anpassbare, Multi-User-Multi-Touch-Anwendung, die f\u00fcr interaktive Pr\u00e4sentationen auf Bildschirmen aller Gr\u00f6ssen optimiert ist. Mit unserem cloudbasierten Content-Management-System sind die Inhalte aller Ihrer Anwendungen und Ger\u00e4te immer auf dem neuesten Stand, und die Verwaltung wird zum Kinderspiel. <\/p>\n<p>Wir haben das Content-Management-System f\u00fcr Multitouch-interaktive Anwendungen auf ein neues Niveau gehoben: Es ist nicht notwendig, Ihre Inhalte innerhalb des CMS neu zu erstellen. Stattdessen laden Sie einfach vorhandene Inhalte hoch und weisen sie dort zu, wo Sie sie ben\u00f6tigen, und die PopupExperience k\u00fcmmert sich um den Rest. Alles, worauf Sie sich konzentrieren m\u00fcssen, ist, die interaktive Pr\u00e4sentation f\u00fcr Ihren Kunden zu liefern.  <\/p>\n<p>Viele Funktionen stehen f\u00fcr unsere interaktiven Anwendungen zur Verf\u00fcgung, um grosse Flexibilit\u00e4t zu niedrigsten Preisen zu bieten. Weitere Informationen zu diesen Modulen finden Sie weiter unten.[\/vc_column_text][\/vc_column][\/vc_row][vc_row][vc_column width=&#8220;1\/1&#8243;][vc_single_image media=&#8220;146490&#8243; media_lightbox=&#8220;yes&#8220; media_width_percent=&#8220;100&#8243; alignment=&#8220;center&#8220; advanced=&#8220;yes&#8220; media_items=&#8220;media|poster&#8220; media_overlay_opacity=&#8220;50&#8243; media_padding=&#8220;2&#8243; uncode_shortcode_id=&#8220;811209&#8243;][\/vc_column][\/vc_row][vc_row row_height_percent=&#8220;0&#8243; overlay_alpha=&#8220;50&#8243; equal_height=&#8220;yes&#8220; gutter_size=&#8220;3&#8243; column_width_percent=&#8220;100&#8243; shift_y=&#8220;0&#8243; z_index=&#8220;0&#8243;][vc_column column_width_percent=&#8220;100&#8243; position_vertical=&#8220;middle&#8220; gutter_size=&#8220;2&#8243; override_padding=&#8220;yes&#8220; column_padding=&#8220;2&#8243; overlay_alpha=&#8220;50&#8243; shift_x=&#8220;0&#8243; shift_y=&#8220;0&#8243; shift_y_down=&#8220;0&#8243; z_index=&#8220;0&#8243; medium_width=&#8220;0&#8243; mobile_width=&#8220;0&#8243; width=&#8220;1\/1&#8243; css=&#8220;.vc_custom_1522249065660{padding-top: 0px !important;padding-right: 0px !important;padding-bottom: 0px !important;padding-left: 0px !important;}&#8220;][vc_column_text]<\/p>\n<h3 style=\"font-family: Quicksand;\">Online Content-Management<\/h3>\n<p>[\/vc_column_text][vc_column_text text_lead=&#8220;yes&#8220; uncode_shortcode_id=&#8220;197551&#8243;]Verwalten Sie Ihre Inhalte autonom \u00fcber das <strong>Online-CMS<\/strong> (Content-Management-System) und setzen Sie Ihre PopupExperience-App gleichzeitig auf beliebig vielen Ger\u00e4ten ein.[\/vc_column_text][\/vc_column][\/vc_row][vc_row row_height_percent=&#8220;34&#8243; back_color=&#8220;color-lxmt&#8220; overlay_alpha=&#8220;50&#8243; equal_height=&#8220;yes&#8220; gutter_size=&#8220;3&#8243; column_width_percent=&#8220;100&#8243; shift_y=&#8220;0&#8243; z_index=&#8220;0&#8243; top_divider=&#8220;tilt&#8220; content_parallax=&#8220;0&#8243; uncode_shortcode_id=&#8220;177924&#8243; back_color_type=&#8220;uncode-palette&#8220;][vc_column column_width_percent=&#8220;100&#8243; position_vertical=&#8220;middle&#8220; gutter_size=&#8220;2&#8243; override_padding=&#8220;yes&#8220; column_padding=&#8220;2&#8243; overlay_alpha=&#8220;50&#8243; shift_x=&#8220;0&#8243; shift_y=&#8220;0&#8243; shift_y_down=&#8220;0&#8243; z_index=&#8220;0&#8243; medium_width=&#8220;0&#8243; mobile_width=&#8220;0&#8243; width=&#8220;1\/1&#8243; css=&#8220;.vc_custom_1522249065660{padding-top: 0px !important;padding-right: 0px !important;padding-bottom: 0px !important;padding-left: 0px !important;}&#8220;][vc_column_text]<\/p>\n<h3 style=\"font-family: Quicksand;\">Ein einfacher Prozess<\/h3>\n<p>[\/vc_column_text][vc_single_image media=&#8220;75227&#8243; media_width_percent=&#8220;100&#8243; alignment=&#8220;center&#8220; uncode_shortcode_id=&#8220;259488&#8243;][\/vc_column][\/vc_row][vc_row unlock_row_content=&#8220;yes&#8220; row_height_percent=&#8220;0&#8243; overlay_alpha=&#8220;50&#8243; gutter_size=&#8220;3&#8243; column_width_percent=&#8220;100&#8243; shift_y=&#8220;0&#8243; z_index=&#8220;0&#8243;][vc_column width=&#8220;1\/1&#8243;][vc_row_inner limit_content=&#8220;&#8220;][vc_column_inner width=&#8220;1\/4&#8243;][\/vc_column_inner][vc_column_inner width=&#8220;1\/2&#8243;][vc_column_text]<\/p>\n<h3 style=\"font-family: Quicksand;\">Funktionen &amp; Add-Ons<\/h3>\n<p>[\/vc_column_text][vc_column_text text_lead=&#8220;yes&#8220; uncode_shortcode_id=&#8220;170887&#8243;]Um Ihre Zufriedenheit zu gew\u00e4hrleisten, entwickeln wir regelm\u00e4ssig neue Module f\u00fcr unsere PopupExperience-Anwendung. Besuchen Sie <a href=\"https:\/\/Immensive.com\/blog\/\" target=\"_blank\" rel=\"noopener\">unseren Blog<\/a>, um alle neuesten Innovationen und k\u00fcrzlichen Erg\u00e4nzungen zu entdecken.[\/vc_column_text][\/vc_column_inner][vc_column_inner width=&#8220;1\/4&#8243;][\/vc_column_inner][\/vc_row_inner][uncode_index el_id=&#8220;index-4487854353&#8243; loop=&#8220;size:4|order_by:rand|post_type:post|categories:105|taxonomy_count:10&#8243; screen_lg=&#8220;1000&#8243; screen_md=&#8220;600&#8243; screen_sm=&#8220;480&#8243; gutter_size=&#8220;3&#8243; post_items=&#8220;media|featured|onpost|original,category|nobg|bottomright|display-icon&#8220; portfolio_items=&#8220;media|featured|onpost|original,title,category|nobg|relative|hide-icon&#8220; single_text=&#8220;overlay&#8220; single_width=&#8220;3&#8243; images_size=&#8220;sixteen-nine&#8220; single_overlay_color=&#8220;color-jevc&#8220; single_overlay_coloration=&#8220;bottom_gradient&#8220; single_overlay_opacity=&#8220;80&#8243; single_overlay_visible=&#8220;yes&#8220; single_text_visible=&#8220;yes&#8220; single_text_anim_type=&#8220;btt&#8220; single_v_position=&#8220;bottom&#8220; single_padding=&#8220;1&#8243; single_text_reduced=&#8220;yes&#8220; single_title_family=&#8220;font-129489&#8243; single_text_lead=&#8220;yes&#8220; single_shadow=&#8220;yes&#8220; single_border=&#8220;yes&#8220; single_css_animation=&#8220;zoom-in&#8220; single_animation_speed=&#8220;300&#8243; title=&#8220;Portfolio Archive&#8220; uncode_shortcode_id=&#8220;204939&#8243;][\/vc_column][\/vc_row][vc_row unlock_row_content=&#8220;yes&#8220; row_height_percent=&#8220;34&#8243; back_color=&#8220;color-prif&#8220; overlay_alpha=&#8220;50&#8243; gutter_size=&#8220;3&#8243; column_width_percent=&#8220;100&#8243; shift_y=&#8220;0&#8243; z_index=&#8220;0&#8243; top_divider=&#8220;tilt&#8220; content_parallax=&#8220;0&#8243; uncode_shortcode_id=&#8220;189324&#8243; back_color_type=&#8220;uncode-palette&#8220;][vc_column width=&#8220;1\/1&#8243;][vc_row_inner row_inner_height_percent=&#8220;0&#8243; overlay_alpha=&#8220;50&#8243; gutter_size=&#8220;3&#8243; shift_y=&#8220;0&#8243; z_index=&#8220;0&#8243; uncode_shortcode_id=&#8220;538589&#8243; limit_content=&#8220;&#8220;][vc_column_inner width=&#8220;1\/4&#8243;][\/vc_column_inner][vc_column_inner width=&#8220;1\/2&#8243;][vc_column_text uncode_shortcode_id=&#8220;124680&#8243;]<\/p>\n<h3 style=\"font-family: Quicksand; color: #ffffff;\">Pr\u00e4sentation<\/h3>\n<p>[\/vc_column_text][vc_column_text text_lead=&#8220;yes&#8220; uncode_shortcode_id=&#8220;772028&#8243;]<\/p>\n<p style=\"color: #ffffff;\">Weil ein Bild mehr als tausend Worte sagt, entdecken Sie unten die Projekte, die wir mit unserer PopupExperience-Anwendung realisiert haben. Erkunden Sie weitere Projekte in <a href=\"https:\/\/immensive.com\/de\/portfolio\" target=\"_blank\" rel=\"noopener\">unserem Portfolio<\/a>. <\/p>\n<p>[\/vc_column_text][\/vc_column_inner][vc_column_inner width=&#8220;1\/4&#8243;][\/vc_column_inner][\/vc_row_inner][uncode_index el_id=&#8220;index-4487854353&#8243; loop=&#8220;size:4|order_by:rand|post_type:portfolio|tax_query:75&#8243; screen_lg=&#8220;1000&#8243; screen_md=&#8220;600&#8243; screen_sm=&#8220;480&#8243; gutter_size=&#8220;3&#8243; post_items=&#8220;media|featured|onpost|original,title,category|nobg|relative|display-icon,date,text|full|400,link|default|default_size|outline&#8220; portfolio_items=&#8220;media|featured|onpost|original,title,category|nobg|relative|hide-icon&#8220; single_text=&#8220;overlay&#8220; single_width=&#8220;3&#8243; images_size=&#8220;sixteen-nine&#8220; single_overlay_color=&#8220;color-jevc&#8220; single_overlay_coloration=&#8220;bottom_gradient&#8220; single_overlay_opacity=&#8220;80&#8243; single_text_anim_type=&#8220;btt&#8220; single_v_position=&#8220;bottom&#8220; single_padding=&#8220;1&#8243; single_text_reduced=&#8220;yes&#8220; single_title_family=&#8220;font-129489&#8243; single_text_lead=&#8220;yes&#8220; single_shadow=&#8220;yes&#8220; single_border=&#8220;yes&#8220; single_css_animation=&#8220;zoom-in&#8220; single_animation_speed=&#8220;300&#8243; title=&#8220;Portfolio Archive&#8220;][vc_empty_space empty_h=&#8220;2&#8243;][\/vc_column][\/vc_row][vc_row][vc_column width=&#8220;1\/1&#8243;][uncode_block id=&#8220;74799&#8243;][vc_empty_space empty_h=&#8220;2&#8243;][\/vc_column][\/vc_row]<\/p>\n<\/div>","protected":false},"excerpt":{"rendered":"<p>[vc_row row_height_percent=&#8220;0&#8243; override_padding=&#8220;yes&#8220; h_padding=&#8220;0&#8243; top_padding=&#8220;0&#8243; bottom_padding=&#8220;0&#8243; back_color=&#8220;color-206537&#8243; overlay_alpha=&#8220;50&#8243; equal_height=&#8220;yes&#8220; gutter_size=&#8220;3&#8243; column_width_percent=&#8220;100&#8243; shift_y=&#8220;0&#8243; z_index=&#8220;0&#8243; row_height_pixel=&#8220;120&#8243; uncode_shortcode_id=&#8220;113130&#8243; back_color_type=&#8220;uncode-palette&#8220;][vc_column column_width_percent=&#8220;100&#8243; position_vertical=&#8220;bottom&#8220; align_horizontal=&#8220;align_center&#8220; gutter_size=&#8220;3&#8243; [&hellip;]<\/p>\n","protected":false},"author":7,"featured_media":0,"parent":0,"menu_order":0,"comment_status":"closed","ping_status":"closed","template":"","meta":{"footnotes":""},"class_list":["post-75422","page","type-page","status-publish","hentry","page_category-losungen"],"yoast_head":"<!-- This site is optimized with the Yoast SEO plugin v27.4 - https:\/\/yoast.com\/product\/yoast-seo-wordpress\/ -->\n<title>Interaktive Applikationen - Immensive<\/title>\n<meta name=\"description\" content=\"Entdecken Sie innovative interaktive Anwendungen, die Benutzer fesseln und immersive Erlebnisse auf allen Ger\u00e4ten mit modernster Technologie bieten.\" \/>\n<meta name=\"robots\" content=\"index, follow, max-snippet:-1, max-image-preview:large, max-video-preview:-1\" \/>\n<link rel=\"canonical\" href=\"https:\/\/www.immensive.com\/de\/interaktive-applikationen\/\" \/>\n<meta property=\"og:locale\" content=\"de_DE\" \/>\n<meta property=\"og:type\" content=\"article\" \/>\n<meta property=\"og:title\" content=\"Interaktive Applikationen - Immensive\" \/>\n<meta property=\"og:description\" content=\"Entdecken Sie innovative interaktive Anwendungen, die Benutzer fesseln und immersive Erlebnisse auf allen Ger\u00e4ten mit modernster Technologie bieten.\" \/>\n<meta property=\"og:url\" content=\"https:\/\/www.immensive.com\/de\/interaktive-applikationen\/\" \/>\n<meta property=\"og:site_name\" content=\"Immensive\" \/>\n<meta property=\"article:publisher\" content=\"https:\/\/www.facebook.com\/Immensive\" \/>\n<meta property=\"article:modified_time\" content=\"2025-10-06T14:38:41+00:00\" \/>\n<meta name=\"twitter:card\" content=\"summary_large_image\" \/>\n<meta name=\"twitter:site\" content=\"@immensive_sa\" \/>\n<meta name=\"twitter:label1\" content=\"Gesch\u00e4tzte Lesezeit\" \/>\n\t<meta name=\"twitter:data1\" content=\"3\u00a0Minuten\" \/>\n<script type=\"application\/ld+json\" class=\"yoast-schema-graph\">{\"@context\":\"https:\\\/\\\/schema.org\",\"@graph\":[{\"@type\":\"WebPage\",\"@id\":\"https:\\\/\\\/www.immensive.com\\\/de\\\/interaktive-applikationen\\\/\",\"url\":\"https:\\\/\\\/www.immensive.com\\\/de\\\/interaktive-applikationen\\\/\",\"name\":\"Interaktive Applikationen - Immensive\",\"isPartOf\":{\"@id\":\"https:\\\/\\\/www.immensive.com\\\/de\\\/#website\"},\"datePublished\":\"2018-01-31T14:15:13+00:00\",\"dateModified\":\"2025-10-06T14:38:41+00:00\",\"description\":\"Entdecken Sie innovative interaktive Anwendungen, die Benutzer fesseln und immersive Erlebnisse auf allen Ger\u00e4ten mit modernster Technologie bieten.\",\"breadcrumb\":{\"@id\":\"https:\\\/\\\/www.immensive.com\\\/de\\\/interaktive-applikationen\\\/#breadcrumb\"},\"inLanguage\":\"de\",\"potentialAction\":[{\"@type\":\"ReadAction\",\"target\":[\"https:\\\/\\\/www.immensive.com\\\/de\\\/interaktive-applikationen\\\/\"]}]},{\"@type\":\"BreadcrumbList\",\"@id\":\"https:\\\/\\\/www.immensive.com\\\/de\\\/interaktive-applikationen\\\/#breadcrumb\",\"itemListElement\":[{\"@type\":\"ListItem\",\"position\":1,\"name\":\"Home\",\"item\":\"https:\\\/\\\/www.immensive.com\\\/de\\\/\"},{\"@type\":\"ListItem\",\"position\":2,\"name\":\"Interaktive Applikationen\"}]},{\"@type\":\"WebSite\",\"@id\":\"https:\\\/\\\/www.immensive.com\\\/de\\\/#website\",\"url\":\"https:\\\/\\\/www.immensive.com\\\/de\\\/\",\"name\":\"Immensive\",\"description\":\"Interactive Solutions and Corporate Metaverse\",\"publisher\":{\"@id\":\"https:\\\/\\\/www.immensive.com\\\/de\\\/#organization\"},\"potentialAction\":[{\"@type\":\"SearchAction\",\"target\":{\"@type\":\"EntryPoint\",\"urlTemplate\":\"https:\\\/\\\/www.immensive.com\\\/de\\\/?s={search_term_string}\"},\"query-input\":{\"@type\":\"PropertyValueSpecification\",\"valueRequired\":true,\"valueName\":\"search_term_string\"}}],\"inLanguage\":\"de\"},{\"@type\":\"Organization\",\"@id\":\"https:\\\/\\\/www.immensive.com\\\/de\\\/#organization\",\"name\":\"Immensive SA\",\"url\":\"https:\\\/\\\/www.immensive.com\\\/de\\\/\",\"logo\":{\"@type\":\"ImageObject\",\"inLanguage\":\"de\",\"@id\":\"https:\\\/\\\/www.immensive.com\\\/de\\\/#\\\/schema\\\/logo\\\/image\\\/\",\"url\":\"https:\\\/\\\/www.immensive.com\\\/wp-content\\\/uploads\\\/2024\\\/10\\\/Logo_Standard_Web-1.png\",\"contentUrl\":\"https:\\\/\\\/www.immensive.com\\\/wp-content\\\/uploads\\\/2024\\\/10\\\/Logo_Standard_Web-1.png\",\"width\":982,\"height\":296,\"caption\":\"Immensive SA\"},\"image\":{\"@id\":\"https:\\\/\\\/www.immensive.com\\\/de\\\/#\\\/schema\\\/logo\\\/image\\\/\"},\"sameAs\":[\"https:\\\/\\\/www.facebook.com\\\/Immensive\",\"https:\\\/\\\/x.com\\\/immensive_sa\",\"https:\\\/\\\/www.instagram.com\\\/immensive\\\/\",\"https:\\\/\\\/www.linkedin.com\\\/company\\\/immensive_sa\",\"https:\\\/\\\/www.youtube.com\\\/channel\\\/UCQh4ErJgBoTQ9p2b4F0QmZg\"]}]}<\/script>\n<!-- \/ Yoast SEO plugin. -->","yoast_head_json":{"title":"Interaktive Applikationen - Immensive","description":"Entdecken Sie innovative interaktive Anwendungen, die Benutzer fesseln und immersive Erlebnisse auf allen Ger\u00e4ten mit modernster Technologie bieten.","robots":{"index":"index","follow":"follow","max-snippet":"max-snippet:-1","max-image-preview":"max-image-preview:large","max-video-preview":"max-video-preview:-1"},"canonical":"https:\/\/www.immensive.com\/de\/interaktive-applikationen\/","og_locale":"de_DE","og_type":"article","og_title":"Interaktive Applikationen - Immensive","og_description":"Entdecken Sie innovative interaktive Anwendungen, die Benutzer fesseln und immersive Erlebnisse auf allen Ger\u00e4ten mit modernster Technologie bieten.","og_url":"https:\/\/www.immensive.com\/de\/interaktive-applikationen\/","og_site_name":"Immensive","article_publisher":"https:\/\/www.facebook.com\/Immensive","article_modified_time":"2025-10-06T14:38:41+00:00","twitter_card":"summary_large_image","twitter_site":"@immensive_sa","twitter_misc":{"Gesch\u00e4tzte Lesezeit":"3\u00a0Minuten"},"schema":{"@context":"https:\/\/schema.org","@graph":[{"@type":"WebPage","@id":"https:\/\/www.immensive.com\/de\/interaktive-applikationen\/","url":"https:\/\/www.immensive.com\/de\/interaktive-applikationen\/","name":"Interaktive Applikationen - Immensive","isPartOf":{"@id":"https:\/\/www.immensive.com\/de\/#website"},"datePublished":"2018-01-31T14:15:13+00:00","dateModified":"2025-10-06T14:38:41+00:00","description":"Entdecken Sie innovative interaktive Anwendungen, die Benutzer fesseln und immersive Erlebnisse auf allen Ger\u00e4ten mit modernster Technologie bieten.","breadcrumb":{"@id":"https:\/\/www.immensive.com\/de\/interaktive-applikationen\/#breadcrumb"},"inLanguage":"de","potentialAction":[{"@type":"ReadAction","target":["https:\/\/www.immensive.com\/de\/interaktive-applikationen\/"]}]},{"@type":"BreadcrumbList","@id":"https:\/\/www.immensive.com\/de\/interaktive-applikationen\/#breadcrumb","itemListElement":[{"@type":"ListItem","position":1,"name":"Home","item":"https:\/\/www.immensive.com\/de\/"},{"@type":"ListItem","position":2,"name":"Interaktive Applikationen"}]},{"@type":"WebSite","@id":"https:\/\/www.immensive.com\/de\/#website","url":"https:\/\/www.immensive.com\/de\/","name":"Immensive","description":"Interactive Solutions and Corporate Metaverse","publisher":{"@id":"https:\/\/www.immensive.com\/de\/#organization"},"potentialAction":[{"@type":"SearchAction","target":{"@type":"EntryPoint","urlTemplate":"https:\/\/www.immensive.com\/de\/?s={search_term_string}"},"query-input":{"@type":"PropertyValueSpecification","valueRequired":true,"valueName":"search_term_string"}}],"inLanguage":"de"},{"@type":"Organization","@id":"https:\/\/www.immensive.com\/de\/#organization","name":"Immensive SA","url":"https:\/\/www.immensive.com\/de\/","logo":{"@type":"ImageObject","inLanguage":"de","@id":"https:\/\/www.immensive.com\/de\/#\/schema\/logo\/image\/","url":"https:\/\/www.immensive.com\/wp-content\/uploads\/2024\/10\/Logo_Standard_Web-1.png","contentUrl":"https:\/\/www.immensive.com\/wp-content\/uploads\/2024\/10\/Logo_Standard_Web-1.png","width":982,"height":296,"caption":"Immensive SA"},"image":{"@id":"https:\/\/www.immensive.com\/de\/#\/schema\/logo\/image\/"},"sameAs":["https:\/\/www.facebook.com\/Immensive","https:\/\/x.com\/immensive_sa","https:\/\/www.instagram.com\/immensive\/","https:\/\/www.linkedin.com\/company\/immensive_sa","https:\/\/www.youtube.com\/channel\/UCQh4ErJgBoTQ9p2b4F0QmZg"]}]}},"_links":{"self":[{"href":"https:\/\/www.immensive.com\/de\/wp-json\/wp\/v2\/pages\/75422","targetHints":{"allow":["GET"]}}],"collection":[{"href":"https:\/\/www.immensive.com\/de\/wp-json\/wp\/v2\/pages"}],"about":[{"href":"https:\/\/www.immensive.com\/de\/wp-json\/wp\/v2\/types\/page"}],"author":[{"embeddable":true,"href":"https:\/\/www.immensive.com\/de\/wp-json\/wp\/v2\/users\/7"}],"replies":[{"embeddable":true,"href":"https:\/\/www.immensive.com\/de\/wp-json\/wp\/v2\/comments?post=75422"}],"version-history":[{"count":11,"href":"https:\/\/www.immensive.com\/de\/wp-json\/wp\/v2\/pages\/75422\/revisions"}],"predecessor-version":[{"id":147948,"href":"https:\/\/www.immensive.com\/de\/wp-json\/wp\/v2\/pages\/75422\/revisions\/147948"}],"wp:attachment":[{"href":"https:\/\/www.immensive.com\/de\/wp-json\/wp\/v2\/media?parent=75422"}],"curies":[{"name":"wp","href":"https:\/\/api.w.org\/{rel}","templated":true}]}}