{"id":75410,"date":"2020-02-05T13:01:54","date_gmt":"2020-02-05T12:01:54","guid":{"rendered":"https:\/\/l2567pblzpn.preview.infomaniak.website\/blog\/"},"modified":"2025-11-26T16:54:51","modified_gmt":"2025-11-26T15:54:51","slug":"blog","status":"publish","type":"page","link":"https:\/\/www.immensive.com\/de\/blog\/","title":{"rendered":"Blog"},"content":{"rendered":"<div class=\"wpb-content-wrapper\"><p>[vc_row row_height_percent=&#8220;0&#8243; override_padding=&#8220;yes&#8220; h_padding=&#8220;0&#8243; top_padding=&#8220;0&#8243; bottom_padding=&#8220;0&#8243; back_color=&#8220;color-206537&#8243; overlay_alpha=&#8220;50&#8243; equal_height=&#8220;yes&#8220; gutter_size=&#8220;3&#8243; column_width_percent=&#8220;100&#8243; shift_y=&#8220;0&#8243; z_index=&#8220;0&#8243; row_height_pixel=&#8220;120&#8243; uncode_shortcode_id=&#8220;194316&#8243; back_color_type=&#8220;uncode-palette&#8220;][vc_column column_width_percent=&#8220;100&#8243; position_vertical=&#8220;bottom&#8220; align_horizontal=&#8220;align_center&#8220; gutter_size=&#8220;3&#8243; override_padding=&#8220;yes&#8220; column_padding=&#8220;2&#8243; style=&#8220;dark&#8220; overlay_alpha=&#8220;50&#8243; shift_x=&#8220;0&#8243; shift_y=&#8220;0&#8243; shift_y_down=&#8220;0&#8243; z_index=&#8220;0&#8243; medium_width=&#8220;0&#8243; mobile_width=&#8220;0&#8243; width=&#8220;1\/1&#8243; css=&#8220;.vc_custom_1519947016391{padding-bottom: 30px !important;}&#8220;][vc_column_text css_animation=&#8220;zoom-out&#8220;]<\/p>\n<p style=\"font-size: 40px; line-height: 44px; font-weight: bold; font-family: Quicksand; text-align: center;\">Blog<\/p>\n<p>[\/vc_column_text][vc_empty_space empty_h=&#8220;1&#8243;][\/vc_column][\/vc_row][vc_row][vc_column width=&#8220;1\/1&#8243;][vc_column_text uncode_shortcode_id=&#8220;120251&#8243;]<\/p>\n<h4 style=\"color: #4d4d4d; font-weight: 400; font-family: Quicksand; text-align: center;\">In unserem Blog finden Sie die neuesten Nachrichten, Veranstaltungen, Fachartikel und weitere Informationen \u00fcber unser Unternehmen und unsere Teamkultur.<\/h4>\n<p>[\/vc_column_text][\/vc_column][\/vc_row][vc_row][vc_column width=&#8220;1\/1&#8243;][uncode_block id=&#8220;68455&#8243;][\/vc_column][\/vc_row][vc_row][vc_column width=&#8220;1\/1&#8243;][vc_empty_space empty_h=&#8220;2&#8243;][\/vc_column][\/vc_row]<\/p>\n<\/div>","protected":false},"excerpt":{"rendered":"<p>[vc_row row_height_percent=&#8220;0&#8243; override_padding=&#8220;yes&#8220; h_padding=&#8220;0&#8243; top_padding=&#8220;0&#8243; bottom_padding=&#8220;0&#8243; back_color=&#8220;color-206537&#8243; overlay_alpha=&#8220;50&#8243; equal_height=&#8220;yes&#8220; gutter_size=&#8220;3&#8243; column_width_percent=&#8220;100&#8243; shift_y=&#8220;0&#8243; z_index=&#8220;0&#8243; row_height_pixel=&#8220;120&#8243; uncode_shortcode_id=&#8220;194316&#8243; back_color_type=&#8220;uncode-palette&#8220;][vc_column column_width_percent=&#8220;100&#8243; position_vertical=&#8220;bottom&#8220; align_horizontal=&#8220;align_center&#8220; gutter_size=&#8220;3&#8243; [&hellip;]<\/p>\n","protected":false},"author":7,"featured_media":71969,"parent":0,"menu_order":0,"comment_status":"closed","ping_status":"closed","template":"","meta":{"footnotes":""},"class_list":["post-75410","page","type-page","status-publish","has-post-thumbnail","hentry","page_category-losungen","page_category-firma"],"yoast_head":"<!-- This site is optimized with the Yoast SEO plugin v27.4 - https:\/\/yoast.com\/product\/yoast-seo-wordpress\/ -->\n<title>Blog - Immensive - Neueste Nachrichten und Einblicke zu VR und AR<\/title>\n<meta name=\"description\" content=\"Entdecken Sie den Immensive-Blog f\u00fcr die neuesten Nachrichten, Veranstaltungen und Einblicke zu VR, AR und interaktiven Technologiel\u00f6sungen f\u00fcr verschiedene Branchen.\" \/>\n<meta name=\"robots\" content=\"index, follow, max-snippet:-1, max-image-preview:large, max-video-preview:-1\" \/>\n<link rel=\"canonical\" href=\"https:\/\/www.immensive.com\/de\/blog\/\" \/>\n<meta property=\"og:locale\" content=\"de_DE\" \/>\n<meta property=\"og:type\" content=\"article\" \/>\n<meta property=\"og:title\" content=\"Blog - Immensive - Neueste Nachrichten und Einblicke zu VR und AR\" \/>\n<meta property=\"og:description\" content=\"Entdecken Sie den Immensive-Blog f\u00fcr die neuesten Nachrichten, Veranstaltungen und Einblicke zu VR, AR und interaktiven Technologiel\u00f6sungen f\u00fcr verschiedene Branchen.\" \/>\n<meta property=\"og:url\" content=\"https:\/\/www.immensive.com\/de\/blog\/\" \/>\n<meta property=\"og:site_name\" content=\"Immensive\" \/>\n<meta property=\"article:publisher\" content=\"https:\/\/www.facebook.com\/Immensive\" \/>\n<meta property=\"article:modified_time\" content=\"2025-11-26T15:54:51+00:00\" \/>\n<meta property=\"og:image\" content=\"https:\/\/www.immensive.com\/wp-content\/uploads\/2020\/08\/Backstage-2.jpg\" \/>\n\t<meta property=\"og:image:width\" content=\"1440\" \/>\n\t<meta property=\"og:image:height\" content=\"1080\" \/>\n\t<meta property=\"og:image:type\" content=\"image\/jpeg\" \/>\n<meta name=\"twitter:card\" content=\"summary_large_image\" \/>\n<meta name=\"twitter:site\" content=\"@immensive_sa\" \/>\n<meta name=\"twitter:label1\" content=\"Gesch\u00e4tzte Lesezeit\" \/>\n\t<meta name=\"twitter:data1\" content=\"1\u00a0Minute\" \/>\n<script type=\"application\/ld+json\" class=\"yoast-schema-graph\">{\"@context\":\"https:\\\/\\\/schema.org\",\"@graph\":[{\"@type\":\"WebPage\",\"@id\":\"https:\\\/\\\/www.immensive.com\\\/de\\\/blog\\\/\",\"url\":\"https:\\\/\\\/www.immensive.com\\\/de\\\/blog\\\/\",\"name\":\"Blog - Immensive - Neueste Nachrichten und Einblicke zu VR und AR\",\"isPartOf\":{\"@id\":\"https:\\\/\\\/www.immensive.com\\\/de\\\/#website\"},\"primaryImageOfPage\":{\"@id\":\"https:\\\/\\\/www.immensive.com\\\/de\\\/blog\\\/#primaryimage\"},\"image\":{\"@id\":\"https:\\\/\\\/www.immensive.com\\\/de\\\/blog\\\/#primaryimage\"},\"thumbnailUrl\":\"https:\\\/\\\/www.immensive.com\\\/wp-content\\\/uploads\\\/2020\\\/08\\\/Backstage-2.jpg\",\"datePublished\":\"2020-02-05T12:01:54+00:00\",\"dateModified\":\"2025-11-26T15:54:51+00:00\",\"description\":\"Entdecken Sie den Immensive-Blog f\u00fcr die neuesten Nachrichten, Veranstaltungen und Einblicke zu VR, AR und interaktiven Technologiel\u00f6sungen f\u00fcr verschiedene Branchen.\",\"breadcrumb\":{\"@id\":\"https:\\\/\\\/www.immensive.com\\\/de\\\/blog\\\/#breadcrumb\"},\"inLanguage\":\"de\",\"potentialAction\":[{\"@type\":\"ReadAction\",\"target\":[\"https:\\\/\\\/www.immensive.com\\\/de\\\/blog\\\/\"]}]},{\"@type\":\"ImageObject\",\"inLanguage\":\"de\",\"@id\":\"https:\\\/\\\/www.immensive.com\\\/de\\\/blog\\\/#primaryimage\",\"url\":\"https:\\\/\\\/www.immensive.com\\\/wp-content\\\/uploads\\\/2020\\\/08\\\/Backstage-2.jpg\",\"contentUrl\":\"https:\\\/\\\/www.immensive.com\\\/wp-content\\\/uploads\\\/2020\\\/08\\\/Backstage-2.jpg\",\"width\":1440,\"height\":1080,\"caption\":\"Photoshoot Immensive Halloprod blog\"},{\"@type\":\"BreadcrumbList\",\"@id\":\"https:\\\/\\\/www.immensive.com\\\/de\\\/blog\\\/#breadcrumb\",\"itemListElement\":[{\"@type\":\"ListItem\",\"position\":1,\"name\":\"Home\",\"item\":\"https:\\\/\\\/www.immensive.com\\\/de\\\/\"},{\"@type\":\"ListItem\",\"position\":2,\"name\":\"Blog\"}]},{\"@type\":\"WebSite\",\"@id\":\"https:\\\/\\\/www.immensive.com\\\/de\\\/#website\",\"url\":\"https:\\\/\\\/www.immensive.com\\\/de\\\/\",\"name\":\"Immensive\",\"description\":\"Interactive Solutions and Corporate Metaverse\",\"publisher\":{\"@id\":\"https:\\\/\\\/www.immensive.com\\\/de\\\/#organization\"},\"potentialAction\":[{\"@type\":\"SearchAction\",\"target\":{\"@type\":\"EntryPoint\",\"urlTemplate\":\"https:\\\/\\\/www.immensive.com\\\/de\\\/?s={search_term_string}\"},\"query-input\":{\"@type\":\"PropertyValueSpecification\",\"valueRequired\":true,\"valueName\":\"search_term_string\"}}],\"inLanguage\":\"de\"},{\"@type\":\"Organization\",\"@id\":\"https:\\\/\\\/www.immensive.com\\\/de\\\/#organization\",\"name\":\"Immensive SA\",\"url\":\"https:\\\/\\\/www.immensive.com\\\/de\\\/\",\"logo\":{\"@type\":\"ImageObject\",\"inLanguage\":\"de\",\"@id\":\"https:\\\/\\\/www.immensive.com\\\/de\\\/#\\\/schema\\\/logo\\\/image\\\/\",\"url\":\"https:\\\/\\\/www.immensive.com\\\/wp-content\\\/uploads\\\/2024\\\/10\\\/Logo_Standard_Web-1.png\",\"contentUrl\":\"https:\\\/\\\/www.immensive.com\\\/wp-content\\\/uploads\\\/2024\\\/10\\\/Logo_Standard_Web-1.png\",\"width\":982,\"height\":296,\"caption\":\"Immensive SA\"},\"image\":{\"@id\":\"https:\\\/\\\/www.immensive.com\\\/de\\\/#\\\/schema\\\/logo\\\/image\\\/\"},\"sameAs\":[\"https:\\\/\\\/www.facebook.com\\\/Immensive\",\"https:\\\/\\\/x.com\\\/immensive_sa\",\"https:\\\/\\\/www.instagram.com\\\/immensive\\\/\",\"https:\\\/\\\/www.linkedin.com\\\/company\\\/immensive_sa\",\"https:\\\/\\\/www.youtube.com\\\/channel\\\/UCQh4ErJgBoTQ9p2b4F0QmZg\"]}]}<\/script>\n<!-- \/ Yoast SEO plugin. -->","yoast_head_json":{"title":"Blog - Immensive - Neueste Nachrichten und Einblicke zu VR und AR","description":"Entdecken Sie den Immensive-Blog f\u00fcr die neuesten Nachrichten, Veranstaltungen und Einblicke zu VR, AR und interaktiven Technologiel\u00f6sungen f\u00fcr verschiedene Branchen.","robots":{"index":"index","follow":"follow","max-snippet":"max-snippet:-1","max-image-preview":"max-image-preview:large","max-video-preview":"max-video-preview:-1"},"canonical":"https:\/\/www.immensive.com\/de\/blog\/","og_locale":"de_DE","og_type":"article","og_title":"Blog - Immensive - Neueste Nachrichten und Einblicke zu VR und AR","og_description":"Entdecken Sie den Immensive-Blog f\u00fcr die neuesten Nachrichten, Veranstaltungen und Einblicke zu VR, AR und interaktiven Technologiel\u00f6sungen f\u00fcr verschiedene Branchen.","og_url":"https:\/\/www.immensive.com\/de\/blog\/","og_site_name":"Immensive","article_publisher":"https:\/\/www.facebook.com\/Immensive","article_modified_time":"2025-11-26T15:54:51+00:00","og_image":[{"width":1440,"height":1080,"url":"https:\/\/www.immensive.com\/wp-content\/uploads\/2020\/08\/Backstage-2.jpg","type":"image\/jpeg"}],"twitter_card":"summary_large_image","twitter_site":"@immensive_sa","twitter_misc":{"Gesch\u00e4tzte Lesezeit":"1\u00a0Minute"},"schema":{"@context":"https:\/\/schema.org","@graph":[{"@type":"WebPage","@id":"https:\/\/www.immensive.com\/de\/blog\/","url":"https:\/\/www.immensive.com\/de\/blog\/","name":"Blog - Immensive - Neueste Nachrichten und Einblicke zu VR und AR","isPartOf":{"@id":"https:\/\/www.immensive.com\/de\/#website"},"primaryImageOfPage":{"@id":"https:\/\/www.immensive.com\/de\/blog\/#primaryimage"},"image":{"@id":"https:\/\/www.immensive.com\/de\/blog\/#primaryimage"},"thumbnailUrl":"https:\/\/www.immensive.com\/wp-content\/uploads\/2020\/08\/Backstage-2.jpg","datePublished":"2020-02-05T12:01:54+00:00","dateModified":"2025-11-26T15:54:51+00:00","description":"Entdecken Sie den Immensive-Blog f\u00fcr die neuesten Nachrichten, Veranstaltungen und Einblicke zu VR, AR und interaktiven Technologiel\u00f6sungen f\u00fcr verschiedene Branchen.","breadcrumb":{"@id":"https:\/\/www.immensive.com\/de\/blog\/#breadcrumb"},"inLanguage":"de","potentialAction":[{"@type":"ReadAction","target":["https:\/\/www.immensive.com\/de\/blog\/"]}]},{"@type":"ImageObject","inLanguage":"de","@id":"https:\/\/www.immensive.com\/de\/blog\/#primaryimage","url":"https:\/\/www.immensive.com\/wp-content\/uploads\/2020\/08\/Backstage-2.jpg","contentUrl":"https:\/\/www.immensive.com\/wp-content\/uploads\/2020\/08\/Backstage-2.jpg","width":1440,"height":1080,"caption":"Photoshoot Immensive Halloprod blog"},{"@type":"BreadcrumbList","@id":"https:\/\/www.immensive.com\/de\/blog\/#breadcrumb","itemListElement":[{"@type":"ListItem","position":1,"name":"Home","item":"https:\/\/www.immensive.com\/de\/"},{"@type":"ListItem","position":2,"name":"Blog"}]},{"@type":"WebSite","@id":"https:\/\/www.immensive.com\/de\/#website","url":"https:\/\/www.immensive.com\/de\/","name":"Immensive","description":"Interactive Solutions and Corporate Metaverse","publisher":{"@id":"https:\/\/www.immensive.com\/de\/#organization"},"potentialAction":[{"@type":"SearchAction","target":{"@type":"EntryPoint","urlTemplate":"https:\/\/www.immensive.com\/de\/?s={search_term_string}"},"query-input":{"@type":"PropertyValueSpecification","valueRequired":true,"valueName":"search_term_string"}}],"inLanguage":"de"},{"@type":"Organization","@id":"https:\/\/www.immensive.com\/de\/#organization","name":"Immensive SA","url":"https:\/\/www.immensive.com\/de\/","logo":{"@type":"ImageObject","inLanguage":"de","@id":"https:\/\/www.immensive.com\/de\/#\/schema\/logo\/image\/","url":"https:\/\/www.immensive.com\/wp-content\/uploads\/2024\/10\/Logo_Standard_Web-1.png","contentUrl":"https:\/\/www.immensive.com\/wp-content\/uploads\/2024\/10\/Logo_Standard_Web-1.png","width":982,"height":296,"caption":"Immensive SA"},"image":{"@id":"https:\/\/www.immensive.com\/de\/#\/schema\/logo\/image\/"},"sameAs":["https:\/\/www.facebook.com\/Immensive","https:\/\/x.com\/immensive_sa","https:\/\/www.instagram.com\/immensive\/","https:\/\/www.linkedin.com\/company\/immensive_sa","https:\/\/www.youtube.com\/channel\/UCQh4ErJgBoTQ9p2b4F0QmZg"]}]}},"_links":{"self":[{"href":"https:\/\/www.immensive.com\/de\/wp-json\/wp\/v2\/pages\/75410","targetHints":{"allow":["GET"]}}],"collection":[{"href":"https:\/\/www.immensive.com\/de\/wp-json\/wp\/v2\/pages"}],"about":[{"href":"https:\/\/www.immensive.com\/de\/wp-json\/wp\/v2\/types\/page"}],"author":[{"embeddable":true,"href":"https:\/\/www.immensive.com\/de\/wp-json\/wp\/v2\/users\/7"}],"replies":[{"embeddable":true,"href":"https:\/\/www.immensive.com\/de\/wp-json\/wp\/v2\/comments?post=75410"}],"version-history":[{"count":12,"href":"https:\/\/www.immensive.com\/de\/wp-json\/wp\/v2\/pages\/75410\/revisions"}],"predecessor-version":[{"id":148292,"href":"https:\/\/www.immensive.com\/de\/wp-json\/wp\/v2\/pages\/75410\/revisions\/148292"}],"wp:featuredmedia":[{"embeddable":true,"href":"https:\/\/www.immensive.com\/de\/wp-json\/wp\/v2\/media\/71969"}],"wp:attachment":[{"href":"https:\/\/www.immensive.com\/de\/wp-json\/wp\/v2\/media?parent=75410"}],"curies":[{"name":"wp","href":"https:\/\/api.w.org\/{rel}","templated":true}]}}